{"id":18066,"date":"2024-07-15T17:57:40","date_gmt":"2024-07-15T21:57:40","guid":{"rendered":"https:\/\/lamphallen.se\/sv_se\/product\/g4-6400k-3w-silicon-220-240v-led-kapsul-micro-3\/"},"modified":"2026-02-02T17:56:47","modified_gmt":"2026-02-02T16:56:47","slug":"g4-6400k-3w-silicon-220-240v-led-kapsul-micro-3","status":"publish","type":"product","link":"https:\/\/lamphallen.se\/en\/product\/g4-6400k-3w-silicon-220-240v-led-kapsul-micro-3\/","title":{"rendered":"G4 6400K 3W SILICON 2220-240V LED CAPSULE MICRO-3"},"content":{"rendered":"<p>HL456L<\/p>\n<p>LED Type: SMD LED<br \/>\nAverage Life: 20.000 Hrs.<br \/>\nPower: 3W<br \/>\nEquivalent: 24W<br \/>\nLuminous Flux: 150 lm<br \/>\nSocket: G4<br \/>\nColor: Silicon<br \/>\nLight Temperature:\u00a06400K<br \/>\nLight Color: White<br \/>\nDimmable: No<br \/>\nEnergy Class: A+<br \/>\nColour Render Index:&gt; Ra70<br \/>\nVoltage: 220-240V<br \/>\nMaterial: Silicon<\/p>\n<p><strong>Technical Documents:<\/strong><\/p>\n<p><a href=\"https:\/\/lamphallen.se\/en\/images\/datasheets\/MICRO-3%20001-010-0003.pdf\/\">MICRO-3 DATASHEET<\/a><\/p>","protected":false},"excerpt":{"rendered":"<p>HL456L LED Typ:&nbsp;SMD LED medellivsl\u00e4ngd: 20.000 tim. Effekt: 3W Motsvarar: 24W Lumen: 150&nbsp;lm Sockel: G4 F\u00e4rg: Kisel Ljustemperatur:&nbsp;6400K Ljus F\u00e4rg: Dagsljus Dimbar: Nej Energiklass: A+ Ra: &gt;Ra70 Sp\u00e4nning: 220-240V Material:&nbsp;Kisel Tekniska Dokument: MICRO-3 DATASHEET<\/p>","protected":false},"featured_media":18067,"comment_status":"open","ping_status":"closed","template":"","meta":{"content-type":"","_joinchat":[]},"product_brand":[],"product_cat":[42],"product_tag":[],"berocket_brand":[35],"class_list":{"0":"post-18066","1":"product","2":"type-product","3":"status-publish","4":"has-post-thumbnail","6":"product_cat-led-kapsules","7":"berocket_brand-horoz-elektrik","9":"first","10":"instock","11":"sale","12":"taxable","13":"shipping-taxable","14":"purchasable","15":"product-type-simple"},"_links":{"self":[{"href":"https:\/\/lamphallen.se\/en\/wp-json\/wp\/v2\/product\/18066","targetHints":{"allow":["GET"]}}],"collection":[{"href":"https:\/\/lamphallen.se\/en\/wp-json\/wp\/v2\/product"}],"about":[{"href":"https:\/\/lamphallen.se\/en\/wp-json\/wp\/v2\/types\/product"}],"replies":[{"embeddable":true,"href":"https:\/\/lamphallen.se\/en\/wp-json\/wp\/v2\/comments?post=18066"}],"wp:featuredmedia":[{"embeddable":true,"href":"https:\/\/lamphallen.se\/en\/wp-json\/wp\/v2\/media\/18067"}],"wp:attachment":[{"href":"https:\/\/lamphallen.se\/en\/wp-json\/wp\/v2\/media?parent=18066"}],"wp:term":[{"taxonomy":"product_brand","embeddable":true,"href":"https:\/\/lamphallen.se\/en\/wp-json\/wp\/v2\/product_brand?post=18066"},{"taxonomy":"product_cat","embeddable":true,"href":"https:\/\/lamphallen.se\/en\/wp-json\/wp\/v2\/product_cat?post=18066"},{"taxonomy":"product_tag","embeddable":true,"href":"https:\/\/lamphallen.se\/en\/wp-json\/wp\/v2\/product_tag?post=18066"},{"taxonomy":"berocket_brand","embeddable":true,"href":"https:\/\/lamphallen.se\/en\/wp-json\/wp\/v2\/berocket_brand?post=18066"}],"curies":[{"name":"wp","href":"https:\/\/api.w.org\/{rel}","templated":true}]}}