{"id":18118,"date":"2024-07-15T17:57:43","date_gmt":"2024-07-15T21:57:43","guid":{"rendered":"https:\/\/lamphallen.se\/sv_se\/product\/vaggspotlight-av-rostfritt-stal-och-klart-glas-manolya-1\/"},"modified":"2024-07-23T09:26:48","modified_gmt":"2024-07-23T13:26:48","slug":"vaggspotlight-av-rostfritt-stal-och-klart-glas-manolya-1","status":"publish","type":"product","link":"https:\/\/lamphallen.se\/en\/product\/vaggspotlight-av-rostfritt-stal-och-klart-glas-manolya-1\/","title":{"rendered":"Wall spotlight stainless steel with 35W Halogen LAMP MANOLYA-1"},"content":{"rendered":"<p>HL265<\/p>\n<p>Wall spotlight of stainless steel and clear glass with 35W Halogen light source.<\/p>\n<p>Lamp Type: Wall Spotlight Single.<br \/>\nPower: Max 35W<br \/>\nDimmable: No<br \/>\nLamp Holder: GU10<br \/>\nEnergy Class: E to A++<br \/>\nColour Render Index:&gt; Ra80<br \/>\nVoltage: 220-240V<br \/>\nMaterial: Stainless Steel Body + Glass<br \/>\nProtection Class: IP44<\/p>\n<p><strong>Technical Documents:<\/strong><\/p>\n<p><a href=\"https:\/\/lamphallen.se\/en\/images\/datasheets\/075-008-0001%20MANOLYA-1.pdf\/\">MANOLYA-1 DATASHEET<\/a><\/p>","protected":false},"excerpt":{"rendered":"<p>HL265 V\u00e4ggspotlight av rostfritt st\u00e5l och klart glas med&nbsp;35W Halogen&nbsp;Ljusk\u00e4lla. Lamp&nbsp;Typ:&nbsp;V\u00e4ggspotlight&nbsp;Enkel. Effekt: Max 35W Dimbar: Nej Lamp Sokel: GU10 Energiklass: E&nbsp;till&nbsp;A++ Ra: &gt;Ra80 Sp\u00e4nning: 220-240V Material: Stainless Steel Body + Glass skyddsklass: IP44 Tekniska Dokument: MANOLYA-1 DATASHEET<\/p>","protected":false},"featured_media":18119,"comment_status":"open","ping_status":"closed","template":"","meta":{"content-type":"","_joinchat":[]},"product_brand":[],"product_cat":[71],"product_tag":[],"berocket_brand":[35],"class_list":{"0":"post-18118","1":"product","2":"type-product","3":"status-publish","4":"has-post-thumbnail","6":"product_cat-tradgardslampor","7":"berocket_brand-horoz-elektrik","9":"first","10":"instock","11":"sale","12":"taxable","13":"shipping-taxable","14":"purchasable","15":"product-type-simple"},"_links":{"self":[{"href":"https:\/\/lamphallen.se\/en\/wp-json\/wp\/v2\/product\/18118","targetHints":{"allow":["GET"]}}],"collection":[{"href":"https:\/\/lamphallen.se\/en\/wp-json\/wp\/v2\/product"}],"about":[{"href":"https:\/\/lamphallen.se\/en\/wp-json\/wp\/v2\/types\/product"}],"replies":[{"embeddable":true,"href":"https:\/\/lamphallen.se\/en\/wp-json\/wp\/v2\/comments?post=18118"}],"wp:featuredmedia":[{"embeddable":true,"href":"https:\/\/lamphallen.se\/en\/wp-json\/wp\/v2\/media\/18119"}],"wp:attachment":[{"href":"https:\/\/lamphallen.se\/en\/wp-json\/wp\/v2\/media?parent=18118"}],"wp:term":[{"taxonomy":"product_brand","embeddable":true,"href":"https:\/\/lamphallen.se\/en\/wp-json\/wp\/v2\/product_brand?post=18118"},{"taxonomy":"product_cat","embeddable":true,"href":"https:\/\/lamphallen.se\/en\/wp-json\/wp\/v2\/product_cat?post=18118"},{"taxonomy":"product_tag","embeddable":true,"href":"https:\/\/lamphallen.se\/en\/wp-json\/wp\/v2\/product_tag?post=18118"},{"taxonomy":"berocket_brand","embeddable":true,"href":"https:\/\/lamphallen.se\/en\/wp-json\/wp\/v2\/berocket_brand?post=18118"}],"curies":[{"name":"wp","href":"https:\/\/api.w.org\/{rel}","templated":true}]}}