{"id":18126,"date":"2024-07-15T17:57:44","date_gmt":"2024-07-15T21:57:44","guid":{"rendered":"https:\/\/lamphallen.se\/sv_se\/product\/lysror-armatur-vattentat-led-120cm-72w-ip65-6400k-okyanus-72\/"},"modified":"2025-04-11T17:23:12","modified_gmt":"2025-04-11T15:23:12","slug":"lysror-armatur-vattentat-led-120cm-72w-ip65-6400k-okyanus-72","status":"publish","type":"product","link":"https:\/\/lamphallen.se\/en\/product\/lysror-armatur-vattentat-led-120cm-72w-ip65-6400k-okyanus-72\/","title":{"rendered":"LYSR\u00d6R ARMATUR VATTENT\u00c4T LED 120CM 72W IP65 6400K OKYANUS-72"},"content":{"rendered":"<p>LED Typ:\u00a0SMD LED<br \/>\nDimensions: 120 cm.<br \/>\nAverage Life: 30.000 Hrs.<br \/>\nPower: 72W<br \/>\nEquivalent: 576W<br \/>\nLumen: 5760\u00a0lm<br \/>\nProtection Class: IP65 <strong>IP65<\/strong><br \/>\nColor: <strong>White<\/strong><br \/>\nLjustemperatur:\u00a06400K<br \/>\nLight Color: White<br \/>\nDimmable: No<br \/>\nEnergiklass: A\u00a0to A++<br \/>\nColour Render Index:&gt; Ra70<br \/>\nVoltage:170-265V<br \/>\nMaterial: PC Cover<br \/>\nLength:1242 mm<\/p>\n<p><strong>Technical Documents:<\/strong><\/p>\n<p><a href=\"http:\/\/www.horozelektrik.com\/Data\/Document\/Product\/797\/059-005-0072.pdf\">OKYANUS-72\u00a0DATASHEET<\/a><\/p>\n<p><strong>Expected to ship within 5 working days if it's not in stock.<\/strong><\/p>","protected":false},"excerpt":{"rendered":"<p>LED Typ:\u00a0SMD LED Storlek: 120 cm. medellivsl\u00e4ngd: 30.000 tim. Effekt: 72W Motsvarar: 576W Lumen: 5760\u00a0lm skyddsklass: IP65 F\u00e4rg: DAGSLJUS Ljustemperatur:\u00a06400K Ljus F\u00e4rg: Dagsljus Dimbar: Nej Energiklass: A\u00a0to A++ Ra: &gt;Ra70 Sp\u00e4nning: 170-265V Material: PC Cover L\u00e4ngd:1242 mm Tekniska Dokument: OKYANUS-72\u00a0DATASHEET F\u00f6rv\u00e4ntas att skickas om 5 arbetsdagars om den \u00e4r inte tillg\u00e4nglig i lager.<\/p>","protected":false},"featured_media":18127,"comment_status":"open","ping_status":"closed","template":"","meta":{"content-type":"","_joinchat":[]},"product_brand":[],"product_cat":[72],"product_tag":[],"berocket_brand":[35],"class_list":{"0":"post-18126","1":"product","2":"type-product","3":"status-publish","4":"has-post-thumbnail","6":"product_cat-vattentat-lampor","7":"berocket_brand-horoz-elektrik","9":"first","10":"instock","11":"sale","12":"taxable","13":"shipping-taxable","14":"purchasable","15":"product-type-simple"},"_links":{"self":[{"href":"https:\/\/lamphallen.se\/en\/wp-json\/wp\/v2\/product\/18126","targetHints":{"allow":["GET"]}}],"collection":[{"href":"https:\/\/lamphallen.se\/en\/wp-json\/wp\/v2\/product"}],"about":[{"href":"https:\/\/lamphallen.se\/en\/wp-json\/wp\/v2\/types\/product"}],"replies":[{"embeddable":true,"href":"https:\/\/lamphallen.se\/en\/wp-json\/wp\/v2\/comments?post=18126"}],"wp:featuredmedia":[{"embeddable":true,"href":"https:\/\/lamphallen.se\/en\/wp-json\/wp\/v2\/media\/18127"}],"wp:attachment":[{"href":"https:\/\/lamphallen.se\/en\/wp-json\/wp\/v2\/media?parent=18126"}],"wp:term":[{"taxonomy":"product_brand","embeddable":true,"href":"https:\/\/lamphallen.se\/en\/wp-json\/wp\/v2\/product_brand?post=18126"},{"taxonomy":"product_cat","embeddable":true,"href":"https:\/\/lamphallen.se\/en\/wp-json\/wp\/v2\/product_cat?post=18126"},{"taxonomy":"product_tag","embeddable":true,"href":"https:\/\/lamphallen.se\/en\/wp-json\/wp\/v2\/product_tag?post=18126"},{"taxonomy":"berocket_brand","embeddable":true,"href":"https:\/\/lamphallen.se\/en\/wp-json\/wp\/v2\/berocket_brand?post=18126"}],"curies":[{"name":"wp","href":"https:\/\/api.w.org\/{rel}","templated":true}]}}