{"id":18227,"date":"2024-07-15T17:57:49","date_gmt":"2024-07-15T21:57:49","guid":{"rendered":"https:\/\/lamphallen.se\/sv_se\/product\/led-downlight-6000k-caroline-28\/"},"modified":"2024-11-17T18:13:56","modified_gmt":"2024-11-17T17:13:56","slug":"led-downlight-6000k-caroline-28","status":"publish","type":"product","link":"https:\/\/lamphallen.se\/en\/product\/led-downlight-6000k-caroline-28\/","title":{"rendered":"LED DOWNLIGHT 6000K CAROLINE-28"},"content":{"rendered":"<p>LED Type: SMD LED<br \/>\nAverage Life: 30.000 Hrs.<br \/>\nPower: 28W<br \/>\nEquivalent: 224W<br \/>\nLuminous Flux: 1960 lm<br \/>\nLight Temperature: 6000K<br \/>\nLight Color: White<br \/>\nDimmable: No<br \/>\nEnergy Class:&nbsp;A to&nbsp;A++<br \/>\nColour Render Index:&gt; Ra80<br \/>\nVoltage: 220-240V<br \/>\nMaterial: Aluminium DIE CASTING BODY<\/p>\n<p><strong>Technical Documents:<\/strong><\/p>\n<p><a href=\"http:\/\/www.lamphallen.se\/images\/datasheets\/CAROLINE-28.pdf\">CAROLINE-28&nbsp;DATASHEET<\/a><\/p>","protected":false},"excerpt":{"rendered":"<p>LED Typ:&nbsp;SMD LED medellivsl\u00e4ngd: 30.000 tim. Effekt: 28W Motsvarar: 224W Lumen: 1960 lm Ljustemperatur:&nbsp;6000K Ljus F\u00e4rg: Dagsljus Dimbar: Nej Energiklass: A till&nbsp;A++ Ra: &gt;Ra80 Sp\u00e4nning: 220-240V Material: Aluminium Die Casting Body Tekniska Dokument: CAROLINE-28&nbsp;DATASHEET<\/p>","protected":false},"featured_media":18229,"comment_status":"closed","ping_status":"closed","template":"","meta":{"content-type":"","_joinchat":[]},"product_brand":[],"product_cat":[46],"product_tag":[],"berocket_brand":[35],"class_list":{"0":"post-18227","1":"product","2":"type-product","3":"status-publish","4":"has-post-thumbnail","6":"product_cat-led-downlights","7":"berocket_brand-horoz-elektrik","9":"first","10":"onbackorder","11":"sale","12":"taxable","13":"shipping-taxable","14":"purchasable","15":"product-type-variable","16":"has-default-attributes"},"_links":{"self":[{"href":"https:\/\/lamphallen.se\/en\/wp-json\/wp\/v2\/product\/18227","targetHints":{"allow":["GET"]}}],"collection":[{"href":"https:\/\/lamphallen.se\/en\/wp-json\/wp\/v2\/product"}],"about":[{"href":"https:\/\/lamphallen.se\/en\/wp-json\/wp\/v2\/types\/product"}],"replies":[{"embeddable":true,"href":"https:\/\/lamphallen.se\/en\/wp-json\/wp\/v2\/comments?post=18227"}],"wp:featuredmedia":[{"embeddable":true,"href":"https:\/\/lamphallen.se\/en\/wp-json\/wp\/v2\/media\/18229"}],"wp:attachment":[{"href":"https:\/\/lamphallen.se\/en\/wp-json\/wp\/v2\/media?parent=18227"}],"wp:term":[{"taxonomy":"product_brand","embeddable":true,"href":"https:\/\/lamphallen.se\/en\/wp-json\/wp\/v2\/product_brand?post=18227"},{"taxonomy":"product_cat","embeddable":true,"href":"https:\/\/lamphallen.se\/en\/wp-json\/wp\/v2\/product_cat?post=18227"},{"taxonomy":"product_tag","embeddable":true,"href":"https:\/\/lamphallen.se\/en\/wp-json\/wp\/v2\/product_tag?post=18227"},{"taxonomy":"berocket_brand","embeddable":true,"href":"https:\/\/lamphallen.se\/en\/wp-json\/wp\/v2\/berocket_brand?post=18227"}],"curies":[{"name":"wp","href":"https:\/\/api.w.org\/{rel}","templated":true}]}}