{"id":18351,"date":"2024-07-15T17:59:13","date_gmt":"2024-07-15T21:59:13","guid":{"rendered":"https:\/\/lamphallen.se\/sv_se\/product\/led-bild-spegel-lamp-3w-4000k-florya-3\/"},"modified":"2024-07-23T09:22:47","modified_gmt":"2024-07-23T13:22:47","slug":"led-bild-spegel-lamp-3w-4000k-florya-3","status":"publish","type":"product","link":"https:\/\/lamphallen.se\/en\/product\/led-bild-spegel-lamp-3w-4000k-florya-3\/","title":{"rendered":"LED PICTURE &amp; MIRROR LAMP 3W 4000K  FLORYA-3"},"content":{"rendered":"<p>LED Type: COB LED<br \/>\nAverage Life: 30.000 Hrs.<br \/>\nColor: CHROME<br \/>\nPower: 3W<br \/>\nEquivalent: 24W<br \/>\nLuminous Flux: 214 lm<br \/>\nLight temperature: 4000K<br \/>\nLight Color: Cool White<br \/>\nDimmable: No<br \/>\nEnergy Class:&nbsp;A to&nbsp;A++<br \/>\nColour Render Index:&gt; Ra70<br \/>\nVoltage: 100-265V<br \/>\nMaterial: Chrome Covering<\/p>\n<p><strong>Technical Documents:<\/strong><\/p>\n<p><a href=\"https:\/\/lamphallen.se\/en\/images\/datasheets\/FLORYA-3%20040-009-0003.pdf\/\">FLORYA-3&nbsp;DATASHEET<\/a><\/p>","protected":false},"excerpt":{"rendered":"<p>LED Typ:&nbsp;COB LED medellivsl\u00e4ngd: 30.000 tim. F\u00e4rg: krom Effekt: 3W Motsvarar: 24W Lumen: 214&nbsp;lm Ljustemperatur:&nbsp;4000K Ljus F\u00e4rg: Kalvit Dimbar: Nej Energiklass: A till&nbsp;A++ Ra: &gt;Ra70 Sp\u00e4nning: 100-265V Material: krombel\u00e4ggning Tekniska Dokument: FLORYA-3&nbsp;DATASHEET<\/p>","protected":false},"featured_media":18352,"comment_status":"open","ping_status":"closed","template":"","meta":{"content-type":"","_joinchat":[]},"product_brand":[],"product_cat":[56],"product_tag":[],"berocket_brand":[35],"class_list":{"0":"post-18351","1":"product","2":"type-product","3":"status-publish","4":"has-post-thumbnail","6":"product_cat-bild-spegel-lampor","7":"berocket_brand-horoz-elektrik","9":"first","10":"instock","11":"sale","12":"taxable","13":"shipping-taxable","14":"purchasable","15":"product-type-simple"},"_links":{"self":[{"href":"https:\/\/lamphallen.se\/en\/wp-json\/wp\/v2\/product\/18351","targetHints":{"allow":["GET"]}}],"collection":[{"href":"https:\/\/lamphallen.se\/en\/wp-json\/wp\/v2\/product"}],"about":[{"href":"https:\/\/lamphallen.se\/en\/wp-json\/wp\/v2\/types\/product"}],"replies":[{"embeddable":true,"href":"https:\/\/lamphallen.se\/en\/wp-json\/wp\/v2\/comments?post=18351"}],"wp:featuredmedia":[{"embeddable":true,"href":"https:\/\/lamphallen.se\/en\/wp-json\/wp\/v2\/media\/18352"}],"wp:attachment":[{"href":"https:\/\/lamphallen.se\/en\/wp-json\/wp\/v2\/media?parent=18351"}],"wp:term":[{"taxonomy":"product_brand","embeddable":true,"href":"https:\/\/lamphallen.se\/en\/wp-json\/wp\/v2\/product_brand?post=18351"},{"taxonomy":"product_cat","embeddable":true,"href":"https:\/\/lamphallen.se\/en\/wp-json\/wp\/v2\/product_cat?post=18351"},{"taxonomy":"product_tag","embeddable":true,"href":"https:\/\/lamphallen.se\/en\/wp-json\/wp\/v2\/product_tag?post=18351"},{"taxonomy":"berocket_brand","embeddable":true,"href":"https:\/\/lamphallen.se\/en\/wp-json\/wp\/v2\/berocket_brand?post=18351"}],"curies":[{"name":"wp","href":"https:\/\/api.w.org\/{rel}","templated":true}]}}