{"id":18365,"date":"2024-07-15T17:59:14","date_gmt":"2024-07-15T21:59:14","guid":{"rendered":"https:\/\/lamphallen.se\/sv_se\/product\/led-solcell-stralkastare-16w-med-pir-snsor-6400k-ip54-spider-16\/"},"modified":"2024-07-23T09:22:03","modified_gmt":"2024-07-23T13:22:03","slug":"led-solcell-stralkastare-16w-med-pir-snsor-6400k-ip54-spider-16","status":"publish","type":"product","link":"https:\/\/lamphallen.se\/en\/product\/led-solcell-stralkastare-16w-med-pir-snsor-6400k-ip54-spider-16\/","title":{"rendered":"LED SOLAR FLOODLIGHT 16W WITH PIR SENSOR 6400K IP54 SPIDER-16"},"content":{"rendered":"<p><strong>Features:<\/strong><\/p>\n<ul>\n<li>Solar Powered Floodlight - Zero electricity cost.<\/li>\n<li>Designed with <strong>PIR <\/strong>sensor and on\/off button.<\/li>\n<li>Very easy to install(cordless)<\/li>\n<li>Perfectly built for outdoor with Ingress protection of IP54<\/li>\n<li>Applications: Suitable for Pathways, Garden, Patio and similar outdoor environment<\/li>\n<\/ul>\n<p><strong>Technical Information:<\/strong><\/p>\n<ul>\n<li>LED Type: SMD LED<\/li>\n<li>Average Life: 25.000 Hrs.<\/li>\n<li>Power: <strong>16W<\/strong><\/li>\n<li>Voltage (V): 3.7V 2.6Ah lithium iron phosphate battery<\/li>\n<li>Solar panel: Polysilicon, 5V\/1W<\/li>\n<li>Luminous Flux: <strong>1600&nbsp;lm<\/strong><\/li>\n<li>Light Temperature:\u00a06400K<\/li>\n<li>Light Color: White<\/li>\n<li>Dimmable: No<\/li>\n<li>Protection class&nbsp;<strong>IP54<\/strong><\/li>\n<li>Energy Class:&nbsp;A to&nbsp;A++<\/li>\n<li>Colour Render Index:&gt; Ra80<\/li>\n<li>Warm-up time up to 60% of full light output: Instant full light<\/li>\n<li>Material: ABS<\/li>\n<li><strong>Charging time:<\/strong>4-6 hours (Cloudy 1 day, rainy 2 days<\/li>\n<li>Duration Time: <strong>12-15 timmar<\/strong><\/li>\n<li>Charging and discharging: &gt;1500 times<\/li>\n<li>Installation height (m): 2-3 meters<\/li>\n<li>Dimensions: 16.5x14.7x3.4 CM<\/li>\n<li>Weight:<\/li>\n<li>Box Qty: 24<\/li>\n<li><strong>Shipping for this product is 4-6 business days direct from supplier<\/strong><\/li>\n<\/ul>\n<p><strong>Technical Documents:<\/strong><\/p>\n<p><a href=\"http:\/\/lamphallen.se\/en\/images\/spider-16%20068-021-0016..pdf\/\">SPIDER-16<\/a><a href=\"http:\/\/lamphallen.se\/en\/images\/solcell str\u00e5lkastare IP65 068-012-0025..pdf\/\">&nbsp;DATASHEET<\/a><\/p>","protected":false},"excerpt":{"rendered":"<p>Funktioner: Soldriven str\u00e5lkastare &#8211; noll elkostnad. Designad med PIR sensor och&nbsp;p\u00e5\/av-knapp. Mycket l\u00e4tt att installera (sladdl\u00f6s) Perfekt byggd f\u00f6r utomhusbruk med intr\u00e4ngningsskydd p\u00e5 IP54 Anv\u00e4ndning: L\u00e4mplig f\u00f6r stigar, tr\u00e4dg\u00e5rdar, uteplatser och liknande utomhusmilj\u00f6er Tekniska&nbsp;Information: LED Typ:&nbsp;SMD LED Medellivsl\u00e4ngd: 25.000 tim. Effekt: 16W Sp\u00e4nning (V): 3.7V 2.6Ah Lithium Iron Phosphate Batteri Sol&nbsp;Panel: Polykisel, 5V\/1W Lumen: 1600&nbsp;lm Ljustemperatur:&nbsp;6400K Ljus F\u00e4rg: Dagsljus Dimbar: [&hellip;]<\/p>\n","protected":false},"featured_media":18366,"comment_status":"open","ping_status":"closed","template":"","meta":{"content-type":"","_joinchat":[]},"product_brand":[],"product_cat":[70],"product_tag":[],"berocket_brand":[35],"class_list":{"0":"post-18365","1":"product","2":"type-product","3":"status-publish","4":"has-post-thumbnail","6":"product_cat-solarlampor","7":"berocket_brand-horoz-elektrik","9":"first","10":"onbackorder","11":"sale","12":"taxable","13":"shipping-taxable","14":"purchasable","15":"product-type-simple"},"_links":{"self":[{"href":"https:\/\/lamphallen.se\/en\/wp-json\/wp\/v2\/product\/18365","targetHints":{"allow":["GET"]}}],"collection":[{"href":"https:\/\/lamphallen.se\/en\/wp-json\/wp\/v2\/product"}],"about":[{"href":"https:\/\/lamphallen.se\/en\/wp-json\/wp\/v2\/types\/product"}],"replies":[{"embeddable":true,"href":"https:\/\/lamphallen.se\/en\/wp-json\/wp\/v2\/comments?post=18365"}],"wp:featuredmedia":[{"embeddable":true,"href":"https:\/\/lamphallen.se\/en\/wp-json\/wp\/v2\/media\/18366"}],"wp:attachment":[{"href":"https:\/\/lamphallen.se\/en\/wp-json\/wp\/v2\/media?parent=18365"}],"wp:term":[{"taxonomy":"product_brand","embeddable":true,"href":"https:\/\/lamphallen.se\/en\/wp-json\/wp\/v2\/product_brand?post=18365"},{"taxonomy":"product_cat","embeddable":true,"href":"https:\/\/lamphallen.se\/en\/wp-json\/wp\/v2\/product_cat?post=18365"},{"taxonomy":"product_tag","embeddable":true,"href":"https:\/\/lamphallen.se\/en\/wp-json\/wp\/v2\/product_tag?post=18365"},{"taxonomy":"berocket_brand","embeddable":true,"href":"https:\/\/lamphallen.se\/en\/wp-json\/wp\/v2\/berocket_brand?post=18365"}],"curies":[{"name":"wp","href":"https:\/\/api.w.org\/{rel}","templated":true}]}}