{"id":18413,"date":"2024-07-15T17:59:18","date_gmt":"2024-07-15T21:59:18","guid":{"rendered":"https:\/\/lamphallen.se\/sv_se\/product\/dygnstimer-timer-1\/"},"modified":"2024-07-23T06:11:40","modified_gmt":"2024-07-23T10:11:40","slug":"dygnstimer-timer-1","status":"publish","type":"product","link":"https:\/\/lamphallen.se\/en\/product\/dygnstimer-timer-1\/","title":{"rendered":"DAILY TIMER TIMER-1"},"content":{"rendered":"<p>24-hour timer for controlling e.g. indoor lighting. The timer can be adjusted in 30-minute intervals over all hours of the day. Switch for selection of timer\/continuous operation. Pet-protected outlet.<\/p>\n<p>Current: 16A<br \/>\nRated Load: 3500W<br \/>\nProtection Class: IP20<br \/>\nVoltage: 220-240V<br \/>\nMaterial: Plastic<\/p>\n<p>Technical Documents:<\/p>\n<p><a href=\"http:\/\/www.lamphallen.se\/images\/datasheets\/TIMER-1 108-001-0001.pdf\">TIMER-1 DATASHEET<\/a><\/p>","protected":false},"excerpt":{"rendered":"<p>Dygntimer f\u00f6r styrning av t.ex. inomhusbelysning. Timern g\u00e5r att justera i 30-minutersintervaller \u00f6ver alla dygnets timmar. Brytare f\u00f6r val av timer\/kontinuerlig drift. Petskyddat uttag. 16A Max belastning: 3500W. Ojordad. Skyddsklass: IP20 Sp\u00e4nning: 220-240V Material: Plast Tekniska Dokument: TIMER-1 DATASHEET<\/p>","protected":false},"featured_media":18414,"comment_status":"open","ping_status":"closed","template":"","meta":{"content-type":"","_joinchat":[]},"product_brand":[],"product_cat":[80],"product_tag":[],"berocket_brand":[35],"class_list":{"0":"post-18413","1":"product","2":"type-product","3":"status-publish","4":"has-post-thumbnail","6":"product_cat-smart-tillbehor","7":"berocket_brand-horoz-elektrik","9":"first","10":"onbackorder","11":"sale","12":"taxable","13":"shipping-taxable","14":"purchasable","15":"product-type-simple"},"_links":{"self":[{"href":"https:\/\/lamphallen.se\/en\/wp-json\/wp\/v2\/product\/18413","targetHints":{"allow":["GET"]}}],"collection":[{"href":"https:\/\/lamphallen.se\/en\/wp-json\/wp\/v2\/product"}],"about":[{"href":"https:\/\/lamphallen.se\/en\/wp-json\/wp\/v2\/types\/product"}],"replies":[{"embeddable":true,"href":"https:\/\/lamphallen.se\/en\/wp-json\/wp\/v2\/comments?post=18413"}],"wp:featuredmedia":[{"embeddable":true,"href":"https:\/\/lamphallen.se\/en\/wp-json\/wp\/v2\/media\/18414"}],"wp:attachment":[{"href":"https:\/\/lamphallen.se\/en\/wp-json\/wp\/v2\/media?parent=18413"}],"wp:term":[{"taxonomy":"product_brand","embeddable":true,"href":"https:\/\/lamphallen.se\/en\/wp-json\/wp\/v2\/product_brand?post=18413"},{"taxonomy":"product_cat","embeddable":true,"href":"https:\/\/lamphallen.se\/en\/wp-json\/wp\/v2\/product_cat?post=18413"},{"taxonomy":"product_tag","embeddable":true,"href":"https:\/\/lamphallen.se\/en\/wp-json\/wp\/v2\/product_tag?post=18413"},{"taxonomy":"berocket_brand","embeddable":true,"href":"https:\/\/lamphallen.se\/en\/wp-json\/wp\/v2\/berocket_brand?post=18413"}],"curies":[{"name":"wp","href":"https:\/\/api.w.org\/{rel}","templated":true}]}}