{"id":18419,"date":"2024-07-15T17:59:18","date_gmt":"2024-07-15T21:59:18","guid":{"rendered":"https:\/\/lamphallen.se\/sv_se\/product\/kronkontakt-sladdstall-med-lamppropp-lp1\/"},"modified":"2025-12-04T21:50:21","modified_gmt":"2025-12-04T20:50:21","slug":"kronkontakt-sladdstall-med-lamppropp-lp1","status":"publish","type":"product","link":"https:\/\/lamphallen.se\/en\/product\/kronkontakt-sladdstall-med-lamppropp-lp1\/","title":{"rendered":"Cordset SWEDISH LAMP HOLDER LP1"},"content":{"rendered":"<p>Unearthed <strong>cord <\/strong>with <strong>lamp plug <\/strong>and peeled end<\/p>\n<p><strong>Crown contact LP1 <\/strong>For ceiling lamp.<\/p>\n<p>F\u00e4rg:\u00a0Vit<\/p>\n<p>Sp\u00e4nning: 230\u00a0V<\/p>\n<p>Kabell\u00e4ngd: 12\u00a0cm<\/p>\n<p>Anv\u00e4ndningsomr\u00e5de:\u00a0Inomhusbruk<\/p>","protected":false},"excerpt":{"rendered":"<p>Ojordat sladdst\u00e4ll med lamppropp och skalad \u00e4nde. Kronkontakt LP1 Till taklampa. F\u00e4rg:\u00a0Vit Sp\u00e4nning: 230\u00a0V Kabell\u00e4ngd: 12\u00a0cm Anv\u00e4ndningsomr\u00e5de:\u00a0Inomhusbruk<\/p>","protected":false},"featured_media":18420,"comment_status":"open","ping_status":"closed","template":"","meta":{"content-type":"","_joinchat":[]},"product_brand":[],"product_cat":[81],"product_tag":[],"berocket_brand":[37],"class_list":{"0":"post-18419","1":"product","2":"type-product","3":"status-publish","4":"has-post-thumbnail","6":"product_cat-tillbehor","7":"berocket_brand-lumiere","9":"first","10":"instock","11":"sale","12":"taxable","13":"shipping-taxable","14":"purchasable","15":"product-type-simple"},"_links":{"self":[{"href":"https:\/\/lamphallen.se\/en\/wp-json\/wp\/v2\/product\/18419","targetHints":{"allow":["GET"]}}],"collection":[{"href":"https:\/\/lamphallen.se\/en\/wp-json\/wp\/v2\/product"}],"about":[{"href":"https:\/\/lamphallen.se\/en\/wp-json\/wp\/v2\/types\/product"}],"replies":[{"embeddable":true,"href":"https:\/\/lamphallen.se\/en\/wp-json\/wp\/v2\/comments?post=18419"}],"wp:featuredmedia":[{"embeddable":true,"href":"https:\/\/lamphallen.se\/en\/wp-json\/wp\/v2\/media\/18420"}],"wp:attachment":[{"href":"https:\/\/lamphallen.se\/en\/wp-json\/wp\/v2\/media?parent=18419"}],"wp:term":[{"taxonomy":"product_brand","embeddable":true,"href":"https:\/\/lamphallen.se\/en\/wp-json\/wp\/v2\/product_brand?post=18419"},{"taxonomy":"product_cat","embeddable":true,"href":"https:\/\/lamphallen.se\/en\/wp-json\/wp\/v2\/product_cat?post=18419"},{"taxonomy":"product_tag","embeddable":true,"href":"https:\/\/lamphallen.se\/en\/wp-json\/wp\/v2\/product_tag?post=18419"},{"taxonomy":"berocket_brand","embeddable":true,"href":"https:\/\/lamphallen.se\/en\/wp-json\/wp\/v2\/berocket_brand?post=18419"}],"curies":[{"name":"wp","href":"https:\/\/api.w.org\/{rel}","templated":true}]}}