{"id":18510,"date":"2024-07-15T17:59:25","date_gmt":"2024-07-15T21:59:25","guid":{"rendered":"https:\/\/lamphallen.se\/sv_se\/product\/led-driver-3a-36w-ip20-vega-36\/"},"modified":"2025-12-31T12:33:42","modified_gmt":"2025-12-31T11:33:42","slug":"led-driver-3a-36w-ip20-vega-36","status":"publish","type":"product","link":"https:\/\/lamphallen.se\/en\/product\/led-driver-3a-36w-ip20-vega-36\/","title":{"rendered":"LED DRIVER 3A 36W IP20 VEGA-36"},"content":{"rendered":"<p><strong>HL545<\/strong><\/p>\n<p><strong>Features:<\/strong><\/p>\n<ul>\n<li>36W 3A Slim LED Transformator<\/li>\n<li>100% load test<\/li>\n<li>Full range of input voltage<\/li>\n<li>Output voltage accurate and stable<\/li>\n<li>Output over - voltage, over - current and short - circuit protection<\/li>\n<li>Output low ripple and noise<\/li>\n<\/ul>\n<p><strong>Product features<\/strong><\/p>\n<p>Output Power: 36W<br \/>\nOutput Current: 3A<br \/>\nOutput Voltage: 12V DC<br \/>\nInput Voltage: AC 220-240V 50Hz<br \/>\nMaterials: Aluminium<br \/>\nDetails: Slim Case<br \/>\nProtection Class: IP20<br \/>\nWarranty: 2 Years<\/p>\n<p><strong>Applications:<\/strong><\/p>\n<ul>\n<li>Indoor Lighting<\/li>\n<li>For 5m 35x28 SMD LED Strip or 1,5m 50x50 SMD LED Strip<\/li>\n<\/ul>\n<p><strong>Technical Documents:<\/strong><\/p>\n<p><a href=\"https:\/\/lamphallen.se\/en\/images\/datasheets\/vega-36%20%20082-001-0036.pdf\/\">VEGA-36&nbsp;DATASHEET<\/a><\/p>","protected":false},"excerpt":{"rendered":"<p>HL545 Funktioner: 36W 3A Slim LED Transformator 100% belastningstest. Fullt utbud av ing\u00e5ngssp\u00e4nning Utg\u00e5ngssp\u00e4nning korrekt och stabil Utg\u00e5ng \u00f6versp\u00e4nning, \u00f6verstr\u00f6m och kortslutningsskydd Utmatning l\u00e5g rippel och brus Produkt funktioner: Utg\u00e5ngseffekt: 36W Utg\u00e5ngsstr\u00f6m: 3A Utg\u00e5ngssp\u00e4nning: 12V DC Ing\u00e5ngssp\u00e4nning: AC 220-240V 50Hz Material: Aluminium Detaljer: Slim Case Skyddsklass: IP20 Garanti: 2 \u00c5rs Anv\u00e4ndningsomr\u00e5den: Inomhusbelysning F\u00f6r 5m 35&#215;28 SMD LED Strip eller 1,5m [&hellip;]<\/p>\n","protected":false},"featured_media":18511,"comment_status":"open","ping_status":"closed","template":"","meta":{"content-type":"","_joinchat":[]},"product_brand":[],"product_cat":[81],"product_tag":[],"berocket_brand":[35],"class_list":{"0":"post-18510","1":"product","2":"type-product","3":"status-publish","4":"has-post-thumbnail","6":"product_cat-tillbehor","7":"berocket_brand-horoz-elektrik","9":"first","10":"instock","11":"sale","12":"taxable","13":"shipping-taxable","14":"purchasable","15":"product-type-simple"},"_links":{"self":[{"href":"https:\/\/lamphallen.se\/en\/wp-json\/wp\/v2\/product\/18510","targetHints":{"allow":["GET"]}}],"collection":[{"href":"https:\/\/lamphallen.se\/en\/wp-json\/wp\/v2\/product"}],"about":[{"href":"https:\/\/lamphallen.se\/en\/wp-json\/wp\/v2\/types\/product"}],"replies":[{"embeddable":true,"href":"https:\/\/lamphallen.se\/en\/wp-json\/wp\/v2\/comments?post=18510"}],"wp:featuredmedia":[{"embeddable":true,"href":"https:\/\/lamphallen.se\/en\/wp-json\/wp\/v2\/media\/18511"}],"wp:attachment":[{"href":"https:\/\/lamphallen.se\/en\/wp-json\/wp\/v2\/media?parent=18510"}],"wp:term":[{"taxonomy":"product_brand","embeddable":true,"href":"https:\/\/lamphallen.se\/en\/wp-json\/wp\/v2\/product_brand?post=18510"},{"taxonomy":"product_cat","embeddable":true,"href":"https:\/\/lamphallen.se\/en\/wp-json\/wp\/v2\/product_cat?post=18510"},{"taxonomy":"product_tag","embeddable":true,"href":"https:\/\/lamphallen.se\/en\/wp-json\/wp\/v2\/product_tag?post=18510"},{"taxonomy":"berocket_brand","embeddable":true,"href":"https:\/\/lamphallen.se\/en\/wp-json\/wp\/v2\/berocket_brand?post=18510"}],"curies":[{"name":"wp","href":"https:\/\/api.w.org\/{rel}","templated":true}]}}