{"id":18550,"date":"2024-07-15T17:59:28","date_gmt":"2024-07-15T21:59:28","guid":{"rendered":"https:\/\/lamphallen.se\/sv_se\/product\/led-downlight-32w-3000k-caroline-32\/"},"modified":"2024-11-18T15:41:18","modified_gmt":"2024-11-18T14:41:18","slug":"led-downlight-32w-3000k-caroline-32","status":"publish","type":"product","link":"https:\/\/lamphallen.se\/en\/product\/led-downlight-32w-3000k-caroline-32\/","title":{"rendered":"LED DOWNLIGHT 32W 3000K CAROLINE-32"},"content":{"rendered":"<p>LED Type: SMD LED<br \/>\nAverage Life: 30.000 Hrs.<br \/>\nPower: 32W<br \/>\nEquivalent: 256W<br \/>\nLuminous Flux: 2240 lm<br \/>\nLight Temperature: 3000K&nbsp;<br \/>\nLight Color: Warm White&nbsp;<br \/>\nDimmable: No<br \/>\nEnergy Class:&nbsp;A to&nbsp;A++<br \/>\nColour Render Index:&gt; Ra80<br \/>\nVoltage: 220-240V<br \/>\nMaterial: Aluminium DIE CASTING BODY<\/p>\n<p><strong>Technical Documents:<\/strong><\/p>\n<p><a href=\"http:\/\/www.lamphallen.se\/images\/datasheets\/CAROLINE-32 016 025 0032.pdf\">CAROLINE-32&nbsp;DATASHEET<\/a><\/p>","protected":false},"excerpt":{"rendered":"<p>LED Typ:&nbsp;SMD LED medellivsl\u00e4ngd: 30.000 tim. Effekt: 32W Motsvarar: 256W Lumen: 2240 lm Ljustemperatur: 3000K&nbsp; Ljus F\u00e4rg: Varmvit&nbsp; Dimbar: Nej Energiklass: A till&nbsp;A++ Ra: &gt;Ra80 Sp\u00e4nning: 220-240V Material: Aluminium Die Casting Body Tekniska Dokument: CAROLINE-32&nbsp;DATASHEET<\/p>","protected":false},"featured_media":18551,"comment_status":"open","ping_status":"closed","template":"","meta":{"content-type":"","_joinchat":[]},"product_brand":[],"product_cat":[46],"product_tag":[],"berocket_brand":[35],"class_list":{"0":"post-18550","1":"product","2":"type-product","3":"status-publish","4":"has-post-thumbnail","6":"product_cat-led-downlights","7":"berocket_brand-horoz-elektrik","9":"first","10":"onbackorder","11":"sale","12":"taxable","13":"shipping-taxable","14":"purchasable","15":"product-type-simple"},"_links":{"self":[{"href":"https:\/\/lamphallen.se\/en\/wp-json\/wp\/v2\/product\/18550","targetHints":{"allow":["GET"]}}],"collection":[{"href":"https:\/\/lamphallen.se\/en\/wp-json\/wp\/v2\/product"}],"about":[{"href":"https:\/\/lamphallen.se\/en\/wp-json\/wp\/v2\/types\/product"}],"replies":[{"embeddable":true,"href":"https:\/\/lamphallen.se\/en\/wp-json\/wp\/v2\/comments?post=18550"}],"wp:featuredmedia":[{"embeddable":true,"href":"https:\/\/lamphallen.se\/en\/wp-json\/wp\/v2\/media\/18551"}],"wp:attachment":[{"href":"https:\/\/lamphallen.se\/en\/wp-json\/wp\/v2\/media?parent=18550"}],"wp:term":[{"taxonomy":"product_brand","embeddable":true,"href":"https:\/\/lamphallen.se\/en\/wp-json\/wp\/v2\/product_brand?post=18550"},{"taxonomy":"product_cat","embeddable":true,"href":"https:\/\/lamphallen.se\/en\/wp-json\/wp\/v2\/product_cat?post=18550"},{"taxonomy":"product_tag","embeddable":true,"href":"https:\/\/lamphallen.se\/en\/wp-json\/wp\/v2\/product_tag?post=18550"},{"taxonomy":"berocket_brand","embeddable":true,"href":"https:\/\/lamphallen.se\/en\/wp-json\/wp\/v2\/berocket_brand?post=18550"}],"curies":[{"name":"wp","href":"https:\/\/api.w.org\/{rel}","templated":true}]}}