{"id":18600,"date":"2024-07-15T17:59:32","date_gmt":"2024-07-15T21:59:32","guid":{"rendered":"https:\/\/lamphallen.se\/sv_se\/product\/led-spotlight-3w-underskap-inbyggt-downlight-4200k-luna\/"},"modified":"2024-11-05T14:59:13","modified_gmt":"2024-11-05T13:59:13","slug":"led-spotlight-3w-underskap-inbyggt-downlight-4200k-luna","status":"publish","type":"product","link":"https:\/\/lamphallen.se\/en\/product\/led-spotlight-3w-underskap-inbyggt-downlight-4200k-luna\/","title":{"rendered":"LED-SPOTLIGHT 3W Recessed Downlight 4200K &#8211; Luna"},"content":{"rendered":"<p>2 in 1 LED Slitstarkt Inbyggt Ljus<\/p>\n<p>LED Type: Power LED<br \/>\nAverage Life: 30.000 Hrs.<br \/>\nPower: 3W<br \/>\nEquivalent: 24W<br \/>\nLuminous Flux: 210 lm<br \/>\nLight Temperature: 4200K<br \/>\nColor: White<br \/>\nLight Color: White<br \/>\nDimmable: No<br \/>\nEnergy Class:&nbsp;A to&nbsp;A++<br \/>\nColour Render Index:&gt; Ra80<br \/>\nVoltage: 220-240V<br \/>\nMaterial: Aluminium + Plastic<\/p>\n<p><strong>Technical Documents:<\/strong><\/p>\n<p><a href=\"http:\/\/www.lamphallen.se\/images\/datasheets\/LUNA.pdf\">LUNA DATASHEET&nbsp;<\/a><\/p>","protected":false},"excerpt":{"rendered":"<p>2 in 1 LED Slitstarkt Inbyggt Ljus LED Typ: Power&nbsp;LED medellivsl\u00e4ngd: 30.000 tim. Effekt: 3W Motsvarar: 24W Lumen: 210 lm Ljustemperatur: 4200K F\u00e4rg: White Ljus F\u00e4rg: Vit Dimbar: Nej Energiklass: A till&nbsp;A++ Ra: &gt;Ra80 Sp\u00e4nning: 220-240V Material: Aluminium + Plastic Tekniska Dokument: LUNA DATASHEET&nbsp;<\/p>","protected":false},"featured_media":18601,"comment_status":"closed","ping_status":"closed","template":"","meta":{"content-type":"","_joinchat":[]},"product_brand":[],"product_cat":[89],"product_tag":[],"berocket_brand":[35],"class_list":{"0":"post-18600","1":"product","2":"type-product","3":"status-publish","4":"has-post-thumbnail","6":"product_cat-led-spotlight","7":"berocket_brand-horoz-elektrik","9":"first","10":"instock","11":"sale","12":"taxable","13":"shipping-taxable","14":"purchasable","15":"product-type-simple"},"_links":{"self":[{"href":"https:\/\/lamphallen.se\/en\/wp-json\/wp\/v2\/product\/18600","targetHints":{"allow":["GET"]}}],"collection":[{"href":"https:\/\/lamphallen.se\/en\/wp-json\/wp\/v2\/product"}],"about":[{"href":"https:\/\/lamphallen.se\/en\/wp-json\/wp\/v2\/types\/product"}],"replies":[{"embeddable":true,"href":"https:\/\/lamphallen.se\/en\/wp-json\/wp\/v2\/comments?post=18600"}],"wp:featuredmedia":[{"embeddable":true,"href":"https:\/\/lamphallen.se\/en\/wp-json\/wp\/v2\/media\/18601"}],"wp:attachment":[{"href":"https:\/\/lamphallen.se\/en\/wp-json\/wp\/v2\/media?parent=18600"}],"wp:term":[{"taxonomy":"product_brand","embeddable":true,"href":"https:\/\/lamphallen.se\/en\/wp-json\/wp\/v2\/product_brand?post=18600"},{"taxonomy":"product_cat","embeddable":true,"href":"https:\/\/lamphallen.se\/en\/wp-json\/wp\/v2\/product_cat?post=18600"},{"taxonomy":"product_tag","embeddable":true,"href":"https:\/\/lamphallen.se\/en\/wp-json\/wp\/v2\/product_tag?post=18600"},{"taxonomy":"berocket_brand","embeddable":true,"href":"https:\/\/lamphallen.se\/en\/wp-json\/wp\/v2\/berocket_brand?post=18600"}],"curies":[{"name":"wp","href":"https:\/\/api.w.org\/{rel}","templated":true}]}}