{"id":18646,"date":"2024-07-15T17:59:34","date_gmt":"2024-07-15T21:59:34","guid":{"rendered":"https:\/\/lamphallen.se\/sv_se\/product\/led-downlight-18w-vit-6000k-arina-18\/"},"modified":"2026-02-03T18:52:58","modified_gmt":"2026-02-03T17:52:58","slug":"led-downlight-18w-vit-6000k-arina-18","status":"publish","type":"product","link":"https:\/\/lamphallen.se\/en\/product\/led-downlight-18w-vit-6000k-arina-18\/","title":{"rendered":"LED DOWNLIGHT 18W WHITE 6000K ARINA-18"},"content":{"rendered":"<p><strong>Best\u00e4llning Vara<\/strong><\/p>\n<p>LED Type: SMD LED<br \/>\nAverage Life: 30.000 Hrs.<br \/>\nPower: 18W<br \/>\nEquivalent: 144W<br \/>\nLuminous Flux: 1300 lm<br \/>\nLight Temperature: 6000K<br \/>\nLight Color: White<br \/>\nDimmable: No<br \/>\nEnergy Class:&nbsp;A to&nbsp;A++<br \/>\nColour Render Index:&gt; Ra80<br \/>\nVoltage: 220-240V<br \/>\nMaterial: Aluminium DIE CASTING BODY<\/p>\n<p><strong>Expected to ship in 4 days if it's not available in stock.<\/strong><\/p>\n<p><strong>Technical Documents:<\/strong><\/p>\n<p><a href=\"http:\/\/www.lamphallen.se\/images\/datasheets\/ARINA-18.pdf\">ARINA-18 DATASHEET<\/a><\/p>","protected":false},"excerpt":{"rendered":"<p>Best\u00e4llning Vara LED Typ:&nbsp;SMD LED medellivsl\u00e4ngd: 30.000 tim. Effekt: 18W Motsvarar: 144W Lumen: 1300 lm Ljustemperatur:&nbsp;6000K Ljus F\u00e4rg: Dagsljus Dimbar: Nej Energiklass: A till&nbsp;A++ Ra: &gt;Ra80 Sp\u00e4nning: 220-240V Material: Aluminium Die Casting Body F\u00f6rv\u00e4ntas att skickas om 4 dagars om \u00e4r inte tillg\u00e4nglig i lager. Tekniska Dokument: ARINA-18 DATASHEET<\/p>","protected":false},"featured_media":18647,"comment_status":"open","ping_status":"closed","template":"","meta":{"content-type":"","_joinchat":[]},"product_brand":[],"product_cat":[46],"product_tag":[],"berocket_brand":[35],"class_list":{"0":"post-18646","1":"product","2":"type-product","3":"status-publish","4":"has-post-thumbnail","6":"product_cat-led-downlights","7":"berocket_brand-horoz-elektrik","9":"first","10":"instock","11":"sale","12":"taxable","13":"shipping-taxable","14":"purchasable","15":"product-type-simple"},"_links":{"self":[{"href":"https:\/\/lamphallen.se\/en\/wp-json\/wp\/v2\/product\/18646","targetHints":{"allow":["GET"]}}],"collection":[{"href":"https:\/\/lamphallen.se\/en\/wp-json\/wp\/v2\/product"}],"about":[{"href":"https:\/\/lamphallen.se\/en\/wp-json\/wp\/v2\/types\/product"}],"replies":[{"embeddable":true,"href":"https:\/\/lamphallen.se\/en\/wp-json\/wp\/v2\/comments?post=18646"}],"wp:featuredmedia":[{"embeddable":true,"href":"https:\/\/lamphallen.se\/en\/wp-json\/wp\/v2\/media\/18647"}],"wp:attachment":[{"href":"https:\/\/lamphallen.se\/en\/wp-json\/wp\/v2\/media?parent=18646"}],"wp:term":[{"taxonomy":"product_brand","embeddable":true,"href":"https:\/\/lamphallen.se\/en\/wp-json\/wp\/v2\/product_brand?post=18646"},{"taxonomy":"product_cat","embeddable":true,"href":"https:\/\/lamphallen.se\/en\/wp-json\/wp\/v2\/product_cat?post=18646"},{"taxonomy":"product_tag","embeddable":true,"href":"https:\/\/lamphallen.se\/en\/wp-json\/wp\/v2\/product_tag?post=18646"},{"taxonomy":"berocket_brand","embeddable":true,"href":"https:\/\/lamphallen.se\/en\/wp-json\/wp\/v2\/berocket_brand?post=18646"}],"curies":[{"name":"wp","href":"https:\/\/api.w.org\/{rel}","templated":true}]}}