{"id":18685,"date":"2024-07-15T17:59:36","date_gmt":"2024-07-15T21:59:36","guid":{"rendered":"https:\/\/lamphallen.se\/sv_se\/product\/150w-led-industri-vattentat-lampa-ip65-15000lm-artemis-150\/"},"modified":"2024-08-03T06:12:59","modified_gmt":"2024-08-03T10:12:59","slug":"150w-led-industri-vattentat-lampa-ip65-15000lm-artemis-150","status":"publish","type":"product","link":"https:\/\/lamphallen.se\/en\/product\/150w-led-industri-vattentat-lampa-ip65-15000lm-artemis-150\/","title":{"rendered":"150W LED INDUSTRI VATTENT\u00c4T LAMPA IP65 15000LM ARTEMIS-150"},"content":{"rendered":"<p>LED Typ:\u00a0SMD LED<br \/>\nAverage Life: 30.000 Hrs.<br \/>\n<strong>Power: 150W<br \/>\nEquivalent: 1200W<br \/>\nLuminous Flux: 15000 lm<\/strong><br \/>\nLjustemperatur:\u00a06400K \/ 4200K<br \/>\nLight Color: Cold White \/ White<br \/>\nDimmable: No<br \/>\nEnergiklass: A till\u00a0A++<br \/>\nRa: >Ra80<br \/>\nVoltage: <strong>85-265V<\/strong><br \/>\nMaterial: Aluminium DIE CASTING BODY<br \/>\nSizes: 28.5X8.3 CM<\/p>\n<p>Shipping of this product takes 5 working days directly from the supplier<\/p>\n<p>Technical Documents:<\/p>\n<p><a href=\"https:\/\/lamphallen.se\/en\/images\/datasheets\/ARTEMIS-150%20063-003-0150.pdf\/\">ARTEMIS-150 DATASHEET<\/a><\/p>","protected":false},"excerpt":{"rendered":"<p>LED Typ:\u00a0SMD LED medellivsl\u00e4ngd: 30.000 tim. Effekt: 150W Motsvarar: 1200W Lumen: 15000 lm Ljustemperatur:\u00a06400K \/ 4200K Ljus F\u00e4rg: Dagsljus \/ Vit Dimbar: Nej Energiklass: A till\u00a0A++ Ra: >Ra80 Sp\u00e4nning: 85-265V Material: Aluminium Die Casting Body Storlek: 28.5X8.3 CM Frakt tar cirka 5 arbetsdagar direkt fr\u00e5n leverant\u00f6ren Tekniska Dokument: ARTEMIS-150 DATASHEET<\/p>","protected":false},"featured_media":18688,"comment_status":"open","ping_status":"closed","template":"","meta":{"content-type":"","_joinchat":[]},"product_brand":[],"product_cat":[73],"product_tag":[],"berocket_brand":[35],"class_list":{"0":"post-18685","1":"product","2":"type-product","3":"status-publish","4":"has-post-thumbnail","6":"product_cat-vattentat-industri-lampor","7":"berocket_brand-horoz-elektrik","9":"first","10":"onbackorder","11":"sale","12":"taxable","13":"shipping-taxable","14":"purchasable","15":"product-type-variable","16":"has-default-attributes"},"_links":{"self":[{"href":"https:\/\/lamphallen.se\/en\/wp-json\/wp\/v2\/product\/18685","targetHints":{"allow":["GET"]}}],"collection":[{"href":"https:\/\/lamphallen.se\/en\/wp-json\/wp\/v2\/product"}],"about":[{"href":"https:\/\/lamphallen.se\/en\/wp-json\/wp\/v2\/types\/product"}],"replies":[{"embeddable":true,"href":"https:\/\/lamphallen.se\/en\/wp-json\/wp\/v2\/comments?post=18685"}],"wp:featuredmedia":[{"embeddable":true,"href":"https:\/\/lamphallen.se\/en\/wp-json\/wp\/v2\/media\/18688"}],"wp:attachment":[{"href":"https:\/\/lamphallen.se\/en\/wp-json\/wp\/v2\/media?parent=18685"}],"wp:term":[{"taxonomy":"product_brand","embeddable":true,"href":"https:\/\/lamphallen.se\/en\/wp-json\/wp\/v2\/product_brand?post=18685"},{"taxonomy":"product_cat","embeddable":true,"href":"https:\/\/lamphallen.se\/en\/wp-json\/wp\/v2\/product_cat?post=18685"},{"taxonomy":"product_tag","embeddable":true,"href":"https:\/\/lamphallen.se\/en\/wp-json\/wp\/v2\/product_tag?post=18685"},{"taxonomy":"berocket_brand","embeddable":true,"href":"https:\/\/lamphallen.se\/en\/wp-json\/wp\/v2\/berocket_brand?post=18685"}],"curies":[{"name":"wp","href":"https:\/\/api.w.org\/{rel}","templated":true}]}}