{"id":18710,"date":"2024-07-15T17:59:38","date_gmt":"2024-07-15T21:59:38","guid":{"rendered":"https:\/\/lamphallen.se\/sv_se\/product\/ledberg-led-ljuslist-flexibel-flerfargad-ikea-led-slinga\/"},"modified":"2024-07-15T17:59:38","modified_gmt":"2024-07-15T21:59:38","slug":"ledberg-led-ljuslist-flexibel-flerfargad-ikea-led-slinga","status":"publish","type":"product","link":"https:\/\/lamphallen.se\/en\/product\/ledberg-led-ljuslist-flexibel-flerfargad-ikea-led-slinga\/","title":{"rendered":"5 meter RGB IKEA LED Strip Multicolor 24V"},"content":{"rendered":"<p>Ljusk\u00e4llan LED f\u00f6rbrukar upp till 85 procent mindre energi och har 10 g\u00e5nger l\u00e4ngre livstid \u00e4n gl\u00f6dlampor.<br \/>\nL\u00e4mplig att anv\u00e4nda i tr\u00e5nga utrymmen, exempelvis i sk\u00e5p, bokhyllor och garderober, eftersom ljusk\u00e4llan LED enbart ger ifr\u00e5n sig l\u00e5g v\u00e4rme.<br \/>\nDu kan enkelt f\u00f6r\u00e4ndra st\u00e4mningen i rummet genom att v\u00e4xla fr\u00e5n ett fast enf\u00e4rgat ljus till ett ljus med skiftande f\u00e4rger. Allt som beh\u00f6vs \u00e4r ett l\u00e4tt tryck p\u00e5 knappen.<br \/>\nKan kapas till \u00f6nskad storlek.<br \/>\nTransformator medf\u00f6ljer.<br \/>\nInbyggd LED ljusk\u00e4lla.<br \/>\nLED livstid ca. 20,000 timmar.<br \/>\nEndast f\u00f6r inomhusbruk.<br \/>\nDenna produkt b\u00e4r CE-m\u00e4rket.<br \/>\nF\u00f6rvaras o\u00e5tkomligt f\u00f6r barn.<br \/>\nEnergif\u00f6rbrukning:7,0 W.<\/p>\n<p><strong>Teknisk information:<\/strong><\/p>\n<p><strong>LEDBERG<\/strong><\/p>\n<p>LED ljuslist flexibel<br \/>\nVarum\u00e4rke: <strong>IKEA<\/strong><br \/>\nModellbeteckning: L1611F LEDBERG<br \/>\nDenna ljusarmatur har inbyggda lysdiodlampor: A++ till A<br \/>\nGenomsnittlig energiklass: A+<\/p>\n<p><strong>Dimensions:<\/strong><\/p>\n<p>Luminous Flux: 100 lm<br \/>\nL\u00e4ngd:\u00a05 m<br \/>\nSladdl\u00e4ngd:\u00a03.5 m<br \/>\nEffekt:\u00a07 W<br \/>\nSk\u00f6tselr\u00e5d: Torka med torr trasa.<\/p>\n<p><strong>Milj\u00f6 & material:<\/strong><\/p>\n<p><strong>Milj\u00f6:<\/strong><\/p>\n<p>Speciell avfallshantering kan kr\u00e4vas. Var v\u00e4nlig kontakta din kommun f\u00f6r mer information.<\/p>\n<p><strong>Material:<\/strong><\/p>\n<p>Lamphus: Uretanplast<br \/>\nKopplingsbox: Polyester<\/p>\n<p><strong>Packaging:<\/strong><\/p>\n<p><strong>LEDBERG<\/strong><br \/>\n<strong>LED ljuslist flexibel<\/strong><br \/>\n703.596.94<br \/>\nBredd:\u00a019 cm<br \/>\nH\u00f6jd:\u00a04 cm<br \/>\nL\u00e4ngd:\u00a019 cm<br \/>\nVikt:\u00a00.50 kg<br \/>\nF\u00f6rpackning(ar):\u00a01<\/p>\n<p>Montering & dokument:<\/p>\n<p>du kan kolla det p\u00e5 <strong>IKEA Hemsida<\/strong>:<\/p>\n<p><a href=\"https:\/\/www.ikea.com\/se\/sv\/p\/ledberg-led-ljuslist-flexibel-flerfaergad-70359694\/\">LEDBERG LED lighting strip flexible\u00a0(PDF)<\/a><\/p>","protected":false},"excerpt":{"rendered":"<p>Ljusk\u00e4llan LED f\u00f6rbrukar upp till 85 procent mindre energi och har 10 g\u00e5nger l\u00e4ngre livstid \u00e4n gl\u00f6dlampor. L\u00e4mplig att anv\u00e4nda i tr\u00e5nga utrymmen, exempelvis i sk\u00e5p, bokhyllor och garderober, eftersom ljusk\u00e4llan LED enbart ger ifr\u00e5n sig l\u00e5g v\u00e4rme. Du kan enkelt f\u00f6r\u00e4ndra st\u00e4mningen i rummet genom att v\u00e4xla fr\u00e5n ett fast enf\u00e4rgat ljus till ett ljus med skiftande f\u00e4rger. Allt [&hellip;]<\/p>\n","protected":false},"featured_media":18711,"comment_status":"closed","ping_status":"closed","template":"","meta":{"content-type":"","_joinchat":[]},"product_brand":[],"product_cat":[48],"product_tag":[],"berocket_brand":[36],"class_list":{"0":"post-18710","1":"product","2":"type-product","3":"status-publish","4":"has-post-thumbnail","6":"product_cat-led-lister","7":"berocket_brand-ikea","9":"first","10":"outofstock","11":"taxable","12":"shipping-taxable","13":"purchasable","14":"product-type-simple"},"_links":{"self":[{"href":"https:\/\/lamphallen.se\/en\/wp-json\/wp\/v2\/product\/18710","targetHints":{"allow":["GET"]}}],"collection":[{"href":"https:\/\/lamphallen.se\/en\/wp-json\/wp\/v2\/product"}],"about":[{"href":"https:\/\/lamphallen.se\/en\/wp-json\/wp\/v2\/types\/product"}],"replies":[{"embeddable":true,"href":"https:\/\/lamphallen.se\/en\/wp-json\/wp\/v2\/comments?post=18710"}],"wp:featuredmedia":[{"embeddable":true,"href":"https:\/\/lamphallen.se\/en\/wp-json\/wp\/v2\/media\/18711"}],"wp:attachment":[{"href":"https:\/\/lamphallen.se\/en\/wp-json\/wp\/v2\/media?parent=18710"}],"wp:term":[{"taxonomy":"product_brand","embeddable":true,"href":"https:\/\/lamphallen.se\/en\/wp-json\/wp\/v2\/product_brand?post=18710"},{"taxonomy":"product_cat","embeddable":true,"href":"https:\/\/lamphallen.se\/en\/wp-json\/wp\/v2\/product_cat?post=18710"},{"taxonomy":"product_tag","embeddable":true,"href":"https:\/\/lamphallen.se\/en\/wp-json\/wp\/v2\/product_tag?post=18710"},{"taxonomy":"berocket_brand","embeddable":true,"href":"https:\/\/lamphallen.se\/en\/wp-json\/wp\/v2\/berocket_brand?post=18710"}],"curies":[{"name":"wp","href":"https:\/\/api.w.org\/{rel}","templated":true}]}}