{"id":18719,"date":"2024-07-15T17:59:38","date_gmt":"2024-07-15T21:59:38","guid":{"rendered":"https:\/\/lamphallen.se\/sv_se\/product\/tradgards-lampa-vattentat-ip44-defne-4\/"},"modified":"2025-04-10T14:39:29","modified_gmt":"2025-04-10T12:39:29","slug":"tradgards-lampa-vattentat-ip44-defne-4","status":"publish","type":"product","link":"https:\/\/lamphallen.se\/en\/product\/tradgards-lampa-vattentat-ip44-defne-4\/","title":{"rendered":"GARDEN LAMP WATERPROOF IP44 DEFNE-4"},"content":{"rendered":"<p>HL234<\/p>\n<p>Lamp\u00a0Typ: Tr\u00e4dg\u00e5rdsbelysning<\/p>\n<p>Power: Max 60W<br \/>\nDiffuser: PC<br \/>\nDimmable: No<br \/>\nLamp Holder: E27<br \/>\nVoltage: 220-240V<br \/>\nProtection Class: IP44<\/p>","protected":false},"excerpt":{"rendered":"<p>HL234 Lamp\u00a0Typ: Tr\u00e4dg\u00e5rdsbelysning Effekt: Max 60W Diffuser: PC Dimbar: Nej Lamp Sokel: E27 Sp\u00e4nning: 220-240V skyddsklass: IP44<\/p>","protected":false},"featured_media":18720,"comment_status":"closed","ping_status":"closed","template":"","meta":{"content-type":"","_joinchat":[]},"product_brand":[],"product_cat":[71],"product_tag":[],"berocket_brand":[35],"class_list":{"0":"post-18719","1":"product","2":"type-product","3":"status-publish","4":"has-post-thumbnail","6":"product_cat-tradgardslampor","7":"berocket_brand-horoz-elektrik","9":"first","10":"instock","11":"sale","12":"taxable","13":"shipping-taxable","14":"purchasable","15":"product-type-simple"},"_links":{"self":[{"href":"https:\/\/lamphallen.se\/en\/wp-json\/wp\/v2\/product\/18719","targetHints":{"allow":["GET"]}}],"collection":[{"href":"https:\/\/lamphallen.se\/en\/wp-json\/wp\/v2\/product"}],"about":[{"href":"https:\/\/lamphallen.se\/en\/wp-json\/wp\/v2\/types\/product"}],"replies":[{"embeddable":true,"href":"https:\/\/lamphallen.se\/en\/wp-json\/wp\/v2\/comments?post=18719"}],"wp:featuredmedia":[{"embeddable":true,"href":"https:\/\/lamphallen.se\/en\/wp-json\/wp\/v2\/media\/18720"}],"wp:attachment":[{"href":"https:\/\/lamphallen.se\/en\/wp-json\/wp\/v2\/media?parent=18719"}],"wp:term":[{"taxonomy":"product_brand","embeddable":true,"href":"https:\/\/lamphallen.se\/en\/wp-json\/wp\/v2\/product_brand?post=18719"},{"taxonomy":"product_cat","embeddable":true,"href":"https:\/\/lamphallen.se\/en\/wp-json\/wp\/v2\/product_cat?post=18719"},{"taxonomy":"product_tag","embeddable":true,"href":"https:\/\/lamphallen.se\/en\/wp-json\/wp\/v2\/product_tag?post=18719"},{"taxonomy":"berocket_brand","embeddable":true,"href":"https:\/\/lamphallen.se\/en\/wp-json\/wp\/v2\/berocket_brand?post=18719"}],"curies":[{"name":"wp","href":"https:\/\/api.w.org\/{rel}","templated":true}]}}