{"id":18773,"date":"2024-07-15T18:00:12","date_gmt":"2024-07-15T22:00:12","guid":{"rendered":"https:\/\/lamphallen.se\/sv_se\/product\/1w-rod-led-lampa-rainbow\/"},"modified":"2025-10-24T15:18:07","modified_gmt":"2025-10-24T13:18:07","slug":"1w-rod-led-lampa-rainbow","status":"publish","type":"product","link":"https:\/\/lamphallen.se\/en\/product\/1w-rod-led-lampa-rainbow\/","title":{"rendered":"1W RED LED LAMP &#8211; RAINBOW"},"content":{"rendered":"<p>LED Type: SMD LED<br \/>\nAverage Life: 20.000 Hrs.<br \/>\nPower: 1W<br \/>\nEquivalent: 8W<br \/>\nLumen:68\u00a0lm<br \/>\nSocket: E27<br \/>\nLight Color: RED<br \/>\nDimmable: No<br \/>\nEnergy Class: A+<br \/>\nRa: >Ra70<br \/>\nVoltage: 220V-240V<br \/>\nMaterial: Aluminium Die Casting Body PC<\/p>\n<p>Technical Documents:<\/p>\n<p><a href=\"https:\/\/lamphallen.se\/en\/images\/datasheets\/RAINBOW%20001%20017%200001.pdf\/\">RAINBOW DATASHEET<\/a><\/p>","protected":false},"excerpt":{"rendered":"<p>LED Typ: SMD LED medellivsl\u00e4ngd: 20.000 tim. Effekt: 1W Motsvarar: 8W Lumen:68\u00a0lm Sockel: E27 Ljus F\u00e4rg: R\u00d6D Dimbar: Nej Energiklass: A+ Ra: >Ra70 Sp\u00e4nning: 220V-240V Material: Aluminium Die Casting Body PC Tekniska Dokument: RAINBOW DATASHEET<\/p>","protected":false},"featured_media":18774,"comment_status":"open","ping_status":"closed","template":"","meta":{"content-type":"","_joinchat":[]},"product_brand":[],"product_cat":[41],"product_tag":[],"berocket_brand":[35],"class_list":{"0":"post-18773","1":"product","2":"type-product","3":"status-publish","4":"has-post-thumbnail","6":"product_cat-led-lampor","7":"berocket_brand-horoz-elektrik","9":"first","10":"instock","11":"sale","12":"taxable","13":"shipping-taxable","14":"purchasable","15":"product-type-simple"},"_links":{"self":[{"href":"https:\/\/lamphallen.se\/en\/wp-json\/wp\/v2\/product\/18773","targetHints":{"allow":["GET"]}}],"collection":[{"href":"https:\/\/lamphallen.se\/en\/wp-json\/wp\/v2\/product"}],"about":[{"href":"https:\/\/lamphallen.se\/en\/wp-json\/wp\/v2\/types\/product"}],"replies":[{"embeddable":true,"href":"https:\/\/lamphallen.se\/en\/wp-json\/wp\/v2\/comments?post=18773"}],"wp:featuredmedia":[{"embeddable":true,"href":"https:\/\/lamphallen.se\/en\/wp-json\/wp\/v2\/media\/18774"}],"wp:attachment":[{"href":"https:\/\/lamphallen.se\/en\/wp-json\/wp\/v2\/media?parent=18773"}],"wp:term":[{"taxonomy":"product_brand","embeddable":true,"href":"https:\/\/lamphallen.se\/en\/wp-json\/wp\/v2\/product_brand?post=18773"},{"taxonomy":"product_cat","embeddable":true,"href":"https:\/\/lamphallen.se\/en\/wp-json\/wp\/v2\/product_cat?post=18773"},{"taxonomy":"product_tag","embeddable":true,"href":"https:\/\/lamphallen.se\/en\/wp-json\/wp\/v2\/product_tag?post=18773"},{"taxonomy":"berocket_brand","embeddable":true,"href":"https:\/\/lamphallen.se\/en\/wp-json\/wp\/v2\/berocket_brand?post=18773"}],"curies":[{"name":"wp","href":"https:\/\/api.w.org\/{rel}","templated":true}]}}