{"id":18834,"date":"2024-07-15T18:00:16","date_gmt":"2024-07-15T22:00:16","guid":{"rendered":"https:\/\/lamphallen.se\/sv_se\/product\/1-2w-led-inground-inbyggda-lamp-ip67-220-240v-safir\/"},"modified":"2024-07-15T18:00:17","modified_gmt":"2024-07-15T22:00:17","slug":"1-2w-led-inground-inbyggda-lamp-ip67-220-240v-safir","status":"publish","type":"product","link":"https:\/\/lamphallen.se\/en\/product\/1-2w-led-inground-inbyggda-lamp-ip67-220-240v-safir\/","title":{"rendered":"1.2W LED Inground &amp; Recessed Lamp IP67 220-240V &#8211; SAFIR"},"content":{"rendered":"<p>HL940L&nbsp;<\/p>\n<p>Built-in LED Outdoor wall lamp with square metal frame.<\/p>\n<p>Den f\u00f6rsta tegelstenen som lyser! S\u00f6ml\u00f6st anpassar sig Profi LED v\u00e4gginbyggnadslampan i fasadens utseende och s\u00f6rjer f\u00f6r intressanta ljuseffekter. Den \u00e4r \u00e4ven b\u00e4st l\u00e4mpad till inbyggnad i trappsteg och g\u00f6r snubbelriskerna synliga d\u00e4r.&nbsp;<br \/>\nF\u00f6rdelarna med s\u00e4kerheten: Skyddsklass IP54 f\u00f6r drift i alla v\u00e4der och praktiskt underh\u00e5llsfri genom den extremt l\u00e5nga livsl\u00e4ngden p\u00e5 LED-ljusk\u00e4llan (50.000 drifttimmar).&nbsp;<\/p>\n<p>Lamp Type: Wall Spotlight.<br \/>\nLED Type: SMD LED<br \/>\nAverage Life: 50.000 Hrs.<br \/>\nPower: 1.2W<br \/>\nLumen: 75&nbsp;lm<br \/>\nLight Temperature:\u00a06400K<br \/>\nLight Color: White<br \/>\nDimmable: No<br \/>\nEnergy Class:&nbsp;A to&nbsp;A++<br \/>\nVoltage: 220-240V \/ 50-60Hz<br \/>\nMaterial: Aluminum + Stainless steel<br \/>\nProtection Class: IP67<\/p>\n<p><strong>Technical Documents:<\/strong><\/p>\n<p><a href=\"https:\/\/lamphallen.se\/en\/images\/datasheets\/SAF%C4%B0R%20079%20003%200002.pdf\/\">SAFIR DATASHEET<\/a><\/p>\n<p>&nbsp;<\/p>","protected":false},"excerpt":{"rendered":"<p>HL940L&nbsp; Inbyggd LED Utomhusv\u00e4gglampa&nbsp;med kvadratisk metallram. Den f\u00f6rsta tegelstenen som lyser! S\u00f6ml\u00f6st anpassar sig Profi LED v\u00e4gginbyggnadslampan i fasadens utseende och s\u00f6rjer f\u00f6r intressanta ljuseffekter. Den \u00e4r \u00e4ven b\u00e4st l\u00e4mpad till inbyggnad i trappsteg och g\u00f6r snubbelriskerna synliga d\u00e4r.&nbsp; F\u00f6rdelarna med s\u00e4kerheten: Skyddsklass IP54 f\u00f6r drift i alla v\u00e4der och praktiskt underh\u00e5llsfri genom den extremt l\u00e5nga livsl\u00e4ngden p\u00e5 LED-ljusk\u00e4llan (50.000 [&hellip;]<\/p>\n","protected":false},"featured_media":18835,"comment_status":"closed","ping_status":"closed","template":"","meta":{"content-type":"","_joinchat":[]},"product_brand":[],"product_cat":[66],"product_tag":[],"berocket_brand":[35],"class_list":{"0":"post-18834","1":"product","2":"type-product","3":"status-publish","4":"has-post-thumbnail","6":"product_cat-inground-inbyggda-lampor","7":"berocket_brand-horoz-elektrik","9":"first","10":"instock","11":"sale","12":"taxable","13":"shipping-taxable","14":"purchasable","15":"product-type-simple"},"_links":{"self":[{"href":"https:\/\/lamphallen.se\/en\/wp-json\/wp\/v2\/product\/18834","targetHints":{"allow":["GET"]}}],"collection":[{"href":"https:\/\/lamphallen.se\/en\/wp-json\/wp\/v2\/product"}],"about":[{"href":"https:\/\/lamphallen.se\/en\/wp-json\/wp\/v2\/types\/product"}],"replies":[{"embeddable":true,"href":"https:\/\/lamphallen.se\/en\/wp-json\/wp\/v2\/comments?post=18834"}],"wp:featuredmedia":[{"embeddable":true,"href":"https:\/\/lamphallen.se\/en\/wp-json\/wp\/v2\/media\/18835"}],"wp:attachment":[{"href":"https:\/\/lamphallen.se\/en\/wp-json\/wp\/v2\/media?parent=18834"}],"wp:term":[{"taxonomy":"product_brand","embeddable":true,"href":"https:\/\/lamphallen.se\/en\/wp-json\/wp\/v2\/product_brand?post=18834"},{"taxonomy":"product_cat","embeddable":true,"href":"https:\/\/lamphallen.se\/en\/wp-json\/wp\/v2\/product_cat?post=18834"},{"taxonomy":"product_tag","embeddable":true,"href":"https:\/\/lamphallen.se\/en\/wp-json\/wp\/v2\/product_tag?post=18834"},{"taxonomy":"berocket_brand","embeddable":true,"href":"https:\/\/lamphallen.se\/en\/wp-json\/wp\/v2\/berocket_brand?post=18834"}],"curies":[{"name":"wp","href":"https:\/\/api.w.org\/{rel}","templated":true}]}}