{"id":18857,"date":"2024-07-15T18:00:18","date_gmt":"2024-07-15T22:00:18","guid":{"rendered":"https:\/\/lamphallen.se\/sv_se\/product\/led-panel-45w-4000lm-60x60-cm-vit-4200k-galaksi-45\/"},"modified":"2025-09-11T12:23:51","modified_gmt":"2025-09-11T10:23:51","slug":"led-panel-45w-4000lm-60x60-cm-vit-4200k-galaksi-45","status":"publish","type":"product","link":"https:\/\/lamphallen.se\/en\/product\/led-panel-45w-4000lm-60x60-cm-vit-4200k-galaksi-45\/","title":{"rendered":"LED PANEL 45W 4000LM 60X60 CM WHITE 4200K GALAKSI-45"},"content":{"rendered":"<p>LED Type: SMD LED<br \/>\nAverage Life: 25.000 Hrs.<br \/>\nColor: White<br \/>\nPower: 45W<br \/>\nEquivalent: <strong>360W<\/strong><br \/>\nLuminous Flux: 4000 lm<br \/>\nLight Temperature: <strong>4200K<\/strong><br \/>\nLight Color: White<br \/>\nDimmable: No<br \/>\nEnergy Class:&nbsp;A to&nbsp;A++<br \/>\nColour Render Index:&gt; Ra80<br \/>\nVoltage: 180-265V<br \/>\nMaterial: Aluminium + PC<\/p>\n<p><strong>Technical Documents:<\/strong><\/p>\n<p><a href=\"https:\/\/lamphallen.se\/en\/images\/datasheets\/galaxi-45%20056-002-0045-.pdf\/\">GALAKSI-45&nbsp;DATASHEET<\/a><\/p>","protected":false},"excerpt":{"rendered":"<p>LED Typ:&nbsp;SMD LED medellivsl\u00e4ngd: 25.000 tim. F\u00e4rg: Vit Effekt: 45W Motsvarar: 360W Lumen: 4000 lm Ljustemperatur: 4200K Ljus F\u00e4rg: vit Dimbar: Nej Energiklass: A till&nbsp;A++ Ra: &gt;Ra80 Sp\u00e4nning: 180-265V Material: Aluminium + PC Tekniska Dokument: GALAKSI-45&nbsp;DATASHEET<\/p>","protected":false},"featured_media":18858,"comment_status":"closed","ping_status":"closed","template":"","meta":{"content-type":"","_joinchat":[]},"product_brand":[],"product_cat":[49],"product_tag":[],"berocket_brand":[35],"class_list":{"0":"post-18857","1":"product","2":"type-product","3":"status-publish","4":"has-post-thumbnail","6":"product_cat-led-panel","7":"berocket_brand-horoz-elektrik","9":"first","10":"instock","11":"sale","12":"taxable","13":"shipping-taxable","14":"purchasable","15":"product-type-simple"},"_links":{"self":[{"href":"https:\/\/lamphallen.se\/en\/wp-json\/wp\/v2\/product\/18857","targetHints":{"allow":["GET"]}}],"collection":[{"href":"https:\/\/lamphallen.se\/en\/wp-json\/wp\/v2\/product"}],"about":[{"href":"https:\/\/lamphallen.se\/en\/wp-json\/wp\/v2\/types\/product"}],"replies":[{"embeddable":true,"href":"https:\/\/lamphallen.se\/en\/wp-json\/wp\/v2\/comments?post=18857"}],"wp:featuredmedia":[{"embeddable":true,"href":"https:\/\/lamphallen.se\/en\/wp-json\/wp\/v2\/media\/18858"}],"wp:attachment":[{"href":"https:\/\/lamphallen.se\/en\/wp-json\/wp\/v2\/media?parent=18857"}],"wp:term":[{"taxonomy":"product_brand","embeddable":true,"href":"https:\/\/lamphallen.se\/en\/wp-json\/wp\/v2\/product_brand?post=18857"},{"taxonomy":"product_cat","embeddable":true,"href":"https:\/\/lamphallen.se\/en\/wp-json\/wp\/v2\/product_cat?post=18857"},{"taxonomy":"product_tag","embeddable":true,"href":"https:\/\/lamphallen.se\/en\/wp-json\/wp\/v2\/product_tag?post=18857"},{"taxonomy":"berocket_brand","embeddable":true,"href":"https:\/\/lamphallen.se\/en\/wp-json\/wp\/v2\/berocket_brand?post=18857"}],"curies":[{"name":"wp","href":"https:\/\/api.w.org\/{rel}","templated":true}]}}