{"id":18940,"date":"2024-07-15T18:00:25","date_gmt":"2024-07-15T22:00:25","guid":{"rendered":"https:\/\/lamphallen.se\/sv_se\/product\/led-kapsul-g4-3w-varmvit-220-240v-2700k-827-micro-3\/"},"modified":"2026-04-22T13:56:32","modified_gmt":"2026-04-22T11:56:32","slug":"led-kapsul-g4-3w-varmvit-220-240v-2700k-827-micro-3","status":"publish","type":"product","link":"https:\/\/lamphallen.se\/en\/product\/led-kapsul-g4-3w-varmvit-220-240v-2700k-827-micro-3\/","title":{"rendered":"LED CAPSULE 220-240V G4 3W WARM WHITE 2700K 827 MICRO-3"},"content":{"rendered":"<p>HL456L<\/p>\n<p>LED Typ:\u00a0SMD LED<br \/>\nAverage Life: 20.000 Hrs.<br \/>\nPower: 3W<br \/>\nEquivalent: 24W<br \/>\nLumen: 150\u00a0lm<br \/>\nSocket: G4<br \/>\nColor: Silicon<br \/>\nLight Temperature: 2700K<br \/>\nLight Color: WARM White<br \/>\nDimmable: No<br \/>\nEnergy Class: A+<br \/>\nRa: >Ra70<br \/>\nVoltage: 220-240V<br \/>\nMaterial:\u00a0Kisel<\/p>\n<p><strong>Technical Documents:<\/strong><\/p>\n<p><a href=\"https:\/\/lamphallen.se\/en\/images\/datasheets\/MICRO-3%20001-010-0003.pdf\/\">MICRO-3 DATASHEET<\/a><\/p>","protected":false},"excerpt":{"rendered":"<p>HL456L LED Typ:\u00a0SMD LED medellivsl\u00e4ngd: 20.000 tim. Effekt: 3W Motsvarar: 24W Lumen: 150\u00a0lm Sockel: G4 F\u00e4rg: Kisel Ljustemperatur: 2700K Ljus F\u00e4rg: VARMVIT Dimbar: Nej Energiklass: A+ Ra: >Ra70 Sp\u00e4nning: 220-240V Material:\u00a0Kisel Tekniska Dokument: MICRO-3 DATASHEET<\/p>","protected":false},"featured_media":18941,"comment_status":"closed","ping_status":"closed","template":"","meta":{"content-type":"","_joinchat":[]},"product_brand":[],"product_cat":[42],"product_tag":[],"berocket_brand":[35],"class_list":{"0":"post-18940","1":"product","2":"type-product","3":"status-publish","4":"has-post-thumbnail","6":"product_cat-led-kapsules","7":"berocket_brand-horoz-elektrik","9":"first","10":"instock","11":"sale","12":"taxable","13":"shipping-taxable","14":"purchasable","15":"product-type-simple"},"_links":{"self":[{"href":"https:\/\/lamphallen.se\/en\/wp-json\/wp\/v2\/product\/18940","targetHints":{"allow":["GET"]}}],"collection":[{"href":"https:\/\/lamphallen.se\/en\/wp-json\/wp\/v2\/product"}],"about":[{"href":"https:\/\/lamphallen.se\/en\/wp-json\/wp\/v2\/types\/product"}],"replies":[{"embeddable":true,"href":"https:\/\/lamphallen.se\/en\/wp-json\/wp\/v2\/comments?post=18940"}],"wp:featuredmedia":[{"embeddable":true,"href":"https:\/\/lamphallen.se\/en\/wp-json\/wp\/v2\/media\/18941"}],"wp:attachment":[{"href":"https:\/\/lamphallen.se\/en\/wp-json\/wp\/v2\/media?parent=18940"}],"wp:term":[{"taxonomy":"product_brand","embeddable":true,"href":"https:\/\/lamphallen.se\/en\/wp-json\/wp\/v2\/product_brand?post=18940"},{"taxonomy":"product_cat","embeddable":true,"href":"https:\/\/lamphallen.se\/en\/wp-json\/wp\/v2\/product_cat?post=18940"},{"taxonomy":"product_tag","embeddable":true,"href":"https:\/\/lamphallen.se\/en\/wp-json\/wp\/v2\/product_tag?post=18940"},{"taxonomy":"berocket_brand","embeddable":true,"href":"https:\/\/lamphallen.se\/en\/wp-json\/wp\/v2\/berocket_brand?post=18940"}],"curies":[{"name":"wp","href":"https:\/\/api.w.org\/{rel}","templated":true}]}}