{"id":18944,"date":"2024-07-15T18:00:26","date_gmt":"2024-07-15T22:00:26","guid":{"rendered":"https:\/\/lamphallen.se\/sv_se\/product\/led-kapsul-220-240v-mv-g9-3w-2700k-830-ersattare-24w-mega-3\/"},"modified":"2025-07-02T22:34:55","modified_gmt":"2025-07-02T20:34:55","slug":"led-kapsul-220-240v-mv-g9-3w-2700k-830-ersattare-24w-mega-3","status":"publish","type":"product","link":"https:\/\/lamphallen.se\/en\/product\/led-kapsul-220-240v-mv-g9-3w-2700k-830-ersattare-24w-mega-3\/","title":{"rendered":"LED Capsule 220-240V MV G9 3W 2700K 830 | REPLACE 24W MEGA-3"},"content":{"rendered":"<p>HL457L<\/p>\n<p>LED Type: SMD LED<br \/>\nAverage Life: 20.000 Hrs.<br \/>\nPower: 3W<br \/>\nEquivalent: 24W<br \/>\nLuminous Flux: 180 lm<br \/>\nSockel: G9<br \/>\nColor: Silicon<br \/>\nLight Temperature: 2700K<br \/>\nLight Color: WARM White<br \/>\nDimmable: No<br \/>\nEnergy Class: A+<br \/>\nColour Render Index:&gt; Ra70<br \/>\nVoltage: 220-240V<br \/>\nMaterial: Silicon<\/p>\n<p><strong>Technical Documents:<\/strong><\/p>\n<p><a href=\"https:\/\/lamphallen.se\/en\/images\/datasheets\/MEGA-3%20001%20011%200003.pdf\/\">MEGA-3 DATASHEET<\/a><\/p>","protected":false},"excerpt":{"rendered":"<p>HL457L LED Typ:&nbsp;SMD LED medellivsl\u00e4ngd: 20.000 tim. Effekt: 3W Motsvarar: 24W Lumen: 180 lm Sockel: G9 F\u00e4rg: Kisel Ljustemperatur: 2700K Ljus F\u00e4rg: VARM VIT Dimbar: Nej Energiklass: A+ Ra: &gt;Ra70 Sp\u00e4nning: 220-240V Material:&nbsp;Kisel Tekniska Dokument: MEGA-3 DATASHEET<\/p>","protected":false},"featured_media":18945,"comment_status":"open","ping_status":"closed","template":"","meta":{"content-type":"","_joinchat":[]},"product_brand":[],"product_cat":[42],"product_tag":[],"berocket_brand":[35],"class_list":{"0":"post-18944","1":"product","2":"type-product","3":"status-publish","4":"has-post-thumbnail","6":"product_cat-led-kapsules","7":"berocket_brand-horoz-elektrik","9":"first","10":"instock","11":"sale","12":"taxable","13":"shipping-taxable","14":"purchasable","15":"product-type-simple"},"_links":{"self":[{"href":"https:\/\/lamphallen.se\/en\/wp-json\/wp\/v2\/product\/18944","targetHints":{"allow":["GET"]}}],"collection":[{"href":"https:\/\/lamphallen.se\/en\/wp-json\/wp\/v2\/product"}],"about":[{"href":"https:\/\/lamphallen.se\/en\/wp-json\/wp\/v2\/types\/product"}],"replies":[{"embeddable":true,"href":"https:\/\/lamphallen.se\/en\/wp-json\/wp\/v2\/comments?post=18944"}],"wp:featuredmedia":[{"embeddable":true,"href":"https:\/\/lamphallen.se\/en\/wp-json\/wp\/v2\/media\/18945"}],"wp:attachment":[{"href":"https:\/\/lamphallen.se\/en\/wp-json\/wp\/v2\/media?parent=18944"}],"wp:term":[{"taxonomy":"product_brand","embeddable":true,"href":"https:\/\/lamphallen.se\/en\/wp-json\/wp\/v2\/product_brand?post=18944"},{"taxonomy":"product_cat","embeddable":true,"href":"https:\/\/lamphallen.se\/en\/wp-json\/wp\/v2\/product_cat?post=18944"},{"taxonomy":"product_tag","embeddable":true,"href":"https:\/\/lamphallen.se\/en\/wp-json\/wp\/v2\/product_tag?post=18944"},{"taxonomy":"berocket_brand","embeddable":true,"href":"https:\/\/lamphallen.se\/en\/wp-json\/wp\/v2\/berocket_brand?post=18944"}],"curies":[{"name":"wp","href":"https:\/\/api.w.org\/{rel}","templated":true}]}}