{"id":19050,"date":"2024-07-15T18:00:33","date_gmt":"2024-07-15T22:00:33","guid":{"rendered":"https:\/\/lamphallen.se\/sv_se\/product\/led-bulb-10w-e27-3000k-premier-10\/"},"modified":"2026-02-25T22:09:19","modified_gmt":"2026-02-25T21:09:19","slug":"led-bulb-10w-e27-3000k-premier-10","status":"publish","type":"product","link":"https:\/\/lamphallen.se\/en\/product\/led-bulb-10w-e27-3000k-premier-10\/","title":{"rendered":"LED BULB 10W E27 3000K PREMIER-10"},"content":{"rendered":"<p>HL4310L<\/p>\n<p>LED Type: SMD LED<br \/>\nAverage Life: 25.000 Hrs.<br \/>\nPower: 10W<br \/>\n<strong>Equivalent: 80W<\/strong><br \/>\nLuminous Flux: 1000 lm<br \/>\nSocket: E27<br \/>\nLight Temperature: <strong>3000K<\/strong><br \/>\nLight Color: <strong>Warm White<\/strong><br \/>\nDimmable: No<br \/>\nEnergy Class: A+<br \/>\nColour Render Index:&gt; Ra80<br \/>\nVoltage: 175V-250V<br \/>\nMaterial: Aluminium Housing with PMMA Diffuser<\/p>\n<p>Technical Documents:<\/p>\n<p><a href=\"https:\/\/lamphallen.se\/en\/images\/datasheets\/premier%2010%20%20001-006-0010.pdf\/\">Premier-10 Datasheet<\/a><\/p>","protected":false},"excerpt":{"rendered":"<p>HL4310L LED Typ: SMD LED medellivsl\u00e4ngd: 25.000 tim. Effekt: 10W Motsvarar: 80W Lumen:1000 lm Sockel: E27 Ljustemperatur: 3000K Ljus F\u00e4rg: Varmvit Dimbar: Nej Energiklass: A+ Ra: &gt;Ra80 Sp\u00e4nning: 175V-250V Material: Aluminium Housing with PMMA Diffuser Tekniska Dokument: Premier-10 Datasheet<\/p>","protected":false},"featured_media":19051,"comment_status":"open","ping_status":"closed","template":"","meta":{"content-type":"","_joinchat":[]},"product_brand":[],"product_cat":[41],"product_tag":[],"berocket_brand":[35],"class_list":{"0":"post-19050","1":"product","2":"type-product","3":"status-publish","4":"has-post-thumbnail","6":"product_cat-led-lampor","7":"berocket_brand-horoz-elektrik","9":"first","10":"instock","11":"sale","12":"taxable","13":"shipping-taxable","14":"purchasable","15":"product-type-simple"},"_links":{"self":[{"href":"https:\/\/lamphallen.se\/en\/wp-json\/wp\/v2\/product\/19050","targetHints":{"allow":["GET"]}}],"collection":[{"href":"https:\/\/lamphallen.se\/en\/wp-json\/wp\/v2\/product"}],"about":[{"href":"https:\/\/lamphallen.se\/en\/wp-json\/wp\/v2\/types\/product"}],"replies":[{"embeddable":true,"href":"https:\/\/lamphallen.se\/en\/wp-json\/wp\/v2\/comments?post=19050"}],"wp:featuredmedia":[{"embeddable":true,"href":"https:\/\/lamphallen.se\/en\/wp-json\/wp\/v2\/media\/19051"}],"wp:attachment":[{"href":"https:\/\/lamphallen.se\/en\/wp-json\/wp\/v2\/media?parent=19050"}],"wp:term":[{"taxonomy":"product_brand","embeddable":true,"href":"https:\/\/lamphallen.se\/en\/wp-json\/wp\/v2\/product_brand?post=19050"},{"taxonomy":"product_cat","embeddable":true,"href":"https:\/\/lamphallen.se\/en\/wp-json\/wp\/v2\/product_cat?post=19050"},{"taxonomy":"product_tag","embeddable":true,"href":"https:\/\/lamphallen.se\/en\/wp-json\/wp\/v2\/product_tag?post=19050"},{"taxonomy":"berocket_brand","embeddable":true,"href":"https:\/\/lamphallen.se\/en\/wp-json\/wp\/v2\/berocket_brand?post=19050"}],"curies":[{"name":"wp","href":"https:\/\/api.w.org\/{rel}","templated":true}]}}