{"id":19165,"date":"2024-07-15T18:09:07","date_gmt":"2024-07-15T22:09:07","guid":{"rendered":"https:\/\/lamphallen.se\/sv_se\/product\/led-downlight-6400k-cob-led-silver-jasmin\/"},"modified":"2024-07-23T08:36:07","modified_gmt":"2024-07-23T12:36:07","slug":"led-downlight-6400k-cob-led-silver-jasmin","status":"publish","type":"product","link":"https:\/\/lamphallen.se\/en\/product\/led-downlight-6400k-cob-led-silver-jasmin\/","title":{"rendered":"LED DOWNLIGHT 6400K COB LED SILVER &#8211; JASMIN"},"content":{"rendered":"<p>HL637L<\/p>\n<p>LED Type: SMD LED<br \/>\nAverage Life: 30.000 Hrs.<br \/>\nPower: 32W: 4X8W<br \/>\nEquivalent:&nbsp;<br \/>\nLumen: 2400 lm<br \/>\nLight Temperature: 6400K&nbsp;<br \/>\nLight Color: White&nbsp;<br \/>\nDimmable: No<br \/>\nEnergy Class:&nbsp;A to&nbsp;A++<br \/>\nColour Render Index:&gt; Ra80<br \/>\nVoltage: 220-240V<br \/>\nMaterial: Aluminium DIE CASTING BODY<\/p>\n<p><strong>Technical Documents:<\/strong><\/p>\n<p><a href=\"http:\/\/www.lamphallen.se\/images\/datasheets\/JASMIN.pdf\">JASMIN DATASHEET<\/a><\/p>","protected":false},"excerpt":{"rendered":"<p>HL637L LED Typ:&nbsp;SMD LED medellivsl\u00e4ngd: 30.000 tim. Effekt: 32W : 4X8W Motsvarar:&nbsp; Lumen: 2400 lm Ljustemperatur:6400K&nbsp; Ljus F\u00e4rg:&nbsp; VIT&nbsp; Dimbar: Nej Energiklass: A till&nbsp;A++ Ra: &gt;Ra80 Sp\u00e4nning: 220-240V Material: Aluminium Die Casting Body Tekniska Dokument: JASMIN DATASHEET<\/p>","protected":false},"featured_media":19166,"comment_status":"open","ping_status":"closed","template":"","meta":{"content-type":"","_joinchat":[]},"product_brand":[],"product_cat":[46],"product_tag":[],"berocket_brand":[35],"class_list":{"0":"post-19165","1":"product","2":"type-product","3":"status-publish","4":"has-post-thumbnail","6":"product_cat-led-downlights","7":"berocket_brand-horoz-elektrik","9":"first","10":"instock","11":"sale","12":"taxable","13":"shipping-taxable","14":"purchasable","15":"product-type-simple"},"_links":{"self":[{"href":"https:\/\/lamphallen.se\/en\/wp-json\/wp\/v2\/product\/19165","targetHints":{"allow":["GET"]}}],"collection":[{"href":"https:\/\/lamphallen.se\/en\/wp-json\/wp\/v2\/product"}],"about":[{"href":"https:\/\/lamphallen.se\/en\/wp-json\/wp\/v2\/types\/product"}],"replies":[{"embeddable":true,"href":"https:\/\/lamphallen.se\/en\/wp-json\/wp\/v2\/comments?post=19165"}],"wp:featuredmedia":[{"embeddable":true,"href":"https:\/\/lamphallen.se\/en\/wp-json\/wp\/v2\/media\/19166"}],"wp:attachment":[{"href":"https:\/\/lamphallen.se\/en\/wp-json\/wp\/v2\/media?parent=19165"}],"wp:term":[{"taxonomy":"product_brand","embeddable":true,"href":"https:\/\/lamphallen.se\/en\/wp-json\/wp\/v2\/product_brand?post=19165"},{"taxonomy":"product_cat","embeddable":true,"href":"https:\/\/lamphallen.se\/en\/wp-json\/wp\/v2\/product_cat?post=19165"},{"taxonomy":"product_tag","embeddable":true,"href":"https:\/\/lamphallen.se\/en\/wp-json\/wp\/v2\/product_tag?post=19165"},{"taxonomy":"berocket_brand","embeddable":true,"href":"https:\/\/lamphallen.se\/en\/wp-json\/wp\/v2\/berocket_brand?post=19165"}],"curies":[{"name":"wp","href":"https:\/\/api.w.org\/{rel}","templated":true}]}}