{"id":19386,"date":"2024-07-15T18:09:25","date_gmt":"2024-07-15T22:09:25","guid":{"rendered":"https:\/\/lamphallen.se\/sv_se\/product\/led-solcell-stralkastare-100w-med-pir-snsor-6400k-ip65-grand-100\/"},"modified":"2024-07-23T08:22:57","modified_gmt":"2024-07-23T12:22:57","slug":"led-solcell-stralkastare-100w-med-pir-snsor-6400k-ip65-grand-100","status":"publish","type":"product","link":"https:\/\/lamphallen.se\/en\/product\/led-solcell-stralkastare-100w-med-pir-snsor-6400k-ip65-grand-100\/","title":{"rendered":"LED SOLAR FLOODLIGHT 100W WITH PIR SENSOR 6400K IP65 GRAND-100"},"content":{"rendered":"<p><strong>Features:<\/strong><\/p>\n<ul>\n<li>Soldriven str\u00e5lkastare \u2013 noll elkostnad.<\/li>\n<li class=\"translation-block\">Designed with PIR sensor and remote control with auto and timer function.<\/li>\n<li>Induktionsl\u00e4ge: Ingen r\u00f6relse svagt ljus & R\u00f6relseuppt\u00e4ckt starkt ljus.<\/li>\n<li>Very easy to install(wireless)<\/li>\n<li>Perfectly built for outdoor use with IP65 ingress protection.<\/li>\n<li>Use: Suitable for paths, gardens, patios and similar outdoor environments.<\/li>\n<\/ul>\n<p><strong>Tekniska\u00a0Information:<\/strong><\/p>\n<ul>\n<li>LED Typ:\u00a0SMD LED<\/li>\n<li>Average Life: <strong>50.000 tim.<\/strong><\/li>\n<li>Power: 100W<\/li>\n<li>Voltage (V): 1 x 3.2V 5Ah lithium iron phosphate battery<\/li>\n<li>Sol\u00a0Panel: Polykisel, 6V\/9W<\/li>\n<li>Luminous Flux: <strong>984\u00a0<\/strong>lm<\/li>\n<li>Ljustemperatur:\u00a06400K<\/li>\n<li>Light Color: White<\/li>\n<li>Dimmable: No<\/li>\n<li>Skyddsklass:\u00a0IP65<\/li>\n<li>Energiklass: A till\u00a0A++<\/li>\n<li>Ra: >Ra70<\/li>\n<li>Uppv\u00e4rmningstid upp till 60 % av full ljus effekten:\u00a0Omedelbart fullt ljus<\/li>\n<li>Material: ABS +\u00a0Photovoltaic<\/li>\n<li>Laddningstid: 4-6\u00a0timmar (Molnigt 1 dag, regnigt 2 dagar)<\/li>\n<li>Varaktighet Tid:\u00a01 timme full ljusstyrka 12\u201315 timmar sensorl\u00e4ge<\/li>\n<li>Laddning och urladdning: >1500 g\u00e5nger<\/li>\n<li>Fj\u00e4rrkontroll:\u00a012 Meter\u00a02 Tim\u00a0\/ 4 Tim\u00a0\/ 6 Tim\u00a0<\/li>\n<li>Bestr\u00e5lningsarea (m2): 30\u00b2 meter<\/li>\n<li>Installation height (m): 3.5 meters<\/li>\n<li>M\u00e5tt: 40.5\u00d720.7\u00d76.5CM<\/li>\n<li>Weight:<\/li>\n<li>Box Qty: 10<\/li>\n<li><strong>Frakt till denna produkt \u00e4r 4-6\u00a0arbetsdagar direkt fr\u00e5n leverant\u00f6ren<\/strong><\/li>\n<\/ul>\n<p><strong>Technical Documents:<\/strong><\/p>\n<p><a href=\"http:\/\/lamphallen.se\/en\/images\/grand-100%20074-009-0100.pdf\/\">GRAND-100\u00a0DATASHEET<\/a><\/p>","protected":false},"excerpt":{"rendered":"<p>Funktioner: Soldriven str\u00e5lkastare \u2013 noll elkostnad. Designad med\u00a0PIR\u00a0sensor och\u00a0fj\u00e4rrkontroll med auto och timerfunktion. Induktionsl\u00e4ge: Ingen r\u00f6relse svagt ljus &#038; R\u00f6relseuppt\u00e4ckt starkt ljus. Mycket l\u00e4tt att installera (sladdl\u00f6s). Perfekt byggd f\u00f6r utomhusbruk med intr\u00e4ngningsskydd p\u00e5 IP65. Anv\u00e4ndning: L\u00e4mplig f\u00f6r stigar, tr\u00e4dg\u00e5rdar, uteplatser och liknande utomhusmilj\u00f6er. Tekniska\u00a0Information: LED Typ:\u00a0SMD LED Medellivsl\u00e4ngd: 50.000 tim. Effekt: 100W Sp\u00e4nning (V): 1 x 3.2V 5Ah Lithium [&hellip;]<\/p>\n","protected":false},"featured_media":19387,"comment_status":"open","ping_status":"closed","template":"","meta":{"content-type":"","_joinchat":[]},"product_brand":[],"product_cat":[70],"product_tag":[],"berocket_brand":[35],"class_list":{"0":"post-19386","1":"product","2":"type-product","3":"status-publish","4":"has-post-thumbnail","6":"product_cat-solarlampor","7":"berocket_brand-horoz-elektrik","9":"first","10":"onbackorder","11":"sale","12":"taxable","13":"shipping-taxable","14":"purchasable","15":"product-type-simple"},"_links":{"self":[{"href":"https:\/\/lamphallen.se\/en\/wp-json\/wp\/v2\/product\/19386","targetHints":{"allow":["GET"]}}],"collection":[{"href":"https:\/\/lamphallen.se\/en\/wp-json\/wp\/v2\/product"}],"about":[{"href":"https:\/\/lamphallen.se\/en\/wp-json\/wp\/v2\/types\/product"}],"replies":[{"embeddable":true,"href":"https:\/\/lamphallen.se\/en\/wp-json\/wp\/v2\/comments?post=19386"}],"wp:featuredmedia":[{"embeddable":true,"href":"https:\/\/lamphallen.se\/en\/wp-json\/wp\/v2\/media\/19387"}],"wp:attachment":[{"href":"https:\/\/lamphallen.se\/en\/wp-json\/wp\/v2\/media?parent=19386"}],"wp:term":[{"taxonomy":"product_brand","embeddable":true,"href":"https:\/\/lamphallen.se\/en\/wp-json\/wp\/v2\/product_brand?post=19386"},{"taxonomy":"product_cat","embeddable":true,"href":"https:\/\/lamphallen.se\/en\/wp-json\/wp\/v2\/product_cat?post=19386"},{"taxonomy":"product_tag","embeddable":true,"href":"https:\/\/lamphallen.se\/en\/wp-json\/wp\/v2\/product_tag?post=19386"},{"taxonomy":"berocket_brand","embeddable":true,"href":"https:\/\/lamphallen.se\/en\/wp-json\/wp\/v2\/berocket_brand?post=19386"}],"curies":[{"name":"wp","href":"https:\/\/api.w.org\/{rel}","templated":true}]}}