{"id":19390,"date":"2024-07-15T18:09:25","date_gmt":"2024-07-15T22:09:25","guid":{"rendered":"https:\/\/lamphallen.se\/sv_se\/product\/led-solcell-stralkastare-25w-12-15-tim-6400k-ip65-tiger-25\/"},"modified":"2024-08-01T09:10:38","modified_gmt":"2024-08-01T13:10:38","slug":"led-solcell-stralkastare-25w-12-15-tim-6400k-ip65-tiger-25","status":"publish","type":"product","link":"https:\/\/lamphallen.se\/en\/product\/led-solcell-stralkastare-25w-12-15-tim-6400k-ip65-tiger-25\/","title":{"rendered":"LED SOLCELL STR\u00c5LKASTARE 25W 12-15 Tim 6400K IP65 TIGER-25"},"content":{"rendered":"<p><strong>Features:<\/strong><\/p>\n<ul>\n<li>Solar Powered Floodlight - Zero electricity cost.<\/li>\n<li>Designed with remote control, auto and timer function.<\/li>\n<li>Very easy to install(cordless)<\/li>\n<li>Perfectly built for outdoor with Ingress protection of IP65<\/li>\n<li>Applications: Suitable for Pathways, Garden, Patio and similar outdoor environment<\/li>\n<\/ul>\n<p><strong>Technical Information:<\/strong><\/p>\n<ul>\n<li>LED Type: SMD LED<\/li>\n<li><strong>Average life: 50,000 hrs.<\/strong><\/li>\n<li>Power: <strong>25W<\/strong><\/li>\n<li>Voltage (V): 3.2V 5Ah lithium iron phosphate battery<\/li>\n<li>Solar panel: Polysilicon, 6V\/12W<\/li>\n<li>Luminous Flux: <strong>465&nbsp;lm<\/strong><\/li>\n<li>Light Temperature:\u00a06400K<\/li>\n<li>Light Color: White<\/li>\n<li>Dimmable: No<\/li>\n<li>Protection class&nbsp;<strong>IP65<\/strong><\/li>\n<li>Energy Class:&nbsp;A to&nbsp;A++<\/li>\n<li>Colour Render Index:&gt; Ra70<\/li>\n<li>Warm-up time up to 60% of full light output: Instant full light<\/li>\n<li>Material: ABS<\/li>\n<li><strong>Charging time:<\/strong>4-6 hours (Cloudy 1 day, rainy 2 days<\/li>\n<li>Duration Time: <strong>12-15 timmar<\/strong><\/li>\n<li>Charging and discharging: &gt;1500 times<\/li>\n<li>Remote control: 12 Meters With 5 meter cable &amp; U-bracket<\/li>\n<li>Installation height (m): 2-3 meters<\/li>\n<li>Floodlight Dimensions: 20.5x15.8x5 CM<\/li>\n<li>Panel Dimensions: 22x13.5 CM<\/li>\n<li>Weight:<\/li>\n<li>Box Qty: 8<\/li>\n<li><strong>Shipping for this product is 4-6 business days direct from supplier<\/strong><\/li>\n<\/ul>\n<p><strong>Technical Documents:<\/strong><\/p>\n<p><a href=\"http:\/\/lamphallen.se\/en\/images\/solcell str\u00e5lkastare IP65 068-012-0025..pdf\/\">TIGER-25&nbsp;DATASHEET<\/a><\/p>","protected":false},"excerpt":{"rendered":"<p>Funktioner: Soldriven str\u00e5lkastare &#8211; noll elkostnad. Designad med fj\u00e4rrkontroll, auto och timerfunktion. Mycket l\u00e4tt att installera (sladdl\u00f6s) Perfekt byggd f\u00f6r utomhusbruk med intr\u00e4ngningsskydd p\u00e5 IP65 Anv\u00e4ndning: L\u00e4mplig f\u00f6r stigar, tr\u00e4dg\u00e5rdar, uteplatser och liknande utomhusmilj\u00f6er Tekniska&nbsp;Information: LED Typ:&nbsp;SMD LED Medellivsl\u00e4ngd: 50.000 tim. Effekt: 25W Sp\u00e4nning (V): 3.2V 5Ah Lithium Iron Phosphate Batteri Sol&nbsp;Panel: Polykisel, 6V\/12W Lumen: 465&nbsp;lm Ljustemperatur:&nbsp;6400K Ljus F\u00e4rg: Dagsljus [&hellip;]<\/p>\n","protected":false},"featured_media":19391,"comment_status":"open","ping_status":"closed","template":"","meta":{"content-type":"","_joinchat":[]},"product_brand":[],"product_cat":[70],"product_tag":[],"berocket_brand":[35],"class_list":{"0":"post-19390","1":"product","2":"type-product","3":"status-publish","4":"has-post-thumbnail","6":"product_cat-solarlampor","7":"berocket_brand-horoz-elektrik","9":"first","10":"onbackorder","11":"sale","12":"taxable","13":"shipping-taxable","14":"purchasable","15":"product-type-simple"},"_links":{"self":[{"href":"https:\/\/lamphallen.se\/en\/wp-json\/wp\/v2\/product\/19390","targetHints":{"allow":["GET"]}}],"collection":[{"href":"https:\/\/lamphallen.se\/en\/wp-json\/wp\/v2\/product"}],"about":[{"href":"https:\/\/lamphallen.se\/en\/wp-json\/wp\/v2\/types\/product"}],"replies":[{"embeddable":true,"href":"https:\/\/lamphallen.se\/en\/wp-json\/wp\/v2\/comments?post=19390"}],"wp:featuredmedia":[{"embeddable":true,"href":"https:\/\/lamphallen.se\/en\/wp-json\/wp\/v2\/media\/19391"}],"wp:attachment":[{"href":"https:\/\/lamphallen.se\/en\/wp-json\/wp\/v2\/media?parent=19390"}],"wp:term":[{"taxonomy":"product_brand","embeddable":true,"href":"https:\/\/lamphallen.se\/en\/wp-json\/wp\/v2\/product_brand?post=19390"},{"taxonomy":"product_cat","embeddable":true,"href":"https:\/\/lamphallen.se\/en\/wp-json\/wp\/v2\/product_cat?post=19390"},{"taxonomy":"product_tag","embeddable":true,"href":"https:\/\/lamphallen.se\/en\/wp-json\/wp\/v2\/product_tag?post=19390"},{"taxonomy":"berocket_brand","embeddable":true,"href":"https:\/\/lamphallen.se\/en\/wp-json\/wp\/v2\/berocket_brand?post=19390"}],"curies":[{"name":"wp","href":"https:\/\/api.w.org\/{rel}","templated":true}]}}