{"id":19563,"date":"2024-07-15T18:09:33","date_gmt":"2024-07-15T22:09:33","guid":{"rendered":"https:\/\/lamphallen.se\/sv_se\/product\/led-pendel-taklampa\/"},"modified":"2024-07-15T18:09:34","modified_gmt":"2024-07-15T22:09:34","slug":"led-pendel-taklampa","status":"publish","type":"product","link":"https:\/\/lamphallen.se\/en\/product\/led-pendel-taklampa\/","title":{"rendered":"LED PENDANT ROOF LAMP"},"content":{"rendered":"<p>Material: Metal<br \/>\nControl Method: Switch<br \/>\nStyle: Modern<br \/>\nCompatibility: Amazon Alexa<br \/>\nEmbellishment: Other Embellishments<br \/>\nSpecial Features: Other Special Functions<br \/>\nFeature: Other Features<br \/>\nLight Fixture Form: Close to ceiling<br \/>\nLamp Shade Material: Metal<br \/>\nMetal Finish Type: Polished<br \/>\nMounting Type: Flush mount<br \/>\nIncluded Components: Installation hardware<br \/>\nPower Supply: Hard-Wired<br \/>\nAcceptable Voltage Range: 85V-265V<br \/>\nBattery Properties: Without Battery<\/p>\n<p>\u00a0<\/p>\n<p>\u00a0<\/p>","protected":false},"excerpt":{"rendered":"<p>Material: Metall Kontrollmetod: Switch Stil: Modernt Kompatibilitet: Amazon Alexa Utsmyckning: \u00d6vriga utsmyckningar Specialfunktioner: Andra specialfunktioner Funktion: Andra funktioner Armaturform: N\u00e4ra tak Lampsk\u00e4rm Material: Metall Metall Finish Typ: Polerad Monteringstyp: Inf\u00e4lld montering Komponenter som ing\u00e5r: Installationsh\u00e5rdvara Str\u00f6mf\u00f6rs\u00f6rjning: Hard-wired Acceptabelt sp\u00e4nningsomr\u00e5de: 85V-265V Batteriegenskaper: Utan batteri \u00a0 \u00a0<\/p>","protected":false},"featured_media":19564,"comment_status":"closed","ping_status":"closed","template":"","meta":{"content-type":"","_joinchat":[]},"product_brand":[],"product_cat":[52],"product_tag":[],"berocket_brand":[35],"class_list":{"0":"post-19563","1":"product","2":"type-product","3":"status-publish","4":"has-post-thumbnail","6":"product_cat-pendellampor","7":"berocket_brand-horoz-elektrik","9":"first","10":"instock","11":"sale","12":"taxable","13":"shipping-taxable","14":"purchasable","15":"product-type-simple"},"_links":{"self":[{"href":"https:\/\/lamphallen.se\/en\/wp-json\/wp\/v2\/product\/19563","targetHints":{"allow":["GET"]}}],"collection":[{"href":"https:\/\/lamphallen.se\/en\/wp-json\/wp\/v2\/product"}],"about":[{"href":"https:\/\/lamphallen.se\/en\/wp-json\/wp\/v2\/types\/product"}],"replies":[{"embeddable":true,"href":"https:\/\/lamphallen.se\/en\/wp-json\/wp\/v2\/comments?post=19563"}],"wp:featuredmedia":[{"embeddable":true,"href":"https:\/\/lamphallen.se\/en\/wp-json\/wp\/v2\/media\/19564"}],"wp:attachment":[{"href":"https:\/\/lamphallen.se\/en\/wp-json\/wp\/v2\/media?parent=19563"}],"wp:term":[{"taxonomy":"product_brand","embeddable":true,"href":"https:\/\/lamphallen.se\/en\/wp-json\/wp\/v2\/product_brand?post=19563"},{"taxonomy":"product_cat","embeddable":true,"href":"https:\/\/lamphallen.se\/en\/wp-json\/wp\/v2\/product_cat?post=19563"},{"taxonomy":"product_tag","embeddable":true,"href":"https:\/\/lamphallen.se\/en\/wp-json\/wp\/v2\/product_tag?post=19563"},{"taxonomy":"berocket_brand","embeddable":true,"href":"https:\/\/lamphallen.se\/en\/wp-json\/wp\/v2\/berocket_brand?post=19563"}],"curies":[{"name":"wp","href":"https:\/\/api.w.org\/{rel}","templated":true}]}}