{"id":19580,"date":"2024-07-15T18:10:07","date_gmt":"2024-07-15T22:10:07","guid":{"rendered":"https:\/\/lamphallen.se\/sv_se\/product\/varlden-glas-hanglampa-transparent-vt-7302\/"},"modified":"2024-07-15T18:10:07","modified_gmt":"2024-07-15T22:10:07","slug":"varlden-glas-hanglampa-transparent-vt-7302","status":"publish","type":"product","link":"https:\/\/lamphallen.se\/en\/product\/varlden-glas-hanglampa-transparent-vt-7302\/","title":{"rendered":"GLOBE GLASS PENDANT LIGHT -TRANSPARENT VT-7302"},"content":{"rendered":"<p>VT-7302 GLOBE GLASS PENDANT LIGHT -TRANSPARENT D:300<\/p>\n<p>LOAD: MAX 60W<br \/>\nSocket: E27<br \/>\nColor: Transparent<br \/>\nBody Type: Glass + Metal<br \/>\nDimmable: No<br \/>\nProtection Class: IP20<br \/>\nVoltage: AC:220-240V,50\/60Hz<br \/>\nDimensions: 300x280x1000mm<br \/>\nWarranty: 5 Years<\/p>\n<p><strong>Features:<\/strong><\/p>\n<ul>\n<li>Stylish Pendant Lamps and Holders available in Various shapes And sizes.<\/li>\n<li>Most suitable with A60, Candle, ST-64 &amp; Globe series bulbs.<\/li>\n<li>Easy to Install.<\/li>\n<li>Vibrant &amp; Elegant colors available.<\/li>\n<li>Applicable with E14 &amp; E27 base, up to 60W applicable.<\/li>\n<li>AC:220-240V Input voltage required.<\/li>\n<li>Pendant lamps available in Copper, Metal, Glass, Sandfinish &amp; Wooden series.<\/li>\n<li>Pendant holders available in Bottle shape, Chrome, Wooden, Concrete, Metal &amp; Porcelain series.<\/li>\n<\/ul>\n<p><strong>Packaging:<\/strong><\/p>\n<p>Unit Details:<\/p>\n<p>Gross Weight(GW) Kgs: 2.42<\/p>\n<p>Length(Box): 340mm Width(Box): 340mm Height(Box): 335mm<\/p>\n<p>Unit CBM: 0.038726<\/p>\n<p><strong>Master Box Packaging:<\/strong><\/p>\n<p>Master Box Qty (Pcs Per Carton): 8<\/p>\n<p>Qty Per Pallet: 24<\/p>\n<p><strong>Listing Details<\/strong><\/p>\n<p>EAN Code: 3800157620758<\/p>\n<p>Commodity Code: 9405109890<\/p>","protected":false},"excerpt":{"rendered":"<p>VT-7302&nbsp;V\u00c4RLDEN GLAS H\u00c4NGLAMPA &#8211; TRANSPARENT LOAD: MAX 60W H\u00e5llare typ:&nbsp;E27 F\u00e4rg: Transparent Kroppstyp: Glas + Metal Dimbar: Nej Skyddsklass: IP20 Sp\u00e4nning:&nbsp;AC:220-240V,50\/60Hz M\u00e5tt: 300x280x1000mm Garanti: 5&nbsp;\u00e5rs Funktioner: Stylish Pendant Lamps and Holders available in Various shapes And sizes. Most suitable with A60, Candle, ST-64 &amp; Globe series bulbs. Easy to Install. Vibrant &amp; Elegant colors available. Applicable with E14 &amp; E27 [&hellip;]<\/p>\n","protected":false},"featured_media":19581,"comment_status":"closed","ping_status":"closed","template":"","meta":{"content-type":"","_joinchat":[]},"product_brand":[],"product_cat":[52],"product_tag":[],"berocket_brand":[39],"class_list":{"0":"post-19580","1":"product","2":"type-product","3":"status-publish","4":"has-post-thumbnail","6":"product_cat-pendellampor","7":"berocket_brand-v-tac","9":"first","10":"instock","11":"sale","12":"taxable","13":"shipping-taxable","14":"purchasable","15":"product-type-simple"},"_links":{"self":[{"href":"https:\/\/lamphallen.se\/en\/wp-json\/wp\/v2\/product\/19580","targetHints":{"allow":["GET"]}}],"collection":[{"href":"https:\/\/lamphallen.se\/en\/wp-json\/wp\/v2\/product"}],"about":[{"href":"https:\/\/lamphallen.se\/en\/wp-json\/wp\/v2\/types\/product"}],"replies":[{"embeddable":true,"href":"https:\/\/lamphallen.se\/en\/wp-json\/wp\/v2\/comments?post=19580"}],"wp:featuredmedia":[{"embeddable":true,"href":"https:\/\/lamphallen.se\/en\/wp-json\/wp\/v2\/media\/19581"}],"wp:attachment":[{"href":"https:\/\/lamphallen.se\/en\/wp-json\/wp\/v2\/media?parent=19580"}],"wp:term":[{"taxonomy":"product_brand","embeddable":true,"href":"https:\/\/lamphallen.se\/en\/wp-json\/wp\/v2\/product_brand?post=19580"},{"taxonomy":"product_cat","embeddable":true,"href":"https:\/\/lamphallen.se\/en\/wp-json\/wp\/v2\/product_cat?post=19580"},{"taxonomy":"product_tag","embeddable":true,"href":"https:\/\/lamphallen.se\/en\/wp-json\/wp\/v2\/product_tag?post=19580"},{"taxonomy":"berocket_brand","embeddable":true,"href":"https:\/\/lamphallen.se\/en\/wp-json\/wp\/v2\/berocket_brand?post=19580"}],"curies":[{"name":"wp","href":"https:\/\/api.w.org\/{rel}","templated":true}]}}