{"id":19664,"date":"2024-07-15T18:10:11","date_gmt":"2024-07-15T22:10:11","guid":{"rendered":"https:\/\/lamphallen.se\/sv_se\/product\/saving-energy-lamp-e27-15w-2700k-ip65-airam\/"},"modified":"2024-07-15T18:10:11","modified_gmt":"2024-07-15T22:10:11","slug":"saving-energy-lamp-e27-15w-2700k-ip65-airam","status":"publish","type":"product","link":"https:\/\/lamphallen.se\/en\/product\/saving-energy-lamp-e27-15w-2700k-ip65-airam\/","title":{"rendered":"SAVING ENERGY LAMP E27 15W 2700K IP65 AIRAM"},"content":{"rendered":"<p>Lamp Type:&nbsp;<br \/>\nAverage Life: 10.000 Hrs.<br \/>\nPower: 15W<br \/>\nLumen: 550 lm<br \/>\nEquivalent: 150W&nbsp;<br \/>\nSocket: E27<br \/>\nLight Temperature: 2700K<br \/>\nLight Color: Warm White<br \/>\nDimmable: No<br \/>\nEnergy Class: A<br \/>\nColour Render Index:&gt; Ra80<br \/>\nVoltage: 220-240V<br \/>\nMaterial: Glass<\/p>","protected":false},"excerpt":{"rendered":"<p>Lamp&nbsp;Typ:&nbsp; medellivsl\u00e4ngd: 10.000 tim. Effekt: 15W Lumen: 550 lm Motsvarar: 150W&nbsp; Sockel: E27 Ljustemperatur: 2700K Ljus F\u00e4rg: Varm vit Dimbar: Nej Energiklass: A Ra: &gt;Ra80 Sp\u00e4nning: 220-240V Material: Glass<\/p>","protected":false},"featured_media":19665,"comment_status":"closed","ping_status":"closed","template":"","meta":{"content-type":"","_joinchat":[]},"product_brand":[],"product_cat":[44],"product_tag":[],"berocket_brand":[34],"class_list":{"0":"post-19664","1":"product","2":"type-product","3":"status-publish","4":"has-post-thumbnail","6":"product_cat-lagenergilampor","7":"berocket_brand-airam","9":"first","10":"instock","11":"taxable","12":"shipping-taxable","13":"purchasable","14":"product-type-simple"},"_links":{"self":[{"href":"https:\/\/lamphallen.se\/en\/wp-json\/wp\/v2\/product\/19664","targetHints":{"allow":["GET"]}}],"collection":[{"href":"https:\/\/lamphallen.se\/en\/wp-json\/wp\/v2\/product"}],"about":[{"href":"https:\/\/lamphallen.se\/en\/wp-json\/wp\/v2\/types\/product"}],"replies":[{"embeddable":true,"href":"https:\/\/lamphallen.se\/en\/wp-json\/wp\/v2\/comments?post=19664"}],"wp:featuredmedia":[{"embeddable":true,"href":"https:\/\/lamphallen.se\/en\/wp-json\/wp\/v2\/media\/19665"}],"wp:attachment":[{"href":"https:\/\/lamphallen.se\/en\/wp-json\/wp\/v2\/media?parent=19664"}],"wp:term":[{"taxonomy":"product_brand","embeddable":true,"href":"https:\/\/lamphallen.se\/en\/wp-json\/wp\/v2\/product_brand?post=19664"},{"taxonomy":"product_cat","embeddable":true,"href":"https:\/\/lamphallen.se\/en\/wp-json\/wp\/v2\/product_cat?post=19664"},{"taxonomy":"product_tag","embeddable":true,"href":"https:\/\/lamphallen.se\/en\/wp-json\/wp\/v2\/product_tag?post=19664"},{"taxonomy":"berocket_brand","embeddable":true,"href":"https:\/\/lamphallen.se\/en\/wp-json\/wp\/v2\/berocket_brand?post=19664"}],"curies":[{"name":"wp","href":"https:\/\/api.w.org\/{rel}","templated":true}]}}