{"id":19766,"date":"2024-07-15T18:10:19","date_gmt":"2024-07-15T22:10:19","guid":{"rendered":"https:\/\/lamphallen.se\/sv_se\/product\/stralkastare-led-30w-vattentat-ip65-remix-30\/"},"modified":"2024-07-23T05:58:35","modified_gmt":"2024-07-23T09:58:35","slug":"stralkastare-led-30w-vattentat-ip65-remix-30","status":"publish","type":"product","link":"https:\/\/lamphallen.se\/en\/product\/stralkastare-led-30w-vattentat-ip65-remix-30\/","title":{"rendered":"PROJECTOR LED 30W WATERPROOF IP65 REMIX-30"},"content":{"rendered":"<p>Perfect outdoor lighting for the garage driveway, site lighting, garden lighting, security lighting, industrial lighting and more.\n\nDo you have halogen lamps as outdoor lighting? These LED floodlights are very energy-saving outdoor lighting in comparison to energy-guzzling halogen lamps, where the LED floodlights very quickly save the entire cost of the purchase on the electricity bill!\n\nAluminum chassis with tempered front glass for outdoor use (IP65 class).\nOnly 5% degeneration or deterioration of the LED diode after 10000 hours,<\/p>\n<p>i.e.<\/p>\n<p>Industrial Quality<br \/>\n.<\/p>\n<p>LED Type: SMD LED<br \/>\nAverage Life: 25.000 Hrs.<br \/>\nPower: 30W<br \/>\nEquivalent: 240W<br \/>\nLuminous Flux: <strong>2400 lm<\/strong><br \/>\nLight Temperature: <strong>RGB+6400K<\/strong><br \/>\nLight Color:<strong> RGB + Dagsljus<\/strong><br \/>\nDimmable: No<br \/>\nEnergy Class:&nbsp;A to&nbsp;A++<br \/>\nColour Render Index:&gt; Ra80<br \/>\nVoltage: 100-265V<br \/>\nBox Quantity: 40<br \/>\nMaterial: Aluminium DIE CASTING BODY<\/p>\n<p><strong>Expected to ship within 5 working days if it's not in stock.<\/strong><\/p>\n<p><strong>Technical Information:<\/strong><\/p>\n<p><a href=\"http:\/\/lamphallen.se\/en\/images\/remix-30 068-020-0030.pdf\/\">Remix-30 Datasheet<\/a><\/p>","protected":false},"excerpt":{"rendered":"<p>Perfekt utomhus belysning f\u00f6r garageuppfarten, tomt belysning, tr\u00e4dg\u00e5rdsbelysning, bevaknings belysning, industribelysning med mera. Har du halogenlampor som utomhusbelysning? Dessa LED str\u00e5lkastare \u00e4r mycket energibesparande utomhusbelysning i j\u00e4mf\u00f6relse med energislukande halogenlampor d\u00e4r LED str\u00e5lkastarna mycket snabbt sparar in hela kostnaden f\u00f6r ink\u00f6pet p\u00e5 elr\u00e4kningen! Chassi i aluminium med h\u00e4rdat frontglas f\u00f6r utomhusbruk (IP65-klass). Endast 5% degenerering eller f\u00f6rs\u00e4mring av LED dioden [&hellip;]<\/p>\n","protected":false},"featured_media":19767,"comment_status":"open","ping_status":"closed","template":"","meta":{"content-type":"","_joinchat":[]},"product_brand":[],"product_cat":[74],"product_tag":[],"berocket_brand":[35],"class_list":{"0":"post-19766","1":"product","2":"type-product","3":"status-publish","4":"has-post-thumbnail","6":"product_cat-stralkastare","7":"berocket_brand-horoz-elektrik","9":"first","10":"onbackorder","11":"sale","12":"taxable","13":"shipping-taxable","14":"purchasable","15":"product-type-simple"},"_links":{"self":[{"href":"https:\/\/lamphallen.se\/en\/wp-json\/wp\/v2\/product\/19766","targetHints":{"allow":["GET"]}}],"collection":[{"href":"https:\/\/lamphallen.se\/en\/wp-json\/wp\/v2\/product"}],"about":[{"href":"https:\/\/lamphallen.se\/en\/wp-json\/wp\/v2\/types\/product"}],"replies":[{"embeddable":true,"href":"https:\/\/lamphallen.se\/en\/wp-json\/wp\/v2\/comments?post=19766"}],"wp:featuredmedia":[{"embeddable":true,"href":"https:\/\/lamphallen.se\/en\/wp-json\/wp\/v2\/media\/19767"}],"wp:attachment":[{"href":"https:\/\/lamphallen.se\/en\/wp-json\/wp\/v2\/media?parent=19766"}],"wp:term":[{"taxonomy":"product_brand","embeddable":true,"href":"https:\/\/lamphallen.se\/en\/wp-json\/wp\/v2\/product_brand?post=19766"},{"taxonomy":"product_cat","embeddable":true,"href":"https:\/\/lamphallen.se\/en\/wp-json\/wp\/v2\/product_cat?post=19766"},{"taxonomy":"product_tag","embeddable":true,"href":"https:\/\/lamphallen.se\/en\/wp-json\/wp\/v2\/product_tag?post=19766"},{"taxonomy":"berocket_brand","embeddable":true,"href":"https:\/\/lamphallen.se\/en\/wp-json\/wp\/v2\/berocket_brand?post=19766"}],"curies":[{"name":"wp","href":"https:\/\/api.w.org\/{rel}","templated":true}]}}