{"id":19862,"date":"2024-07-15T18:10:24","date_gmt":"2024-07-15T22:10:24","guid":{"rendered":"https:\/\/lamphallen.se\/sv_se\/product\/led-spotlight-downlight-vattentat-ip65-sardunya-r\/"},"modified":"2026-04-06T14:00:27","modified_gmt":"2026-04-06T12:00:27","slug":"led-spotlight-downlight-vattentat-ip65-sardunya-r","status":"publish","type":"product","link":"https:\/\/lamphallen.se\/en\/product\/led-spotlight-downlight-vattentat-ip65-sardunya-r\/","title":{"rendered":"LED-SPOTLIGHT DOWNLIGHT WATEERPORRF IP65 &#8211; SARDUNYA-R"},"content":{"rendered":"<p>Color: White<br \/>\nVoltage: 220-240V<br \/>\nMax Power: 50W<br \/>\nMaterials: Aluminium<br \/>\nLamp Holder Not Included<\/p>\n<p><strong>Technical Documents:<\/strong><\/p>\n<p><a href=\"http:\/\/www.horozelektrik.com\/Data\/Document\/Product\/623\/015-017-0050-.pdf\">SARDUNYA-R Datasheet<\/a><\/p>","protected":false},"excerpt":{"rendered":"<p>F\u00e4rg: White Sp\u00e4nning: 220-240V Max.50W Material: Aluminium Lamph\u00e5llare ing\u00e5r ej Tekniska Dokument: SARDUNYA-R Datasheet<\/p>","protected":false},"featured_media":19863,"comment_status":"open","ping_status":"closed","template":"","meta":{"content-type":"","_joinchat":[]},"product_brand":[],"product_cat":[89],"product_tag":[],"berocket_brand":[35],"class_list":{"0":"post-19862","1":"product","2":"type-product","3":"status-publish","4":"has-post-thumbnail","6":"product_cat-led-spotlight","7":"berocket_brand-horoz-elektrik","9":"first","10":"instock","11":"sale","12":"taxable","13":"shipping-taxable","14":"purchasable","15":"product-type-simple"},"_links":{"self":[{"href":"https:\/\/lamphallen.se\/en\/wp-json\/wp\/v2\/product\/19862","targetHints":{"allow":["GET"]}}],"collection":[{"href":"https:\/\/lamphallen.se\/en\/wp-json\/wp\/v2\/product"}],"about":[{"href":"https:\/\/lamphallen.se\/en\/wp-json\/wp\/v2\/types\/product"}],"replies":[{"embeddable":true,"href":"https:\/\/lamphallen.se\/en\/wp-json\/wp\/v2\/comments?post=19862"}],"wp:featuredmedia":[{"embeddable":true,"href":"https:\/\/lamphallen.se\/en\/wp-json\/wp\/v2\/media\/19863"}],"wp:attachment":[{"href":"https:\/\/lamphallen.se\/en\/wp-json\/wp\/v2\/media?parent=19862"}],"wp:term":[{"taxonomy":"product_brand","embeddable":true,"href":"https:\/\/lamphallen.se\/en\/wp-json\/wp\/v2\/product_brand?post=19862"},{"taxonomy":"product_cat","embeddable":true,"href":"https:\/\/lamphallen.se\/en\/wp-json\/wp\/v2\/product_cat?post=19862"},{"taxonomy":"product_tag","embeddable":true,"href":"https:\/\/lamphallen.se\/en\/wp-json\/wp\/v2\/product_tag?post=19862"},{"taxonomy":"berocket_brand","embeddable":true,"href":"https:\/\/lamphallen.se\/en\/wp-json\/wp\/v2\/berocket_brand?post=19862"}],"curies":[{"name":"wp","href":"https:\/\/api.w.org\/{rel}","templated":true}]}}