{"id":19953,"date":"2024-07-15T18:10:30","date_gmt":"2024-07-15T22:10:30","guid":{"rendered":"https:\/\/lamphallen.se\/sv_se\/product\/lamphallare-e27-sockel\/"},"modified":"2025-12-04T21:49:35","modified_gmt":"2025-12-04T20:49:35","slug":"lamphallare-e27-sockel","status":"publish","type":"product","link":"https:\/\/lamphallen.se\/en\/product\/lamphallare-e27-sockel\/","title":{"rendered":"LAMP HOLDER SOCKET E27"},"content":{"rendered":"<p>Ungrounded lamp plug<\/p>\n<p>Lamppropp<\/p>\n<p>Voltage: 250V, 2A<\/p>\n<p>Color: White<\/p>\n<p>Technical Documents:<\/p>\n<p><a href=\"http:\/\/www.lamphallen.se\/images\/datasheets\/LAMP HOLDER 094-002 SERIES.pdf\">HL 585 DATASHEET<\/a><\/p>","protected":false},"excerpt":{"rendered":"<p>Ojordat sladdst\u00e4ll. Lamppropp Sp\u00e4nning: 250V, 2A F\u00e4rg: Vit Tekniska Dokument: HL 585 DATASHEET<\/p>","protected":false},"featured_media":19954,"comment_status":"open","ping_status":"closed","template":"","meta":{"content-type":"","_joinchat":[]},"product_brand":[],"product_cat":[81],"product_tag":[],"berocket_brand":[35],"class_list":{"0":"post-19953","1":"product","2":"type-product","3":"status-publish","4":"has-post-thumbnail","6":"product_cat-tillbehor","7":"berocket_brand-horoz-elektrik","9":"first","10":"instock","11":"sale","12":"taxable","13":"shipping-taxable","14":"purchasable","15":"product-type-simple"},"_links":{"self":[{"href":"https:\/\/lamphallen.se\/en\/wp-json\/wp\/v2\/product\/19953","targetHints":{"allow":["GET"]}}],"collection":[{"href":"https:\/\/lamphallen.se\/en\/wp-json\/wp\/v2\/product"}],"about":[{"href":"https:\/\/lamphallen.se\/en\/wp-json\/wp\/v2\/types\/product"}],"replies":[{"embeddable":true,"href":"https:\/\/lamphallen.se\/en\/wp-json\/wp\/v2\/comments?post=19953"}],"wp:featuredmedia":[{"embeddable":true,"href":"https:\/\/lamphallen.se\/en\/wp-json\/wp\/v2\/media\/19954"}],"wp:attachment":[{"href":"https:\/\/lamphallen.se\/en\/wp-json\/wp\/v2\/media?parent=19953"}],"wp:term":[{"taxonomy":"product_brand","embeddable":true,"href":"https:\/\/lamphallen.se\/en\/wp-json\/wp\/v2\/product_brand?post=19953"},{"taxonomy":"product_cat","embeddable":true,"href":"https:\/\/lamphallen.se\/en\/wp-json\/wp\/v2\/product_cat?post=19953"},{"taxonomy":"product_tag","embeddable":true,"href":"https:\/\/lamphallen.se\/en\/wp-json\/wp\/v2\/product_tag?post=19953"},{"taxonomy":"berocket_brand","embeddable":true,"href":"https:\/\/lamphallen.se\/en\/wp-json\/wp\/v2\/berocket_brand?post=19953"}],"curies":[{"name":"wp","href":"https:\/\/api.w.org\/{rel}","templated":true}]}}