{"id":20043,"date":"2024-07-15T18:10:35","date_gmt":"2024-07-15T22:10:35","guid":{"rendered":"https:\/\/lamphallen.se\/sv_se\/product\/anslutningsklamma-2-pol-slim-connector-2\/"},"modified":"2026-03-25T10:46:12","modified_gmt":"2026-03-25T09:46:12","slug":"anslutningsklamma-2-pol-slim-connector-2","status":"publish","type":"product","link":"https:\/\/lamphallen.se\/en\/product\/anslutningsklamma-2-pol-slim-connector-2\/","title":{"rendered":"COMPACT 2 POLE SLIM CONNECTOR-2"},"content":{"rendered":"<p>Ett praktiskt\u00a0installationskl\u00e4mmor. V\u00e4lj mellan\u00a02-pols, 3-poles, eller 5-poles\u00a0toppkl\u00e4mmor f\u00f6r alla kabeltyper.<\/p>\n<p>Voltage: 450V\/4.5kV~<br \/>\nEffekt: Max 32A\u00a00,2-4 mm\u00b2<br \/>\nSocket: 2 Poles<br \/>\nWarranty: 2 years<\/p>\n<p><a href=\"https:\/\/lamphallen.se\/en\/images\/datasheets\/103-002%20SERIES.pdf\/\">SLIM CONNECTOR-2 DATASHEET<\/a><\/p>","protected":false},"excerpt":{"rendered":"<p>Ett praktiskt\u00a0installationskl\u00e4mmor. V\u00e4lj mellan\u00a02-pols, 3-poles, eller 5-poles\u00a0toppkl\u00e4mmor f\u00f6r alla kabeltyper. Sp\u00e4nning: 450V\/4.5kV~ Effekt: Max 32A\u00a00,2-4 mm\u00b2 Sockel: 2 Poles Garanti: 2 \u00e5r SLIM CONNECTOR-2 DATASHEET<\/p>","protected":false},"featured_media":20044,"comment_status":"open","ping_status":"closed","template":"","meta":{"content-type":"","_joinchat":[]},"product_brand":[],"product_cat":[82],"product_tag":[],"berocket_brand":[35],"class_list":{"0":"post-20043","1":"product","2":"type-product","3":"status-publish","4":"has-post-thumbnail","6":"product_cat-installation","7":"berocket_brand-horoz-elektrik","9":"first","10":"instock","11":"sale","12":"taxable","13":"shipping-taxable","14":"purchasable","15":"product-type-simple"},"_links":{"self":[{"href":"https:\/\/lamphallen.se\/en\/wp-json\/wp\/v2\/product\/20043","targetHints":{"allow":["GET"]}}],"collection":[{"href":"https:\/\/lamphallen.se\/en\/wp-json\/wp\/v2\/product"}],"about":[{"href":"https:\/\/lamphallen.se\/en\/wp-json\/wp\/v2\/types\/product"}],"replies":[{"embeddable":true,"href":"https:\/\/lamphallen.se\/en\/wp-json\/wp\/v2\/comments?post=20043"}],"wp:featuredmedia":[{"embeddable":true,"href":"https:\/\/lamphallen.se\/en\/wp-json\/wp\/v2\/media\/20044"}],"wp:attachment":[{"href":"https:\/\/lamphallen.se\/en\/wp-json\/wp\/v2\/media?parent=20043"}],"wp:term":[{"taxonomy":"product_brand","embeddable":true,"href":"https:\/\/lamphallen.se\/en\/wp-json\/wp\/v2\/product_brand?post=20043"},{"taxonomy":"product_cat","embeddable":true,"href":"https:\/\/lamphallen.se\/en\/wp-json\/wp\/v2\/product_cat?post=20043"},{"taxonomy":"product_tag","embeddable":true,"href":"https:\/\/lamphallen.se\/en\/wp-json\/wp\/v2\/product_tag?post=20043"},{"taxonomy":"berocket_brand","embeddable":true,"href":"https:\/\/lamphallen.se\/en\/wp-json\/wp\/v2\/berocket_brand?post=20043"}],"curies":[{"name":"wp","href":"https:\/\/api.w.org\/{rel}","templated":true}]}}