{"id":20145,"date":"2024-07-15T18:11:17","date_gmt":"2024-07-15T22:11:17","guid":{"rendered":"https:\/\/lamphallen.se\/sv_se\/product\/led-panel-45w-4000lm-60x60-cm-vit-6400k-plazma-45\/"},"modified":"2026-04-03T14:34:19","modified_gmt":"2026-04-03T12:34:19","slug":"led-panel-45w-4000lm-60x60-cm-kallvit-6400k-plazma-45","status":"publish","type":"product","link":"https:\/\/lamphallen.se\/en\/product\/led-panel-45w-4000lm-60x60-cm-kallvit-6400k-plazma-45\/","title":{"rendered":"LED PANEL 45W 4000LM 60X60 CM KALLVIT 6400K PLAZMA-45"},"content":{"rendered":"<p>LED Typ:\u00a0SMD LED<br \/>\nAverage Life: 20.000 Hrs.<br \/>\nF\u00e4rg: Kallvit<br \/>\nPower: 45W<br \/>\nEquivalent: <strong>360W<\/strong><br \/>\nLuminous Flux: <strong>4000 lm<\/strong><br \/>\nLight Temperature: <strong>6400K<\/strong><br \/>\nLight Color:\u00a0<strong>White<\/strong><br \/>\nDimmable: No<br \/>\nEnergiklass: A till\u00a0A++<br \/>\nColour Render Index:&gt; Ra80<br \/>\nVoltage: 175-265V<br \/>\nMaterial: Aluminium + PC<\/p>\n<p><strong>Technical Documents:<\/strong><\/p>\n<p><a href=\"https:\/\/lamphallen.se\/en\/images\/datasheets\/PLAZMA-45%20056-010-0045.pdf\/\">PLAZMA-45\u00a0DATASHEET<\/a><\/p>","protected":false},"excerpt":{"rendered":"<p>LED Typ:\u00a0SMD LED Medellivsl\u00e4ngd: 20.000 tim. F\u00e4rg: Kallvit Effekt: 45W Motsvarar: 360W Lumen: 4000 lm Ljustemperatur: 6400K Ljus F\u00e4rg:\u00a0vit Dimbar: Nej Energiklass: A till\u00a0A++ Ra: &gt;Ra80 Sp\u00e4nning: 175-265V Material: Aluminium + PC Tekniska Dokument: PLAZMA-45\u00a0DATASHEET<\/p>","protected":false},"featured_media":20146,"comment_status":"open","ping_status":"closed","template":"","meta":{"content-type":"","_joinchat":[]},"product_brand":[],"product_cat":[49],"product_tag":[],"berocket_brand":[35],"class_list":{"0":"post-20145","1":"product","2":"type-product","3":"status-publish","4":"has-post-thumbnail","6":"product_cat-led-panel","7":"berocket_brand-horoz-elektrik","9":"first","10":"instock","11":"sale","12":"taxable","13":"shipping-taxable","14":"purchasable","15":"product-type-simple"},"_links":{"self":[{"href":"https:\/\/lamphallen.se\/en\/wp-json\/wp\/v2\/product\/20145","targetHints":{"allow":["GET"]}}],"collection":[{"href":"https:\/\/lamphallen.se\/en\/wp-json\/wp\/v2\/product"}],"about":[{"href":"https:\/\/lamphallen.se\/en\/wp-json\/wp\/v2\/types\/product"}],"replies":[{"embeddable":true,"href":"https:\/\/lamphallen.se\/en\/wp-json\/wp\/v2\/comments?post=20145"}],"wp:featuredmedia":[{"embeddable":true,"href":"https:\/\/lamphallen.se\/en\/wp-json\/wp\/v2\/media\/20146"}],"wp:attachment":[{"href":"https:\/\/lamphallen.se\/en\/wp-json\/wp\/v2\/media?parent=20145"}],"wp:term":[{"taxonomy":"product_brand","embeddable":true,"href":"https:\/\/lamphallen.se\/en\/wp-json\/wp\/v2\/product_brand?post=20145"},{"taxonomy":"product_cat","embeddable":true,"href":"https:\/\/lamphallen.se\/en\/wp-json\/wp\/v2\/product_cat?post=20145"},{"taxonomy":"product_tag","embeddable":true,"href":"https:\/\/lamphallen.se\/en\/wp-json\/wp\/v2\/product_tag?post=20145"},{"taxonomy":"berocket_brand","embeddable":true,"href":"https:\/\/lamphallen.se\/en\/wp-json\/wp\/v2\/berocket_brand?post=20145"}],"curies":[{"name":"wp","href":"https:\/\/api.w.org\/{rel}","templated":true}]}}