{"id":20281,"date":"2024-07-15T18:11:28","date_gmt":"2024-07-15T22:11:28","guid":{"rendered":"https:\/\/lamphallen.se\/sv_se\/product\/12-arm-hedgehog-ljuskrona-hanglampa-kavele-12\/"},"modified":"2024-07-15T18:11:29","modified_gmt":"2024-07-15T22:11:29","slug":"12-arm-hedgehog-ljuskrona-hanglampa-kavele-12","status":"publish","type":"product","link":"https:\/\/lamphallen.se\/en\/product\/12-arm-hedgehog-ljuskrona-hanglampa-kavele-12\/","title":{"rendered":"12 Arm Hedgehog Chandelier Pendant Lamp KAVELE-12"},"content":{"rendered":"<h3><font style=\"vertical-align: inherit\"><font style=\"vertical-align: inherit\">Lamp Typ:\u00a0 TAKLAMPA<\/font><\/font><\/h3>\n<ul>\n<li>Produkten\u00a0kropp \u00e4r gjord av metall.<\/li>\n<li>Very special design TSE certified lamp holder<\/li>\n<li>Simple, economical, and suitable for use with LED bulbs<\/li>\n<li>It has dim feature.<\/li>\n<li>Lamp holder: E27<\/li>\n<li>Max Light Power: 12X60 Watt<\/li>\n<li>Bulbs Excluded<\/li>\n<li>Produktm\u00e5tt: Bredd 30 cm,\u00a0H\u00f6jd 60\u00a0cm (Min-Max)<\/li>\n<li>F\u00f6rv\u00e4ntas att skickas om 10\u00a0dagars\u00a0om \u00e4r inte\u00a0tillg\u00e4nglig i lager.<\/li>\n<\/ul>","protected":false},"excerpt":{"rendered":"<p>Lamp Typ:\u00a0 TAKLAMPA Produkten\u00a0kropp \u00e4r gjord av metall. Mycket speciell design TSE-certifierad lamph\u00e5llare. Enkel, ekonomisk och l\u00e4mplig f\u00f6r anv\u00e4ndning med LED-lampor Den har Dim funktion. Lamph\u00e5llare: E27 Max ljuseffekt: 12X60 Watt max. Gl\u00f6dlampa exkluderad Produktm\u00e5tt: Bredd 30 cm,\u00a0H\u00f6jd 60\u00a0cm (Min-Max) F\u00f6rv\u00e4ntas att skickas om 10\u00a0dagars\u00a0om \u00e4r inte\u00a0tillg\u00e4nglig i lager.<\/p>","protected":false},"featured_media":20282,"comment_status":"closed","ping_status":"closed","template":"","meta":{"content-type":"","_joinchat":[]},"product_brand":[],"product_cat":[51],"product_tag":[],"berocket_brand":[37],"class_list":{"0":"post-20281","1":"product","2":"type-product","3":"status-publish","4":"has-post-thumbnail","6":"product_cat-taklampor-kristallkrona","7":"berocket_brand-lumiere","9":"first","10":"instock","11":"taxable","12":"shipping-taxable","13":"purchasable","14":"product-type-simple"},"_links":{"self":[{"href":"https:\/\/lamphallen.se\/en\/wp-json\/wp\/v2\/product\/20281","targetHints":{"allow":["GET"]}}],"collection":[{"href":"https:\/\/lamphallen.se\/en\/wp-json\/wp\/v2\/product"}],"about":[{"href":"https:\/\/lamphallen.se\/en\/wp-json\/wp\/v2\/types\/product"}],"replies":[{"embeddable":true,"href":"https:\/\/lamphallen.se\/en\/wp-json\/wp\/v2\/comments?post=20281"}],"wp:featuredmedia":[{"embeddable":true,"href":"https:\/\/lamphallen.se\/en\/wp-json\/wp\/v2\/media\/20282"}],"wp:attachment":[{"href":"https:\/\/lamphallen.se\/en\/wp-json\/wp\/v2\/media?parent=20281"}],"wp:term":[{"taxonomy":"product_brand","embeddable":true,"href":"https:\/\/lamphallen.se\/en\/wp-json\/wp\/v2\/product_brand?post=20281"},{"taxonomy":"product_cat","embeddable":true,"href":"https:\/\/lamphallen.se\/en\/wp-json\/wp\/v2\/product_cat?post=20281"},{"taxonomy":"product_tag","embeddable":true,"href":"https:\/\/lamphallen.se\/en\/wp-json\/wp\/v2\/product_tag?post=20281"},{"taxonomy":"berocket_brand","embeddable":true,"href":"https:\/\/lamphallen.se\/en\/wp-json\/wp\/v2\/berocket_brand?post=20281"}],"curies":[{"name":"wp","href":"https:\/\/api.w.org\/{rel}","templated":true}]}}