{"id":20379,"date":"2024-07-15T18:11:36","date_gmt":"2024-07-15T22:11:36","guid":{"rendered":"https:\/\/lamphallen.se\/sv_se\/product\/10w-led-husnummer-lampa-ip65-220-240v-arena\/"},"modified":"2025-01-28T10:57:06","modified_gmt":"2025-01-28T09:57:06","slug":"10w-led-husnummer-lampa-ip65-220-240v-arena","status":"publish","type":"product","link":"https:\/\/lamphallen.se\/en\/product\/10w-led-husnummer-lampa-ip65-220-240v-arena\/","title":{"rendered":"10W LED HOUSE NUMBER LAMP IP65 100-240V &#8211; ARENA"},"content":{"rendered":"<p>&nbsp;<\/p>\n<p>Lamp&nbsp;Typ:&nbsp;LED HUSNUMMER LAMPA.<br \/>\nLED Type: SMD LED<br \/>\nAverage Life: 30.000 Hrs.<br \/>\nPower: 10W<br \/>\nLuminous : 750 lm<br \/>\nLight temperature: 4000K<br \/>\nLight Color: COLD White<br \/>\nDimmable: No<br \/>\nEnergy Class:&nbsp;A to&nbsp;A++<br \/>\nVoltage: 100-240V \/ 50-60Hz<br \/>\nMaterial: ABS<br \/>\nProtection Class: IP65<\/p>\n<p><a href=\"https:\/\/lamphallen.se\/en\/images\/datasheets\/076-033-0010%20%20%20ARENA.pdf\/\">BADEM DATASHEET<\/a><\/p>","protected":false},"excerpt":{"rendered":"<p>&nbsp; Lamp&nbsp;Typ:&nbsp;LED HUSNUMMER LAMPA. LED Typ:&nbsp;SMD LED medellivsl\u00e4ngd: 30.000 tim. Effekt: 10W Lumen: 750 lm Ljustemperatur:&nbsp;4000K Ljus F\u00e4rg: KALLVit Dimbar: Nej Energiklass: A till&nbsp;A++ Sp\u00e4nning: 100-240V \/ 50-60Hz Material: ABS Skyddsklass: IP65 BADEM DATASHEET<\/p>","protected":false},"featured_media":20380,"comment_status":"open","ping_status":"closed","template":"","meta":{"content-type":"","_joinchat":[]},"product_brand":[],"product_cat":[71],"product_tag":[],"berocket_brand":[35],"class_list":{"0":"post-20379","1":"product","2":"type-product","3":"status-publish","4":"has-post-thumbnail","6":"product_cat-tradgardslampor","7":"berocket_brand-horoz-elektrik","9":"first","10":"instock","11":"sale","12":"taxable","13":"shipping-taxable","14":"purchasable","15":"product-type-simple"},"_links":{"self":[{"href":"https:\/\/lamphallen.se\/en\/wp-json\/wp\/v2\/product\/20379","targetHints":{"allow":["GET"]}}],"collection":[{"href":"https:\/\/lamphallen.se\/en\/wp-json\/wp\/v2\/product"}],"about":[{"href":"https:\/\/lamphallen.se\/en\/wp-json\/wp\/v2\/types\/product"}],"replies":[{"embeddable":true,"href":"https:\/\/lamphallen.se\/en\/wp-json\/wp\/v2\/comments?post=20379"}],"wp:featuredmedia":[{"embeddable":true,"href":"https:\/\/lamphallen.se\/en\/wp-json\/wp\/v2\/media\/20380"}],"wp:attachment":[{"href":"https:\/\/lamphallen.se\/en\/wp-json\/wp\/v2\/media?parent=20379"}],"wp:term":[{"taxonomy":"product_brand","embeddable":true,"href":"https:\/\/lamphallen.se\/en\/wp-json\/wp\/v2\/product_brand?post=20379"},{"taxonomy":"product_cat","embeddable":true,"href":"https:\/\/lamphallen.se\/en\/wp-json\/wp\/v2\/product_cat?post=20379"},{"taxonomy":"product_tag","embeddable":true,"href":"https:\/\/lamphallen.se\/en\/wp-json\/wp\/v2\/product_tag?post=20379"},{"taxonomy":"berocket_brand","embeddable":true,"href":"https:\/\/lamphallen.se\/en\/wp-json\/wp\/v2\/berocket_brand?post=20379"}],"curies":[{"name":"wp","href":"https:\/\/api.w.org\/{rel}","templated":true}]}}