{"id":20462,"date":"2024-07-15T18:11:40","date_gmt":"2024-07-15T22:11:40","guid":{"rendered":"https:\/\/lamphallen.se\/sv_se\/product\/miniforstarkare-for-led-strip-rgb-5050-34a-utgangsstrom\/"},"modified":"2024-07-15T18:11:40","modified_gmt":"2024-07-15T22:11:40","slug":"miniforstarkare-for-led-strip-rgb-5050-34a-utgangsstrom","status":"publish","type":"product","link":"https:\/\/lamphallen.se\/en\/product\/miniforstarkare-for-led-strip-rgb-5050-34a-utgangsstrom\/","title":{"rendered":"MINI AMPLIFIER FOR LED STRIP RGB 5050 3*4A OUTPUT CURRENT"},"content":{"rendered":"<p><strong>MINI AMPLIFIER FOR LED STRIP RGB 5050 3*4A (OUTPUT CURRENT)<\/strong><\/p>\n<p><strong>Product features<\/strong><\/p>\n<p>Output current: 3A x4<br \/>\nInput voltage: DC: 12V<br \/>\nProtection Class: IP20<br \/>\nOperation Temperature: -25 to +50\u00b0c<br \/>\nWarranty: 2 Years<br \/>\nCompatible with <strong>V-TAC LED RGB Striplight<\/strong><\/p>\n<p><strong>Packaging:<\/strong><\/p>\n<p><strong>Unit Details:<\/strong><\/p>\n<p>Gross Weight(GW) Kgs: 0.005<br \/>\nLength(Box)mm: 120<br \/>\nWidth(Box)mm: 80<br \/>\nHeight(Box)mm: 15<br \/>\nUnit CBM: 0.0000025<\/p>\n<p><strong>Master Box Packaging:<\/strong><\/p>\n<p>Master Box Qty (Pcs Per Carton): 1000<\/p>\n<p><strong>Listing Details:<\/strong><\/p>\n<p>EAN Code: 3800230622242<br \/>\n\u00a0<\/p>\n<p>\u00a0<\/p>","protected":false},"excerpt":{"rendered":"<p>MINIF\u00d6RST\u00c4RKARE F\u00d6R LED STRIP RGB 5050 3*4A (UTG\u00c5NGSSTR\u00d6M) Produkt funktioner: Utg\u00e5ngsstr\u00f6m: 3Ax4 Ing\u00e5ngssp\u00e4nning: DC:12V Skyddsklass: IP20 Operation Temperature: -25 to +50\u00b0c Garanti: 2 \u00c5r Compatible with V-TAC LED RGB Striplight Packaging: Unit Details: Gross Weight(GW) Kgs: 0.005 Length(Box)mm: 120 Width(Box)mm: 80 Height(Box)mm: 15 Unit CBM: 0.0000025 Master Box Packaging: Master Box Qty (Pcs Per Carton): 1000 Listing Details: EAN Code: [&hellip;]<\/p>\n","protected":false},"featured_media":20463,"comment_status":"closed","ping_status":"closed","template":"","meta":{"content-type":"","_joinchat":[]},"product_brand":[],"product_cat":[81],"product_tag":[],"berocket_brand":[39],"class_list":{"0":"post-20462","1":"product","2":"type-product","3":"status-publish","4":"has-post-thumbnail","6":"product_cat-tillbehor","7":"berocket_brand-v-tac","9":"first","10":"instock","11":"taxable","12":"shipping-taxable","13":"purchasable","14":"product-type-simple"},"_links":{"self":[{"href":"https:\/\/lamphallen.se\/en\/wp-json\/wp\/v2\/product\/20462","targetHints":{"allow":["GET"]}}],"collection":[{"href":"https:\/\/lamphallen.se\/en\/wp-json\/wp\/v2\/product"}],"about":[{"href":"https:\/\/lamphallen.se\/en\/wp-json\/wp\/v2\/types\/product"}],"replies":[{"embeddable":true,"href":"https:\/\/lamphallen.se\/en\/wp-json\/wp\/v2\/comments?post=20462"}],"wp:featuredmedia":[{"embeddable":true,"href":"https:\/\/lamphallen.se\/en\/wp-json\/wp\/v2\/media\/20463"}],"wp:attachment":[{"href":"https:\/\/lamphallen.se\/en\/wp-json\/wp\/v2\/media?parent=20462"}],"wp:term":[{"taxonomy":"product_brand","embeddable":true,"href":"https:\/\/lamphallen.se\/en\/wp-json\/wp\/v2\/product_brand?post=20462"},{"taxonomy":"product_cat","embeddable":true,"href":"https:\/\/lamphallen.se\/en\/wp-json\/wp\/v2\/product_cat?post=20462"},{"taxonomy":"product_tag","embeddable":true,"href":"https:\/\/lamphallen.se\/en\/wp-json\/wp\/v2\/product_tag?post=20462"},{"taxonomy":"berocket_brand","embeddable":true,"href":"https:\/\/lamphallen.se\/en\/wp-json\/wp\/v2\/berocket_brand?post=20462"}],"curies":[{"name":"wp","href":"https:\/\/api.w.org\/{rel}","templated":true}]}}