{"id":20622,"date":"2024-07-15T18:11:51","date_gmt":"2024-07-15T22:11:51","guid":{"rendered":"https:\/\/lamphallen.se\/sv_se\/product\/modern-horn-lumiere-golvlampa-rgb-corner\/"},"modified":"2026-01-25T14:30:53","modified_gmt":"2026-01-25T13:30:53","slug":"modern-horn-lumiere-golvlampa-rgb-corner","status":"publish","type":"product","link":"https:\/\/lamphallen.se\/en\/product\/modern-horn-lumiere-golvlampa-rgb-corner\/","title":{"rendered":"MODERN CORNER DESIGN LED LUMI\u00c8RE FLOOR LAMP &#8211; RGB CORNER"},"content":{"rendered":"<p><strong>RGB dimbar golvlampa, modern minimalistisk vardagsrum golvlampa med fj\u00e4rrkontroll och RGB f\u00e4rgf\u00f6r\u00e4ndring ljussalong h\u00f6rn golvlampa f\u00f6r sovrum kontor semester fest, 140 cm&nbsp;[Energiklass A+]<\/strong><\/p>\n<p>Kroppstyp:&nbsp;Aluminum<br \/>\nEffekt\/sp\u00e4nning: 15W<br \/>\nIng\u00e5ngseffekt:&nbsp;AC:220-240V, 50\/60Hz<br \/>\nIP-betyg: IP20<br \/>\nEnhetsf\u00e4rg:&nbsp;Svart<br \/>\nDimbar:&nbsp;JA<br \/>\nArbetstemperatur:&nbsp;-20\u00b0C to +45\u00b0C<br \/>\nTr\u00e5dl\u00e4ngd:&nbsp;1.2m<br \/>\nDimensionera:&nbsp;<\/p>\n<p>\u2714 Dekorativ golvlampa vardagsrum \u2013 h\u00f6rnet \u00e4r en del av varje rum, varav de flesta \u00e4r tom. Den vackert designade, utrymmesbesparande h\u00f6rnlampan kan installeras diskret och perfekt i h\u00f6rnet.<br \/>\n\u2714 Dimbar RGB-golvlampa \u2013 h\u00f6rnlamporna har 258 f\u00e4rger som kan sl\u00e5s p\u00e5 och av med fj\u00e4rrkontroll f\u00f6r att \u00e4ndra f\u00e4rg (3 000 K \u2013 6500 K) och ljusstyrka (5 %-100 %. Perfekt som ett atmosf\u00e4riskt ljus i vardagsrummet och sovrummet<br \/>\n\u2714 15W energisparande LED-ljusk\u00e4lla \u2013 sovrum golvlampor med 15 watt \u00e4r redan ordentligt installerade. Metallmaterial som g\u00f6r golvlampan mycket h\u00e5llbar, lamporna har en genomsnittlig livsl\u00e4ngd p\u00e5 20 000 timmar, \u00e4r l\u00e4tta att installera och anv\u00e4nda, robust design, det \u00e4r s\u00e4krare f\u00f6r barn, \u00e4ldre eller husdjur<br \/>\n\u2714 RGB-f\u00e4rgf\u00f6r\u00e4ndring \u2013 RGB-golvlampor kan avger ljus i en enda f\u00e4rg eller i alla regnb\u00e5gens f\u00e4rger och g\u00f6ra ditt liv f\u00e4rgglatt! L\u00e4mplig f\u00f6r heminredning (som vardagsrum, sovrum, barnrum, matsal, fest). Vardagsrumslampa<br \/>\n\u2714 100 % tillfredsst\u00e4llande service \u2013 f\u00f6r att s\u00e4kerst\u00e4lla kvalitet och garanti, k\u00f6p i LUMI\u00c8RE officiella flaggskeppsbutik. Om du har n\u00e5gra fr\u00e5gor om v\u00e5ra produkter, du \u00e4r v\u00e4lkommen att kontakta oss. F\u00f6r mer information s\u00f6k efter &#8220;LUMI\u00c8RE golvlampa&#8221;<\/p>\n<p>Lengd: 140 cm<br \/>\nBredd: 40 cm<br \/>\nUnit CBM: 0.22<br \/>\nGross Weight (Kgs):&nbsp;<br \/>\nBox Qty: 1<\/p>\n<p><strong>Tekniska Dokument:<\/strong><br \/>\n<a href=\"http:\/\/www.lamphallen.se\/images\/datasheets\/DATASHEETS-RGB%20CORNER.png\">RGB CORNER DATASHEET<\/a><\/p>\n","protected":false},"excerpt":{"rendered":"<p>RGB dimbar golvlampa, modern minimalistisk vardagsrum golvlampa med fj\u00e4rrkontroll och RGB f\u00e4rgf\u00f6r\u00e4ndring ljussalong h\u00f6rn golvlampa f\u00f6r sovrum kontor semester fest, 140 cm&nbsp;[Energiklass A+] Kroppstyp:&nbsp;Aluminum Effekt\/sp\u00e4nning: 15W Ing\u00e5ngseffekt:&nbsp;AC:220-240V, 50\/60Hz IP-betyg: IP20 Enhetsf\u00e4rg:&nbsp;Svart Dimbar:&nbsp;JA Arbetstemperatur:&nbsp;-20\u00b0C to +45\u00b0C Tr\u00e5dl\u00e4ngd:&nbsp;1.2m Dimensionera:&nbsp; \u2714 Dekorativ golvlampa vardagsrum \u2013 h\u00f6rnet \u00e4r en del av varje rum, varav de flesta \u00e4r tom. Den vackert designade, utrymmesbesparande h\u00f6rnlampan kan [&hellip;]<\/p>\n","protected":false},"featured_media":20623,"comment_status":"open","ping_status":"closed","template":"","meta":{"content-type":"","_joinchat":[]},"product_brand":[],"product_cat":[58],"product_tag":[],"berocket_brand":[37],"class_list":{"0":"post-20622","1":"product","2":"type-product","3":"status-publish","4":"has-post-thumbnail","6":"product_cat-golvlampor","7":"berocket_brand-lumiere","9":"first","10":"instock","11":"sale","12":"taxable","13":"shipping-taxable","14":"purchasable","15":"product-type-simple"},"_links":{"self":[{"href":"https:\/\/lamphallen.se\/en\/wp-json\/wp\/v2\/product\/20622","targetHints":{"allow":["GET"]}}],"collection":[{"href":"https:\/\/lamphallen.se\/en\/wp-json\/wp\/v2\/product"}],"about":[{"href":"https:\/\/lamphallen.se\/en\/wp-json\/wp\/v2\/types\/product"}],"replies":[{"embeddable":true,"href":"https:\/\/lamphallen.se\/en\/wp-json\/wp\/v2\/comments?post=20622"}],"wp:featuredmedia":[{"embeddable":true,"href":"https:\/\/lamphallen.se\/en\/wp-json\/wp\/v2\/media\/20623"}],"wp:attachment":[{"href":"https:\/\/lamphallen.se\/en\/wp-json\/wp\/v2\/media?parent=20622"}],"wp:term":[{"taxonomy":"product_brand","embeddable":true,"href":"https:\/\/lamphallen.se\/en\/wp-json\/wp\/v2\/product_brand?post=20622"},{"taxonomy":"product_cat","embeddable":true,"href":"https:\/\/lamphallen.se\/en\/wp-json\/wp\/v2\/product_cat?post=20622"},{"taxonomy":"product_tag","embeddable":true,"href":"https:\/\/lamphallen.se\/en\/wp-json\/wp\/v2\/product_tag?post=20622"},{"taxonomy":"berocket_brand","embeddable":true,"href":"https:\/\/lamphallen.se\/en\/wp-json\/wp\/v2\/berocket_brand?post=20622"}],"curies":[{"name":"wp","href":"https:\/\/api.w.org\/{rel}","templated":true}]}}