{"id":20787,"date":"2024-07-15T18:15:42","date_gmt":"2024-07-15T22:15:42","guid":{"rendered":"https:\/\/lamphallen.se\/sv_se\/product\/filament-amber-titanium-led-lampa-2200k-2400k-8w-620lm-toledo\/"},"modified":"2024-08-02T18:05:27","modified_gmt":"2024-08-02T22:05:27","slug":"filament-amber-titanium-led-lampa-2200k-2400k-8w-620lm-toledo","status":"publish","type":"product","link":"https:\/\/lamphallen.se\/en\/product\/filament-amber-titanium-led-lampa-2200k-2400k-8w-620lm-toledo\/","title":{"rendered":"FILAMENT AMBER TITANIUM LED LAMP 2200K\/2400K 8W 620lm &#8211; TOLEDO"},"content":{"rendered":"<p>LED Typ:\u00a0FIlament LED<br \/>\nAverage Life: 20.000 Hrs.<br \/>\nPower: 8W<br \/>\nEquivalent: 62W<br \/>\nLumen: 620 lm \/ 250lm<br \/>\nSocket: E27<br \/>\nLight Temperature:\u00a0<strong>2200K (Amber) \/ 2400K (Titanium)<\/strong><br \/>\nLight Color: Warm White<br \/>\nDimmable: No<br \/>\nEnergy Class: A+<br \/>\nRa: >Ra70<br \/>\nVoltage: 220V-240V<br \/>\nMaterial: Glass<br \/>\nStorlek: \u00d8165\u00d7280 mm<br \/>\nBox Qty: 6<\/p>\n<p>Technical Documents:<\/p>\n<p><a href=\"http:\/\/www.lamphallen.se\/images\/datasheets\/Toledo.pdf\">Toledo Datasheet<\/a><\/p>","protected":false},"excerpt":{"rendered":"<p>LED Typ:\u00a0FIlament LED Medellivsl\u00e4ngd: 20.000 tim. Effekt: 8W Motsvarar: 62W Lumen: 620 lm \/ 250lm Sockel: E27 Ljustemperatur:\u00a02200K (Amber) \/ 2400K (Titanium) Ljus F\u00e4rg: Varmvit Dimbar: Nej Energiklass: A+ Ra: >Ra70 Sp\u00e4nning: 220V-240V Material: Glas Storlek: \u00d8165\u00d7280 mm Box Qty: 6 Tekniska Dokument: Toledo Datasheet<\/p>","protected":false},"featured_media":20790,"comment_status":"open","ping_status":"closed","template":"","meta":{"content-type":"","_joinchat":[]},"product_brand":[],"product_cat":[41],"product_tag":[],"berocket_brand":[35],"class_list":{"0":"post-20787","1":"product","2":"type-product","3":"status-publish","4":"has-post-thumbnail","6":"product_cat-led-lampor","7":"berocket_brand-horoz-elektrik","9":"first","10":"onbackorder","11":"sale","12":"taxable","13":"shipping-taxable","14":"purchasable","15":"product-type-variable"},"_links":{"self":[{"href":"https:\/\/lamphallen.se\/en\/wp-json\/wp\/v2\/product\/20787","targetHints":{"allow":["GET"]}}],"collection":[{"href":"https:\/\/lamphallen.se\/en\/wp-json\/wp\/v2\/product"}],"about":[{"href":"https:\/\/lamphallen.se\/en\/wp-json\/wp\/v2\/types\/product"}],"replies":[{"embeddable":true,"href":"https:\/\/lamphallen.se\/en\/wp-json\/wp\/v2\/comments?post=20787"}],"wp:featuredmedia":[{"embeddable":true,"href":"https:\/\/lamphallen.se\/en\/wp-json\/wp\/v2\/media\/20790"}],"wp:attachment":[{"href":"https:\/\/lamphallen.se\/en\/wp-json\/wp\/v2\/media?parent=20787"}],"wp:term":[{"taxonomy":"product_brand","embeddable":true,"href":"https:\/\/lamphallen.se\/en\/wp-json\/wp\/v2\/product_brand?post=20787"},{"taxonomy":"product_cat","embeddable":true,"href":"https:\/\/lamphallen.se\/en\/wp-json\/wp\/v2\/product_cat?post=20787"},{"taxonomy":"product_tag","embeddable":true,"href":"https:\/\/lamphallen.se\/en\/wp-json\/wp\/v2\/product_tag?post=20787"},{"taxonomy":"berocket_brand","embeddable":true,"href":"https:\/\/lamphallen.se\/en\/wp-json\/wp\/v2\/berocket_brand?post=20787"}],"curies":[{"name":"wp","href":"https:\/\/api.w.org\/{rel}","templated":true}]}}