{"id":20798,"date":"2024-07-15T18:15:43","date_gmt":"2024-07-15T22:15:43","guid":{"rendered":"https:\/\/lamphallen.se\/sv_se\/product\/kronljuslampa-led-2w-e14-filament-candle-2\/"},"modified":"2025-12-07T17:20:23","modified_gmt":"2025-12-07T16:20:23","slug":"kronljuslampa-led-2w-e14-filament-candle-2","status":"publish","type":"product","link":"https:\/\/lamphallen.se\/en\/product\/kronljuslampa-led-2w-e14-filament-candle-2\/","title":{"rendered":"Candle LED Bulb 2W E14 FILAMENT CANDLE-2"},"content":{"rendered":"<p><span style=\"vertical-align: inherit;\"><span style=\"vertical-align: inherit;\">LED Lamp Filament is an LED technology that mimics the filament of a light bulb almost exactly and provides a circular light source.<\/span><\/span><\/p>\n<p>Product Name<span style=\"vertical-align: inherit;\"><span style=\"vertical-align: inherit;\">: <\/span><\/span>FILAMENT CANDLE<span style=\"vertical-align: inherit;\"><span style=\"vertical-align: inherit;\">-2<\/span><\/span><br \/>\nLED Type<span style=\"vertical-align: inherit;\"><span style=\"vertical-align: inherit;\">: <strong>FILAMENT LED<\/strong> <\/span><\/span><br \/>\nAverage Life<span style=\"vertical-align: inherit;\"><span style=\"vertical-align: inherit;\">: 20,000 Hrs.<\/span><\/span><br \/>\nPower<span style=\"vertical-align: inherit;\"><span style=\"vertical-align: inherit;\">: 2W<\/span><\/span><br \/>\nEquivalent<span style=\"vertical-align: inherit;\"><span style=\"vertical-align: inherit;\">: 8W <\/span><\/span><br \/>\n<span style=\"vertical-align: inherit;\"><span style=\"vertical-align: inherit;\">Luminous Flux: 160LM<\/span><\/span><br \/>\nSocket<span style=\"vertical-align: inherit;\"><span style=\"vertical-align: inherit;\">: E14 <\/span><\/span><br \/>\nLight Temperature<span style=\"vertical-align: inherit;\"><span style=\"vertical-align: inherit;\">: 2700K \u2013 4200K <\/span><\/span><br \/>\nLight Color<span style=\"vertical-align: inherit;\"><span style=\"vertical-align: inherit;\">: <\/span><\/span>Varmvit \u2013 Vit<br \/>\nDimmable<span style=\"vertical-align: inherit;\"><span style=\"vertical-align: inherit;\">: No <\/span><\/span><br \/>\nEnergy Class<span style=\"vertical-align: inherit;\"><span style=\"vertical-align: inherit;\">: A + <\/span><\/span><br \/>\n<span style=\"vertical-align: inherit;\"><span style=\"vertical-align: inherit;\">Ra:> Ra80 <\/span><\/span><br \/>\nVoltage<span style=\"vertical-align: inherit;\"><span style=\"vertical-align: inherit;\">: 220-240V \/ 50-60Hz<\/span><\/span><br \/>\nMaterial<span style=\"vertical-align: inherit;\"><span style=\"vertical-align: inherit;\">: Glass<\/span><\/span><\/p>","protected":false},"excerpt":{"rendered":"<p>LED Lampa Filament \u00e4r en LED-teknologi som efterliknar gl\u00f6dtr\u00e5den hos en gl\u00f6dlampa n\u00e4stan exakt och ger en rundstr\u00e5lande ljusk\u00e4lla. Produktnamn: FILAMENT CANDLE-2 LED Typ: FILAMENT LED Medelliv: 20,000 H Effekt: 2W Motsvarar: 8W Lumen: 160 LM Sockel: E14 Ljustemperatur: 2700K \u2013 4200K Ljus F\u00e4rg: Varmvit \u2013 Vit Dimbar: No Energiklass: A + Ra:> Ra80 Sp\u00e4nning: 220-240V \/ 50-60Hz Material: Glas<\/p>","protected":false},"featured_media":20801,"comment_status":"open","ping_status":"closed","template":"","meta":{"content-type":"","_joinchat":[]},"product_brand":[],"product_cat":[41],"product_tag":[],"berocket_brand":[35],"class_list":{"0":"post-20798","1":"product","2":"type-product","3":"status-publish","4":"has-post-thumbnail","6":"product_cat-led-lampor","7":"berocket_brand-horoz-elektrik","9":"first","10":"onbackorder","11":"sale","12":"taxable","13":"shipping-taxable","14":"purchasable","15":"product-type-variable"},"_links":{"self":[{"href":"https:\/\/lamphallen.se\/en\/wp-json\/wp\/v2\/product\/20798","targetHints":{"allow":["GET"]}}],"collection":[{"href":"https:\/\/lamphallen.se\/en\/wp-json\/wp\/v2\/product"}],"about":[{"href":"https:\/\/lamphallen.se\/en\/wp-json\/wp\/v2\/types\/product"}],"replies":[{"embeddable":true,"href":"https:\/\/lamphallen.se\/en\/wp-json\/wp\/v2\/comments?post=20798"}],"wp:featuredmedia":[{"embeddable":true,"href":"https:\/\/lamphallen.se\/en\/wp-json\/wp\/v2\/media\/20801"}],"wp:attachment":[{"href":"https:\/\/lamphallen.se\/en\/wp-json\/wp\/v2\/media?parent=20798"}],"wp:term":[{"taxonomy":"product_brand","embeddable":true,"href":"https:\/\/lamphallen.se\/en\/wp-json\/wp\/v2\/product_brand?post=20798"},{"taxonomy":"product_cat","embeddable":true,"href":"https:\/\/lamphallen.se\/en\/wp-json\/wp\/v2\/product_cat?post=20798"},{"taxonomy":"product_tag","embeddable":true,"href":"https:\/\/lamphallen.se\/en\/wp-json\/wp\/v2\/product_tag?post=20798"},{"taxonomy":"berocket_brand","embeddable":true,"href":"https:\/\/lamphallen.se\/en\/wp-json\/wp\/v2\/berocket_brand?post=20798"}],"curies":[{"name":"wp","href":"https:\/\/api.w.org\/{rel}","templated":true}]}}