{"id":21001,"date":"2024-07-15T18:15:56","date_gmt":"2024-07-15T22:15:56","guid":{"rendered":"https:\/\/lamphallen.se\/sv_se\/product\/led-spotlight-ip20-vit-svart-lozan\/"},"modified":"2025-11-10T09:17:58","modified_gmt":"2025-11-10T08:17:58","slug":"led-spotlight-ip20-vit-svart-lozan","status":"publish","type":"product","link":"https:\/\/lamphallen.se\/en\/product\/led-spotlight-ip20-vit-svart-lozan\/","title":{"rendered":"LED-SPOTLIGHT IP20 WHITE \/ BLACK &#8211; LOZAN"},"content":{"rendered":"<p>LED Typ:\u00a0COB LED<br \/>\nColor: White \/ Black<br \/>\nPower: Max. 50W<br \/>\n<strong>Lamp Holder: GU10<\/strong><br \/>\nDimmable: No<br \/>\nEnergiklass: E\u00a0till\u00a0A++<br \/>\nRa: >Ra70<br \/>\nVoltage: 220-240V \/ 50-60Hz<br \/>\nMaterials: Aluminium<br \/>\nBox Qty: 50<\/p>\n<p><strong>Expected to ship in 4 days if it's not available in stock.<\/strong><\/p>\n<p><strong>Technical Documents:<\/strong><\/p>\n<p><a href=\"https:\/\/lamphallen.se\/en\/images\/116-001-0001.pdf\/\">LOZAN DATASHEET<\/a><\/p>","protected":false},"excerpt":{"rendered":"<p>LED Typ:\u00a0COB LED F\u00e4rg: Vit \/ Svart Effekt: Max. 50W Lamph\u00e5llare: GU10 Dimbar: Nej Energiklass: E\u00a0till\u00a0A++ Ra: >Ra70 Sp\u00e4nning: 220-240V \/ 50-60Hz Material: Aluminium Box Qty: 50 F\u00f6rv\u00e4ntas att skickas om 4 dagars om \u00e4r inte tillg\u00e4nglig i lager. Tekniska Dokument: LOZAN DATASHEET<\/p>","protected":false},"featured_media":21004,"comment_status":"open","ping_status":"closed","template":"","meta":{"content-type":"","_joinchat":[]},"product_brand":[],"product_cat":[53],"product_tag":[],"berocket_brand":[35],"class_list":{"0":"post-21001","1":"product","2":"type-product","3":"status-publish","4":"has-post-thumbnail","6":"product_cat-led-skensystem","7":"berocket_brand-horoz-elektrik","9":"first","10":"instock","11":"sale","12":"taxable","13":"shipping-taxable","14":"purchasable","15":"product-type-variable","16":"has-default-attributes"},"_links":{"self":[{"href":"https:\/\/lamphallen.se\/en\/wp-json\/wp\/v2\/product\/21001","targetHints":{"allow":["GET"]}}],"collection":[{"href":"https:\/\/lamphallen.se\/en\/wp-json\/wp\/v2\/product"}],"about":[{"href":"https:\/\/lamphallen.se\/en\/wp-json\/wp\/v2\/types\/product"}],"replies":[{"embeddable":true,"href":"https:\/\/lamphallen.se\/en\/wp-json\/wp\/v2\/comments?post=21001"}],"wp:featuredmedia":[{"embeddable":true,"href":"https:\/\/lamphallen.se\/en\/wp-json\/wp\/v2\/media\/21004"}],"wp:attachment":[{"href":"https:\/\/lamphallen.se\/en\/wp-json\/wp\/v2\/media?parent=21001"}],"wp:term":[{"taxonomy":"product_brand","embeddable":true,"href":"https:\/\/lamphallen.se\/en\/wp-json\/wp\/v2\/product_brand?post=21001"},{"taxonomy":"product_cat","embeddable":true,"href":"https:\/\/lamphallen.se\/en\/wp-json\/wp\/v2\/product_cat?post=21001"},{"taxonomy":"product_tag","embeddable":true,"href":"https:\/\/lamphallen.se\/en\/wp-json\/wp\/v2\/product_tag?post=21001"},{"taxonomy":"berocket_brand","embeddable":true,"href":"https:\/\/lamphallen.se\/en\/wp-json\/wp\/v2\/berocket_brand?post=21001"}],"curies":[{"name":"wp","href":"https:\/\/api.w.org\/{rel}","templated":true}]}}