{"id":21071,"date":"2024-07-15T18:16:01","date_gmt":"2024-07-15T22:16:01","guid":{"rendered":"https:\/\/lamphallen.se\/sv_se\/product\/led-stralkastare-20w-med-rorelsevakt-vattentat-ip65-aslan-s-20\/"},"modified":"2026-03-11T17:24:59","modified_gmt":"2026-03-11T16:24:59","slug":"led-stralkastare-20w-med-rorelsevakt-vattentat-ip65-aslan-s-20","status":"publish","type":"product","link":"https:\/\/lamphallen.se\/en\/product\/led-stralkastare-20w-med-rorelsevakt-vattentat-ip65-aslan-s-20\/","title":{"rendered":"LED PROJECTOR 20W WITH MOTION SENSOR WATERPROOF IP65 Aslan\/S-20"},"content":{"rendered":"<p>ATTENTION! Selectable with or without motion sensor, where the tiltable motion sensor lights up the lamp automatically when there is movement in front of the lamp! Setting for sensor sensitivity and time timer for switching off.<\/p>\n<p>LED Typ:\u00a0SMD LED<br \/>\nAverage Life: 30.000 Hrs.<br \/>\nPower: 20W<br \/>\nEquivalent: 220W<br \/>\nLumen: 2200\u00a0lm<br \/>\nLjustemperatur:\u00a06400K<br \/>\nLight Color: Cold White<br \/>\nDimmable: No<br \/>\nEnergiklass: A till\u00a0A++<br \/>\nRa: >Ra80<br \/>\nVoltage: 175-250V<br \/>\nProtection Class: IP65<br \/>\nDetails: PIR Sensor<br \/>\nMaterial: Aluminium DIE CASTING BODY<\/p>\n<p>305g<\/p>","protected":false},"excerpt":{"rendered":"<p>OBS! Valbar med och utan r\u00f6relsesensor, d\u00e4r den vinklingsbara r\u00f6relsesensorn t\u00e4nder upp lampan automatiskt vid r\u00f6relse framf\u00f6r lampan! Inst\u00e4llning f\u00f6r k\u00e4nslighet p\u00e5 sensor samt tids timer f\u00f6r avst\u00e4ngning. LED Typ:\u00a0SMD LED medellivsl\u00e4ngd: 30.000 tim. Effekt: 20W Motsvarar: 220W Lumen: 2200\u00a0lm Ljustemperatur:\u00a06400K Ljus F\u00e4rg: Kallvit Dimbar: Nej Energiklass: A till\u00a0A++ Ra: >Ra80 Sp\u00e4nning: 175-250V skyddsklass: IP65 Detaljer: PIR Sensor Material: Aluminium [&hellip;]<\/p>\n","protected":false},"featured_media":21072,"comment_status":"open","ping_status":"closed","template":"","meta":{"content-type":"","_joinchat":[]},"product_brand":[],"product_cat":[74],"product_tag":[],"berocket_brand":[35],"class_list":{"0":"post-21071","1":"product","2":"type-product","3":"status-publish","4":"has-post-thumbnail","6":"product_cat-stralkastare","7":"berocket_brand-horoz-elektrik","9":"first","10":"instock","11":"sale","12":"taxable","13":"shipping-taxable","14":"purchasable","15":"product-type-simple"},"_links":{"self":[{"href":"https:\/\/lamphallen.se\/en\/wp-json\/wp\/v2\/product\/21071","targetHints":{"allow":["GET"]}}],"collection":[{"href":"https:\/\/lamphallen.se\/en\/wp-json\/wp\/v2\/product"}],"about":[{"href":"https:\/\/lamphallen.se\/en\/wp-json\/wp\/v2\/types\/product"}],"replies":[{"embeddable":true,"href":"https:\/\/lamphallen.se\/en\/wp-json\/wp\/v2\/comments?post=21071"}],"wp:featuredmedia":[{"embeddable":true,"href":"https:\/\/lamphallen.se\/en\/wp-json\/wp\/v2\/media\/21072"}],"wp:attachment":[{"href":"https:\/\/lamphallen.se\/en\/wp-json\/wp\/v2\/media?parent=21071"}],"wp:term":[{"taxonomy":"product_brand","embeddable":true,"href":"https:\/\/lamphallen.se\/en\/wp-json\/wp\/v2\/product_brand?post=21071"},{"taxonomy":"product_cat","embeddable":true,"href":"https:\/\/lamphallen.se\/en\/wp-json\/wp\/v2\/product_cat?post=21071"},{"taxonomy":"product_tag","embeddable":true,"href":"https:\/\/lamphallen.se\/en\/wp-json\/wp\/v2\/product_tag?post=21071"},{"taxonomy":"berocket_brand","embeddable":true,"href":"https:\/\/lamphallen.se\/en\/wp-json\/wp\/v2\/berocket_brand?post=21071"}],"curies":[{"name":"wp","href":"https:\/\/api.w.org\/{rel}","templated":true}]}}