{"id":21159,"date":"2024-07-15T18:17:01","date_gmt":"2024-07-15T22:17:01","guid":{"rendered":"https:\/\/lamphallen.se\/sv_se\/product\/round-led-spotlight-5w-6400k-100-120v-nora-5\/"},"modified":"2024-07-23T07:45:35","modified_gmt":"2024-07-23T11:45:35","slug":"round-led-spotlight-5w-6400k-100-120v-nora-5","status":"publish","type":"product","link":"https:\/\/lamphallen.se\/en\/product\/round-led-spotlight-5w-6400k-100-120v-nora-5\/","title":{"rendered":"ROUND LED-SPOTLIGHT 5W 6400K 100-120V &#8211; NORA-5"},"content":{"rendered":"<p>&nbsp;<\/p>\n<p>LED Type: COB LED<br \/>\nAverage Life: 30.000 Hrs.<br \/>\nPower: 5W<br \/>\nEquivalent: 50W<br \/>\nLuminous Flux: 445 lm<br \/>\nSocket: Insulated<strong> <\/strong>Socket<br \/>\nLight Temperature:\u00a06400K<br \/>\nF\u00e4rg: Kallvit<br \/>\n<strong>Dimmable <span style=\"color:#ff0000\">No<\/span><\/strong><br \/>\nEnergy Class: A to&nbsp;<strong>A++<\/strong><br \/>\nColour Render Index:&gt; Ra80<br \/>\nVoltage: 100-240V<br \/>\nMaterial: Iron<br \/>\nBeam Angle: 52\u00b0<\/p>\n<p><strong>Expected to ship in 4 days if it's not available in stock.<\/strong><\/p>\n<p>&nbsp;<\/p>","protected":false},"excerpt":{"rendered":"<p>&nbsp; LED Typ: COB LED Medellivsl\u00e4ngd: 30.000 Hrs. Effekt: 5W Motsvarar: 50W Lumen: 445 lm Sockel: Isolerad Sockel Ljustemperatur:&nbsp;6400K F\u00e4rg: Kallvit Dimbar: NEJ Energiklass: A till&nbsp;A++ Ra: &gt;Ra80 Sp\u00e4nning: 100-240V Material: J\u00e4rn Str\u00e5levinkel: 52\u00b0 F\u00f6rv\u00e4ntas att skickas om 4&nbsp;dagars om \u00e4r inte tillg\u00e4nglig i lager. &nbsp;<\/p>","protected":false},"featured_media":21160,"comment_status":"open","ping_status":"closed","template":"","meta":{"content-type":"","_joinchat":[]},"product_brand":[],"product_cat":[89],"product_tag":[],"berocket_brand":[35],"class_list":{"0":"post-21159","1":"product","2":"type-product","3":"status-publish","4":"has-post-thumbnail","6":"product_cat-led-spotlight","7":"berocket_brand-horoz-elektrik","9":"first","10":"instock","11":"sale","12":"taxable","13":"shipping-taxable","14":"purchasable","15":"product-type-simple"},"_links":{"self":[{"href":"https:\/\/lamphallen.se\/en\/wp-json\/wp\/v2\/product\/21159","targetHints":{"allow":["GET"]}}],"collection":[{"href":"https:\/\/lamphallen.se\/en\/wp-json\/wp\/v2\/product"}],"about":[{"href":"https:\/\/lamphallen.se\/en\/wp-json\/wp\/v2\/types\/product"}],"replies":[{"embeddable":true,"href":"https:\/\/lamphallen.se\/en\/wp-json\/wp\/v2\/comments?post=21159"}],"wp:featuredmedia":[{"embeddable":true,"href":"https:\/\/lamphallen.se\/en\/wp-json\/wp\/v2\/media\/21160"}],"wp:attachment":[{"href":"https:\/\/lamphallen.se\/en\/wp-json\/wp\/v2\/media?parent=21159"}],"wp:term":[{"taxonomy":"product_brand","embeddable":true,"href":"https:\/\/lamphallen.se\/en\/wp-json\/wp\/v2\/product_brand?post=21159"},{"taxonomy":"product_cat","embeddable":true,"href":"https:\/\/lamphallen.se\/en\/wp-json\/wp\/v2\/product_cat?post=21159"},{"taxonomy":"product_tag","embeddable":true,"href":"https:\/\/lamphallen.se\/en\/wp-json\/wp\/v2\/product_tag?post=21159"},{"taxonomy":"berocket_brand","embeddable":true,"href":"https:\/\/lamphallen.se\/en\/wp-json\/wp\/v2\/berocket_brand?post=21159"}],"curies":[{"name":"wp","href":"https:\/\/api.w.org\/{rel}","templated":true}]}}