{"id":21167,"date":"2024-07-15T18:17:02","date_gmt":"2024-07-15T22:17:02","guid":{"rendered":"https:\/\/lamphallen.se\/sv_se\/product\/led-spotlight-5w-svart-o68-4200k-170-265v-led-downlight-parker-5\/"},"modified":"2025-09-20T16:46:51","modified_gmt":"2025-09-20T14:46:51","slug":"led-spotlight-5w-svart-o68-4200k-170-265v-led-downlight-parker-5","status":"publish","type":"product","link":"https:\/\/lamphallen.se\/en\/product\/led-spotlight-5w-svart-o68-4200k-170-265v-led-downlight-parker-5\/","title":{"rendered":"LED-SPOTLIGHT 5W SVART \u00d868 4200K 170-265V LED DOWNLIGHT PARKER-5"},"content":{"rendered":"<p>LED Typ:\u00a0SMD LED<br \/>\nAverage Life: 30.000 Hrs.<br \/>\nPower: <strong>5W<\/strong><br \/>\nEquivalent: 60W<br \/>\nLuminous Flux: 350 lm<br \/>\nLight Temperature:<strong>\u00a04200K<\/strong><br \/>\nLight Color: \u00a0<strong>White\u00a0<\/strong><br \/>\nDimmable: No<br \/>\nEnergiklass: A till\u00a0A++<br \/>\nRa: >Ra70<br \/>\nSp\u00e4nning:\u00a0100-265V \/ 50-60Hz<br \/>\nMaterial: Plastic<br \/>\nSize: 82\u00d740 mm<br \/>\nCutting Size: \u00d868mm<\/p>\n<p>2-v\u00e4gsbyte:\u00a0Allt P\u00c5\u00a0\u2013 Center P\u00c5 \u2013 Ring P\u00c5<\/p>","protected":false},"excerpt":{"rendered":"<p>LED Typ:\u00a0SMD LED Medellivsl\u00e4ngd: 30.000 tim. Effekt: 5W Motsvarar: 60W Lumen: 350 lm Ljustemperatur:\u00a04200K Ljus F\u00e4rg: \u00a0Vit\u00a0 Dimbar: Nej Energiklass: A till\u00a0A++ Ra: >Ra70 Sp\u00e4nning:\u00a0100-265V \/ 50-60Hz Material: Plastik Size: 82\u00d740 mm Cutting Size: \u00d868mm 2-v\u00e4gsbyte:\u00a0Allt P\u00c5\u00a0\u2013 Center P\u00c5 \u2013 Ring P\u00c5<\/p>","protected":false},"featured_media":21168,"comment_status":"open","ping_status":"closed","template":"","meta":{"content-type":"","_joinchat":[]},"product_brand":[],"product_cat":[89],"product_tag":[],"berocket_brand":[35],"class_list":{"0":"post-21167","1":"product","2":"type-product","3":"status-publish","4":"has-post-thumbnail","6":"product_cat-led-spotlight","7":"berocket_brand-horoz-elektrik","9":"first","10":"instock","11":"sale","12":"taxable","13":"shipping-taxable","14":"purchasable","15":"product-type-simple"},"_links":{"self":[{"href":"https:\/\/lamphallen.se\/en\/wp-json\/wp\/v2\/product\/21167","targetHints":{"allow":["GET"]}}],"collection":[{"href":"https:\/\/lamphallen.se\/en\/wp-json\/wp\/v2\/product"}],"about":[{"href":"https:\/\/lamphallen.se\/en\/wp-json\/wp\/v2\/types\/product"}],"replies":[{"embeddable":true,"href":"https:\/\/lamphallen.se\/en\/wp-json\/wp\/v2\/comments?post=21167"}],"wp:featuredmedia":[{"embeddable":true,"href":"https:\/\/lamphallen.se\/en\/wp-json\/wp\/v2\/media\/21168"}],"wp:attachment":[{"href":"https:\/\/lamphallen.se\/en\/wp-json\/wp\/v2\/media?parent=21167"}],"wp:term":[{"taxonomy":"product_brand","embeddable":true,"href":"https:\/\/lamphallen.se\/en\/wp-json\/wp\/v2\/product_brand?post=21167"},{"taxonomy":"product_cat","embeddable":true,"href":"https:\/\/lamphallen.se\/en\/wp-json\/wp\/v2\/product_cat?post=21167"},{"taxonomy":"product_tag","embeddable":true,"href":"https:\/\/lamphallen.se\/en\/wp-json\/wp\/v2\/product_tag?post=21167"},{"taxonomy":"berocket_brand","embeddable":true,"href":"https:\/\/lamphallen.se\/en\/wp-json\/wp\/v2\/berocket_brand?post=21167"}],"curies":[{"name":"wp","href":"https:\/\/api.w.org\/{rel}","templated":true}]}}