{"id":21313,"date":"2024-07-15T18:17:14","date_gmt":"2024-07-15T22:17:14","guid":{"rendered":"https:\/\/lamphallen.se\/sv_se\/product\/enkelfarg-led-list-vattentant-ip65-220v-3-rad-marshall\/"},"modified":"2026-04-03T16:15:17","modified_gmt":"2026-04-03T14:15:17","slug":"enkelfarg-led-list-vattentant-ip65-220v-3-rad-marshall","status":"publish","type":"product","link":"https:\/\/lamphallen.se\/en\/product\/enkelfarg-led-list-vattentant-ip65-220v-3-rad-marshall\/","title":{"rendered":"SINGLE COLOR 3 ROW LED STRIP &#8211; MARSHALL"},"content":{"rendered":"<ul>\n<li>11W\/meter &#8211; 240 LED \/ meter<\/li>\n<li>1130 Lumen \/ meter<\/li>\n<li>Waterproof IP65<\/li>\n<li>100 meter \/ roll<\/li>\n<li>Price is for 1 meter<\/li>\n<li>28&#215;35 smd led<\/li>\n<li>30.000 Hrs.<\/li>\n<li>120\u00b0<\/li>\n<li>Full PVC construction with IP65 rating and high UV resistance making it suitable for indoor and outdoor applications<\/li>\n<li>Driverless design with on-board constant current IC driver and rectifier for direct 220-240V AC power supply- no need for additional drivers<\/li>\n<li>Over-voltage, over-current and over temperature protection with on-board IC driver<\/li>\n<li>ATLANTIC AC strip passes Harmonics requirements for Class C for EMC Certification with strip lengths using greater than 25W<\/li>\n<li>Maximum run length of 100m with cut points every 20cm<\/li>\n<li>Simple and quick assembly and mounting using range of available accessories<\/li>\n<li>Available through the Cut to Length service offered by the Robus Conversions team<\/li>\n<li>Available in 3000K and 6400K<\/li>\n<\/ul>","protected":false},"excerpt":{"rendered":"<p>11W\/meter &#8211; 240 LED \/ meter 1130 Lumen \/ meter Vattent\u00e4t IP65 100 meter \/ rulle priset \u00e4r f\u00f6r 1 meter 28&#215;35 smd led 30.000 tim 120\u00b0 Full PVC-konstruktion med IP65-klassning och h\u00f6g UV-best\u00e4ndighet vilket g\u00f6r den l\u00e4mplig f\u00f6r inomhus- och utomhusapplikationer Drivrutinsl\u00f6s design med inbyggd konstantstr\u00f6m IC-drivrutin och likriktare f\u00f6r direkt 220-240V AC-str\u00f6mf\u00f6rs\u00f6rjning &#8211; inget behov av ytterligare drivrutiner [&hellip;]<\/p>\n","protected":false},"featured_media":21315,"comment_status":"open","ping_status":"closed","template":"","meta":{"content-type":"","_joinchat":[]},"product_brand":[],"product_cat":[68],"product_tag":[],"berocket_brand":[35],"class_list":{"0":"post-21313","1":"product","2":"type-product","3":"status-publish","4":"has-post-thumbnail","6":"product_cat-led-vattentat-lister","7":"berocket_brand-horoz-elektrik","9":"first","10":"instock","11":"sale","12":"taxable","13":"shipping-taxable","14":"purchasable","15":"product-type-variable","16":"has-default-attributes"},"_links":{"self":[{"href":"https:\/\/lamphallen.se\/en\/wp-json\/wp\/v2\/product\/21313","targetHints":{"allow":["GET"]}}],"collection":[{"href":"https:\/\/lamphallen.se\/en\/wp-json\/wp\/v2\/product"}],"about":[{"href":"https:\/\/lamphallen.se\/en\/wp-json\/wp\/v2\/types\/product"}],"replies":[{"embeddable":true,"href":"https:\/\/lamphallen.se\/en\/wp-json\/wp\/v2\/comments?post=21313"}],"wp:featuredmedia":[{"embeddable":true,"href":"https:\/\/lamphallen.se\/en\/wp-json\/wp\/v2\/media\/21315"}],"wp:attachment":[{"href":"https:\/\/lamphallen.se\/en\/wp-json\/wp\/v2\/media?parent=21313"}],"wp:term":[{"taxonomy":"product_brand","embeddable":true,"href":"https:\/\/lamphallen.se\/en\/wp-json\/wp\/v2\/product_brand?post=21313"},{"taxonomy":"product_cat","embeddable":true,"href":"https:\/\/lamphallen.se\/en\/wp-json\/wp\/v2\/product_cat?post=21313"},{"taxonomy":"product_tag","embeddable":true,"href":"https:\/\/lamphallen.se\/en\/wp-json\/wp\/v2\/product_tag?post=21313"},{"taxonomy":"berocket_brand","embeddable":true,"href":"https:\/\/lamphallen.se\/en\/wp-json\/wp\/v2\/berocket_brand?post=21313"}],"curies":[{"name":"wp","href":"https:\/\/api.w.org\/{rel}","templated":true}]}}