{"id":21345,"date":"2024-07-15T18:17:17","date_gmt":"2024-07-15T22:17:17","guid":{"rendered":"https:\/\/lamphallen.se\/sv_se\/product\/ledlist-5m-24v-10w-m-ip20-columbia-24\/"},"modified":"2026-03-06T23:47:37","modified_gmt":"2026-03-06T22:47:37","slug":"ledlist-5m-24v-10w-m-ip20-columbia-24","status":"publish","type":"product","link":"https:\/\/lamphallen.se\/en\/product\/ledlist-5m-24v-10w-m-ip20-columbia-24\/","title":{"rendered":"LED STRIP 5M 24V 10W\/M IP20 COLUMBIA-24"},"content":{"rendered":"<ul>\n<li>Voltage: DC<strong> 24V<\/strong><\/li>\n<li>Wattage:<strong>10W\/m<\/strong><\/li>\n<li>Current: 2A <strong>(5m Roll)<\/strong><\/li>\n<li>Luminous Flux: <strong>960 lm\/m<\/strong><\/li>\n<li>Color Temperature: <strong>4200K\u00a0\/\u00a06400K\u00a0\/ RED \/ GREEN \/ BLUE \/\u00a0AMBER<\/strong><\/li>\n<li>LED Type: 320 LEDs\/m, Single Chip <strong>COB LED<\/strong><\/li>\n<li>Average Life: <strong>30.000 <\/strong>Hrs<\/li>\n<li><strong>Can be cut each 5 cm<\/strong><\/li>\n<li><strong>Self adhesive backing<\/strong><\/li>\n<\/ul>\n<p><strong>FUNKTIONER:<\/strong><\/p>\n<ul>\n<li>Stable SMD technology for better reliability and longer lifespan<\/li>\n<li>Built with DC Female plug for easy installation<\/li>\n<li>Low Voltage flexible ribbon available in DC:24V<\/li>\n<li>5M Roll quantity<\/li>\n<li>Flexible installation: Cutting and reconnect the strip as you wish to suit your application<\/li>\n<li>Suitable for illuminating borders, edges, cabinets, bars and areas with limited space for installation<\/li>\n<\/ul>\n<p>Obs:\u00a0L\u00e4mplig och rekommenderad f\u00f6r maximal daglig anv\u00e4ndning p\u00e5 10-12 timmar, anv\u00e4ndning ut\u00f6ver detta skulle ogiltigf\u00f6rklara garantin<\/p>","protected":false},"excerpt":{"rendered":"<p>Ing\u00e5ngseffekt: DC 24V Wattage:10W\/m Current: 2A (5m Roll) Luminous Flux: 960 lm\/m Ljus Temperatur: 4200K\u00a0\/\u00a06400K\u00a0\/ RED \/ GREEN \/ BLUE \/\u00a0AMBER LED Typ: 320 LEDs\/m, Single Chip COB LED Livsl\u00e4ngd: 30.000 TIM KAN KLIPPAS VARJE 5 cm Self adhesive backing FUNKTIONER: Stabil SMD-teknik f\u00f6r b\u00e4ttre tillf\u00f6rlitlighet och l\u00e4ngre livsl\u00e4ngd Byggd med DC honkontakt f\u00f6r enkel installation L\u00e5gsp\u00e4nnings flexibelt band tillg\u00e4ngligt [&hellip;]<\/p>\n","protected":false},"featured_media":21352,"comment_status":"open","ping_status":"closed","template":"","meta":{"content-type":"","_joinchat":[]},"product_brand":[],"product_cat":[48],"product_tag":[],"berocket_brand":[35],"class_list":{"0":"post-21345","1":"product","2":"type-product","3":"status-publish","4":"has-post-thumbnail","6":"product_cat-led-lister","7":"berocket_brand-horoz-elektrik","9":"first","10":"instock","11":"sale","12":"taxable","13":"shipping-taxable","14":"purchasable","15":"product-type-variable","16":"has-default-attributes"},"_links":{"self":[{"href":"https:\/\/lamphallen.se\/en\/wp-json\/wp\/v2\/product\/21345","targetHints":{"allow":["GET"]}}],"collection":[{"href":"https:\/\/lamphallen.se\/en\/wp-json\/wp\/v2\/product"}],"about":[{"href":"https:\/\/lamphallen.se\/en\/wp-json\/wp\/v2\/types\/product"}],"replies":[{"embeddable":true,"href":"https:\/\/lamphallen.se\/en\/wp-json\/wp\/v2\/comments?post=21345"}],"wp:featuredmedia":[{"embeddable":true,"href":"https:\/\/lamphallen.se\/en\/wp-json\/wp\/v2\/media\/21352"}],"wp:attachment":[{"href":"https:\/\/lamphallen.se\/en\/wp-json\/wp\/v2\/media?parent=21345"}],"wp:term":[{"taxonomy":"product_brand","embeddable":true,"href":"https:\/\/lamphallen.se\/en\/wp-json\/wp\/v2\/product_brand?post=21345"},{"taxonomy":"product_cat","embeddable":true,"href":"https:\/\/lamphallen.se\/en\/wp-json\/wp\/v2\/product_cat?post=21345"},{"taxonomy":"product_tag","embeddable":true,"href":"https:\/\/lamphallen.se\/en\/wp-json\/wp\/v2\/product_tag?post=21345"},{"taxonomy":"berocket_brand","embeddable":true,"href":"https:\/\/lamphallen.se\/en\/wp-json\/wp\/v2\/berocket_brand?post=21345"}],"curies":[{"name":"wp","href":"https:\/\/api.w.org\/{rel}","templated":true}]}}