{"id":21372,"date":"2024-07-15T18:17:18","date_gmt":"2024-07-15T22:17:18","guid":{"rendered":"https:\/\/lamphallen.se\/sv_se\/product\/led-driver-12-5a-300w-ip20-vega-300-24\/"},"modified":"2025-11-10T09:15:54","modified_gmt":"2025-11-10T08:15:54","slug":"led-driver-12-5a-300w-ip20-vega-300-24","status":"publish","type":"product","link":"https:\/\/lamphallen.se\/en\/product\/led-driver-12-5a-300w-ip20-vega-300-24\/","title":{"rendered":"LED DRIVER 12.5A 300W IP20 VEGA-300\/24"},"content":{"rendered":"<p><strong>Features:<\/strong><\/p>\n<ul>\n<li>300W 12.5A Slim LED Transformator<\/li>\n<li>100% load test<\/li>\n<li>Full range of input voltage<\/li>\n<li>Output voltage accurate and stable<\/li>\n<li>Output over - voltage, over - current and short - circuit protection<\/li>\n<li>Output low ripple and noise<\/li>\n<\/ul>\n<p><strong>Product features<\/strong><\/p>\n<p>Output Power: 300W<br \/>\nOutput Current: 12.5A<br \/>\nOutput Voltage: 24V DC<br \/>\nInput Voltage: AC 176-264V 50Hz<br \/>\nMaterials: Aluminium<br \/>\nDetails: Slim Case<br \/>\nProtection Class: IP20<br \/>\nWarranty: 2 Years<\/p>\n<p><strong>Applications:<\/strong><\/p>\n<ul>\n<li>Indoor Lighting<\/li>\n<li>For COLUMBIA-24 LED Strip 28m, For CANTON-24\/SWAN-24 LED Strip 16m<\/li>\n<\/ul>","protected":false},"excerpt":{"rendered":"<p>Funktioner: 300W 12.5A Slim LED Transformator 100% belastningstest. Fullt utbud av ing\u00e5ngssp\u00e4nning Utg\u00e5ngssp\u00e4nning korrekt och stabil Utg\u00e5ng \u00f6versp\u00e4nning, \u00f6verstr\u00f6m och kortslutningsskydd Utmatning l\u00e5g rippel och brus Produkt funktioner: Utg\u00e5ngseffekt: 300W Utg\u00e5ngsstr\u00f6m: 12.5A Utg\u00e5ngssp\u00e4nning: 24V DC Ing\u00e5ngssp\u00e4nning: AC 176-264V 50Hz Material: Aluminium Detaljer: Slim Case Skyddsklass: IP20 Garanti: 2 \u00c5rs Anv\u00e4ndningsomr\u00e5den: Inomhusbelysning F\u00f6r COLUMBIA-24 LED LIST 28m, F\u00f6r CANTON-24\/SWAN-24 LED LIST [&hellip;]<\/p>\n","protected":false},"featured_media":21373,"comment_status":"open","ping_status":"closed","template":"","meta":{"content-type":"","_joinchat":[]},"product_brand":[],"product_cat":[81],"product_tag":[],"berocket_brand":[35],"class_list":{"0":"post-21372","1":"product","2":"type-product","3":"status-publish","4":"has-post-thumbnail","6":"product_cat-tillbehor","7":"berocket_brand-horoz-elektrik","9":"first","10":"instock","11":"sale","12":"taxable","13":"shipping-taxable","14":"purchasable","15":"product-type-simple"},"_links":{"self":[{"href":"https:\/\/lamphallen.se\/en\/wp-json\/wp\/v2\/product\/21372","targetHints":{"allow":["GET"]}}],"collection":[{"href":"https:\/\/lamphallen.se\/en\/wp-json\/wp\/v2\/product"}],"about":[{"href":"https:\/\/lamphallen.se\/en\/wp-json\/wp\/v2\/types\/product"}],"replies":[{"embeddable":true,"href":"https:\/\/lamphallen.se\/en\/wp-json\/wp\/v2\/comments?post=21372"}],"wp:featuredmedia":[{"embeddable":true,"href":"https:\/\/lamphallen.se\/en\/wp-json\/wp\/v2\/media\/21373"}],"wp:attachment":[{"href":"https:\/\/lamphallen.se\/en\/wp-json\/wp\/v2\/media?parent=21372"}],"wp:term":[{"taxonomy":"product_brand","embeddable":true,"href":"https:\/\/lamphallen.se\/en\/wp-json\/wp\/v2\/product_brand?post=21372"},{"taxonomy":"product_cat","embeddable":true,"href":"https:\/\/lamphallen.se\/en\/wp-json\/wp\/v2\/product_cat?post=21372"},{"taxonomy":"product_tag","embeddable":true,"href":"https:\/\/lamphallen.se\/en\/wp-json\/wp\/v2\/product_tag?post=21372"},{"taxonomy":"berocket_brand","embeddable":true,"href":"https:\/\/lamphallen.se\/en\/wp-json\/wp\/v2\/berocket_brand?post=21372"}],"curies":[{"name":"wp","href":"https:\/\/api.w.org\/{rel}","templated":true}]}}