{"id":21441,"date":"2024-07-15T18:17:24","date_gmt":"2024-07-15T22:17:24","guid":{"rendered":"https:\/\/lamphallen.se\/sv_se\/product\/10w-led-vagglampa-vattentat-utomhus-lampa-4200k-ip44-salda-10\/"},"modified":"2025-09-05T16:49:34","modified_gmt":"2025-09-05T14:49:34","slug":"10w-led-vagglampa-vattentat-utomhus-lampa-4200k-ip44-salda-10","status":"publish","type":"product","link":"https:\/\/lamphallen.se\/en\/product\/10w-led-vagglampa-vattentat-utomhus-lampa-4200k-ip44-salda-10\/","title":{"rendered":"10W LED OUTDOOR WALL LIGHT 4200K WATERPROOF IP44 SALDA-10"},"content":{"rendered":"<p><strong>DECOR\u00a0LED V\u00c4GGLAMPA 10W TR\u00c4DG\u00c5RDSLAMPA 4200K SVART VATTENT\u00c4T IP44<\/strong><\/p>\n<p>Voltage (V): 85-240V <strong>85-240V<\/strong><br \/>\nProduct Wattage (W): 10W <strong>10W<\/strong><br \/>\nEquivalence with incandescent lamp(W): 80W<br \/>\nColour Render Index (Ra): &gt;Ra80<br \/>\nColour Temperature (K): <strong>4200K<\/strong><br \/>\nMaterials: Iron + Aluminum<br \/>\nProtection Class: I<br \/>\nDimmable: No<br \/>\nWarm-up time up to 60 %of the full light output: Instant Full Light<br \/>\nLuminous Flux (lm): <strong>372LM<\/strong><br \/>\nLuminous Efficacy (lm\/W): 37.2<br \/>\nRated Life (hrs): 30.000<br \/>\nIP-betyg: 44<br \/>\nPower Factor: &gt;0.6<br \/>\nBeam Angle: 60\u00b0<br \/>\nStarting Time: &lt;0.2s<br \/>\nNumber of ON-OFF cycling: x15.000<\/p>\n<p>Applications:<\/p>\n<ul>\n<li><strong>Styled bedroom, hallway, living room or dining area.<\/strong><\/li>\n<\/ul>\n<p>Features:<\/p>\n<ul>\n<li class=\"translation-block\">High Lumen and CRI, Good quality &amp; Constant Current driver.<\/li>\n<li class=\"translation-block\">High heat dissipation, low carbon and environmental protection.<\/li>\n<li>SMD LED<\/li>\n<li><strong>Very low energy consuption.<\/strong>.<\/li>\n<\/ul>\n<p><strong><a href=\"http:\/\/lamphallen.se\/en\/images\/salda-10 datasheet 029-010-0010..pdf\/\">Tekniskt dokument<\/a><\/strong><\/p>\n<p><strong>Expected to ship within 5 working days if it's not in stock.<\/strong><\/p>\n<p>&nbsp;<\/p>","protected":false},"excerpt":{"rendered":"<p>DECOR\u00a0LED V\u00c4GGLAMPA 10W TR\u00c4DG\u00c5RDSLAMPA 4200K SVART VATTENT\u00c4T IP44 Sp\u00e4nning (V): 85-240V Produkteffekt (W): 10W Motsvarighet med gl\u00f6dlampa(W): 80W F\u00e4rg\u00e5tergivningsindex (Ra): &gt;Ra80 F\u00e4rgtemperatur (K): 4200K Material: J\u00e4rn + Aluminium Skyddsklass: I Dimbar: Nej Uppv\u00e4rmningstid upp till 60 % av den fulla ljuseffekten: Omedelbart fullt ljus Ljusfl\u00f6de (lm): 372LM Ljuseffekt (lm\/W): 37.2 Bed\u00f6md livsl\u00e4ngd (timmar): 30.000 Tim IP-betyg: 44 Effektfaktor: &gt;0,6 Str\u00e5lvinkel: [&hellip;]<\/p>\n","protected":false},"featured_media":21442,"comment_status":"open","ping_status":"closed","template":"","meta":{"content-type":"","_joinchat":[]},"product_brand":[],"product_cat":[54],"product_tag":[],"berocket_brand":[35],"class_list":{"0":"post-21441","1":"product","2":"type-product","3":"status-publish","4":"has-post-thumbnail","6":"product_cat-vagglampor","7":"berocket_brand-horoz-elektrik","9":"first","10":"instock","11":"sale","12":"taxable","13":"shipping-taxable","14":"purchasable","15":"product-type-simple"},"_links":{"self":[{"href":"https:\/\/lamphallen.se\/en\/wp-json\/wp\/v2\/product\/21441","targetHints":{"allow":["GET"]}}],"collection":[{"href":"https:\/\/lamphallen.se\/en\/wp-json\/wp\/v2\/product"}],"about":[{"href":"https:\/\/lamphallen.se\/en\/wp-json\/wp\/v2\/types\/product"}],"replies":[{"embeddable":true,"href":"https:\/\/lamphallen.se\/en\/wp-json\/wp\/v2\/comments?post=21441"}],"wp:featuredmedia":[{"embeddable":true,"href":"https:\/\/lamphallen.se\/en\/wp-json\/wp\/v2\/media\/21442"}],"wp:attachment":[{"href":"https:\/\/lamphallen.se\/en\/wp-json\/wp\/v2\/media?parent=21441"}],"wp:term":[{"taxonomy":"product_brand","embeddable":true,"href":"https:\/\/lamphallen.se\/en\/wp-json\/wp\/v2\/product_brand?post=21441"},{"taxonomy":"product_cat","embeddable":true,"href":"https:\/\/lamphallen.se\/en\/wp-json\/wp\/v2\/product_cat?post=21441"},{"taxonomy":"product_tag","embeddable":true,"href":"https:\/\/lamphallen.se\/en\/wp-json\/wp\/v2\/product_tag?post=21441"},{"taxonomy":"berocket_brand","embeddable":true,"href":"https:\/\/lamphallen.se\/en\/wp-json\/wp\/v2\/berocket_brand?post=21441"}],"curies":[{"name":"wp","href":"https:\/\/api.w.org\/{rel}","templated":true}]}}