{"id":21486,"date":"2024-07-15T18:17:27","date_gmt":"2024-07-15T22:17:27","guid":{"rendered":"https:\/\/lamphallen.se\/sv_se\/product\/rgb-led-strip-kit-5-meter-horoz-electr-ip20-victory-5\/"},"modified":"2025-08-13T14:55:24","modified_gmt":"2025-08-13T12:55:24","slug":"rgb-led-strip-kit-5-meter-horoz-electr-ip20-victory-5","status":"publish","type":"product","link":"https:\/\/lamphallen.se\/en\/product\/rgb-led-strip-kit-5-meter-horoz-electr-ip20-victory-5\/","title":{"rendered":"RGB LED STRIP KIT 5 METER HOROZ ELECTR IP20 VICTORY-5"},"content":{"rendered":"<p>Brand: HOROZ ELECTRIC<br \/>\nSet Contains: Adapter, remote control, RGB controller<br \/>\nPower: 10W<br \/>\nLuminous flux: 800 Lm<br \/>\nGlow color: Multicolor (RGB)<br \/>\nLighting angle: 120 degrees<br \/>\nControl type: Remote control<br \/>\nType of LED: SMD 5050<br \/>\nTerm of service: 25.000 hours<br \/>\nRemote control:  With remote control<br \/>\nPurpose of the LED strip and duralight: For premises (interior)<br \/>\nAntal lysdioder:\u00a060st \/ meter<br \/>\nWidth: 2 mm<br \/>\nDegree of protection: IP20<br \/>\nSp\u00e4nning:\u00a0220V \/ 12V-24V<br \/>\nLength: 5 meter<br \/>\nGuarantee: 24 months<\/p>","protected":false},"excerpt":{"rendered":"<p>M\u00e4rke: HOROZ ELECTRIC Komplett set: Adapter, fj\u00e4rrkontroll, RGB-kontroll Effekt: 10W \/ meter Ljusstyrka: 800 Lumen \/ meter F\u00e4rg: Flerf\u00e4rgad (RGB) Ljusvinkel: 120 grader Kontrolltyp: Fj\u00e4rrkontroll Typ av LED: SMD 5050 Tj\u00e4nstg\u00f6ringstid: 25.000 timmar Fj\u00e4rrkontroll: Med fj\u00e4rrkontroll Syfte med LED-remsan och duralight: F\u00f6r lokaler (interi\u00f6r) Antal lysdioder:\u00a060st \/ meter Bredd: 2 mm Kapslingsgrad: IP20 Sp\u00e4nning:\u00a0220V \/ 12V-24V l\u00e4ngd: 5 meter Garanti: [&hellip;]<\/p>\n","protected":false},"featured_media":21487,"comment_status":"open","ping_status":"closed","template":"","meta":{"content-type":"","_joinchat":[]},"product_brand":[],"product_cat":[48],"product_tag":[],"berocket_brand":[35],"class_list":{"0":"post-21486","1":"product","2":"type-product","3":"status-publish","4":"has-post-thumbnail","6":"product_cat-led-lister","7":"berocket_brand-horoz-elektrik","9":"first","10":"instock","11":"sale","12":"taxable","13":"shipping-taxable","14":"purchasable","15":"product-type-simple"},"_links":{"self":[{"href":"https:\/\/lamphallen.se\/en\/wp-json\/wp\/v2\/product\/21486","targetHints":{"allow":["GET"]}}],"collection":[{"href":"https:\/\/lamphallen.se\/en\/wp-json\/wp\/v2\/product"}],"about":[{"href":"https:\/\/lamphallen.se\/en\/wp-json\/wp\/v2\/types\/product"}],"replies":[{"embeddable":true,"href":"https:\/\/lamphallen.se\/en\/wp-json\/wp\/v2\/comments?post=21486"}],"wp:featuredmedia":[{"embeddable":true,"href":"https:\/\/lamphallen.se\/en\/wp-json\/wp\/v2\/media\/21487"}],"wp:attachment":[{"href":"https:\/\/lamphallen.se\/en\/wp-json\/wp\/v2\/media?parent=21486"}],"wp:term":[{"taxonomy":"product_brand","embeddable":true,"href":"https:\/\/lamphallen.se\/en\/wp-json\/wp\/v2\/product_brand?post=21486"},{"taxonomy":"product_cat","embeddable":true,"href":"https:\/\/lamphallen.se\/en\/wp-json\/wp\/v2\/product_cat?post=21486"},{"taxonomy":"product_tag","embeddable":true,"href":"https:\/\/lamphallen.se\/en\/wp-json\/wp\/v2\/product_tag?post=21486"},{"taxonomy":"berocket_brand","embeddable":true,"href":"https:\/\/lamphallen.se\/en\/wp-json\/wp\/v2\/berocket_brand?post=21486"}],"curies":[{"name":"wp","href":"https:\/\/api.w.org\/{rel}","templated":true}]}}