{"id":224807,"date":"2025-11-17T10:36:11","date_gmt":"2025-11-17T09:36:11","guid":{"rendered":"https:\/\/lamphallen.se\/?post_type=product&#038;p=224807"},"modified":"2025-11-18T14:20:10","modified_gmt":"2025-11-18T13:20:10","slug":"5w-led-vagglampa-vattentat-utomhus-lampa-4200k-ip44-bolero-5","status":"publish","type":"product","link":"https:\/\/lamphallen.se\/en\/product\/5w-led-vagglampa-vattentat-utomhus-lampa-4200k-ip44-bolero-5\/","title":{"rendered":"5W LED V\u00c4GGLAMPA VATTENT\u00c4T UTOMHUS LAMPA 4200K IP44 BOLERO-5"},"content":{"rendered":"<p><strong>DECOR LED V\u00c4GGLAMPA 5W TR\u00c4DG\u00c5RDSLAMPA 4200K SVART VATTENT\u00c4T IP54<\/strong><\/p>\n<p>Voltage (V): 85-240V <strong>85-265V<\/strong><br \/>\nProduct Wattage (W): 10W <strong>5W<\/strong><br \/>\nMotsvarighet med gl\u00f6dlampa(W): 40W<br \/>\nF\u00e4rg\u00e5tergivningsindex (Ra): &gt;Ra70<br \/>\nColour Temperature (K): <strong>4200K<\/strong><br \/>\nMaterial: PC + Aluminium<br \/>\nProtection Class: IP54<br \/>\nDimmable: No<br \/>\nWarm-up time up to 60 %of the full light output: Instant Full Light<br \/>\nLuminous Flux (lm): <strong>350LM<\/strong><br \/>\nLjuseffekt (lm\/W): 70<br \/>\nRated Life (hrs): 30.000<br \/>\nIP-betyg: 54<br \/>\nPower Factor: &gt;0.6<br \/>\nBeam Angle: 120\u00b0<br \/>\nStarting Time: &lt;0.2s<br \/>\nNumber of ON-OFF cycling: x15.000<\/p>\n<p>Applications:<\/p>\n<ul>\n<li><strong>Styled bedroom, hallway, living room or dining area.<\/strong><\/li>\n<\/ul>\n<p>Features:<\/p>\n<ul>\n<li class=\"translation-block\">High Lumen and CRI, Good quality &amp; Constant Current driver.<\/li>\n<li class=\"translation-block\">High heat dissipation, low carbon and environmental protection.<\/li>\n<li>SMD LED<\/li>\n<li><strong>Very low energy consuption.<\/strong>.<\/li>\n<\/ul>\n<p><a href=\"https:\/\/api.horozelektrik.com\/uploads\/files\/BOLERO%205W.pdf\"><strong>Tekniskt dokument<\/strong><\/a><\/p>\n<p><strong>Expected to ship within 5 working days if it's not in stock.<\/strong><\/p>\n<p>&nbsp;<\/p>","protected":false},"excerpt":{"rendered":"<p>DECOR LED V\u00c4GGLAMPA 5W TR\u00c4DG\u00c5RDSLAMPA 4200K SVART VATTENT\u00c4T IP54 Sp\u00e4nning (V): 85-265V Produkteffekt (W): 5W Motsvarighet med gl\u00f6dlampa(W): 40W F\u00e4rg\u00e5tergivningsindex (Ra): &gt;Ra70 F\u00e4rgtemperatur (K): 4200K Material: PC + Aluminium Skyddsklass: IP54 Dimbar: Nej Uppv\u00e4rmningstid upp till 60 % av den fulla ljuseffekten: Omedelbart fullt ljus Ljusfl\u00f6de (lm): 350LM Ljuseffekt (lm\/W): 70 Bed\u00f6md livsl\u00e4ngd (timmar): 30.000 Tim IP-betyg: 54 Effektfaktor: &gt;0,6 [&hellip;]<\/p>\n","protected":false},"featured_media":224828,"comment_status":"open","ping_status":"closed","template":"","meta":{"content-type":"","_joinchat":[]},"product_brand":[],"product_cat":[71,54],"product_tag":[],"berocket_brand":[35],"class_list":{"0":"post-224807","1":"product","2":"type-product","3":"status-publish","4":"has-post-thumbnail","6":"product_cat-tradgardslampor","7":"product_cat-vagglampor","8":"berocket_brand-horoz-elektrik","10":"first","11":"instock","12":"sale","13":"taxable","14":"shipping-taxable","15":"purchasable","16":"product-type-simple"},"_links":{"self":[{"href":"https:\/\/lamphallen.se\/en\/wp-json\/wp\/v2\/product\/224807","targetHints":{"allow":["GET"]}}],"collection":[{"href":"https:\/\/lamphallen.se\/en\/wp-json\/wp\/v2\/product"}],"about":[{"href":"https:\/\/lamphallen.se\/en\/wp-json\/wp\/v2\/types\/product"}],"replies":[{"embeddable":true,"href":"https:\/\/lamphallen.se\/en\/wp-json\/wp\/v2\/comments?post=224807"}],"wp:featuredmedia":[{"embeddable":true,"href":"https:\/\/lamphallen.se\/en\/wp-json\/wp\/v2\/media\/224828"}],"wp:attachment":[{"href":"https:\/\/lamphallen.se\/en\/wp-json\/wp\/v2\/media?parent=224807"}],"wp:term":[{"taxonomy":"product_brand","embeddable":true,"href":"https:\/\/lamphallen.se\/en\/wp-json\/wp\/v2\/product_brand?post=224807"},{"taxonomy":"product_cat","embeddable":true,"href":"https:\/\/lamphallen.se\/en\/wp-json\/wp\/v2\/product_cat?post=224807"},{"taxonomy":"product_tag","embeddable":true,"href":"https:\/\/lamphallen.se\/en\/wp-json\/wp\/v2\/product_tag?post=224807"},{"taxonomy":"berocket_brand","embeddable":true,"href":"https:\/\/lamphallen.se\/en\/wp-json\/wp\/v2\/berocket_brand?post=224807"}],"curies":[{"name":"wp","href":"https:\/\/api.w.org\/{rel}","templated":true}]}}