{"id":24237,"date":"2024-11-06T23:15:36","date_gmt":"2024-11-06T22:15:36","guid":{"rendered":"https:\/\/lamphallen.se\/?post_type=product&#038;p=24237"},"modified":"2025-10-27T15:39:42","modified_gmt":"2025-10-27T14:39:42","slug":"led-nattlampa-1w-enkel-farg-bunny","status":"publish","type":"product","link":"https:\/\/lamphallen.se\/en\/product\/led-nattlampa-1w-enkel-farg-bunny\/","title":{"rendered":"LED NATTLAMPA 1W ENKEL F\u00c4RG &#8211; BUNNY"},"content":{"rendered":"<p>LED Typ: 6st LED<br \/>\nAverage Life: 20.000 Hrs.<br \/>\nPower: 1W<br \/>\nLumen: 30 lm<br \/>\nF\u00e4rg: R\u00f6d &#8211; Gr\u00f6n &#8211; Bl\u00e5 &#8211; Vit<br \/>\nDimmable: No<br \/>\nEnergy Class: A+<br \/>\nVoltage: 220-240V<\/p>\n<p><strong>Technical Documents:<\/strong><\/p>\n<p><a href=\"https:\/\/www.horozelektrik.com\/Data\/Document\/Product\/3421\/085-005-0001.pdf\">BUNNY 2CCT DATASHEET<\/a><\/p>","protected":false},"excerpt":{"rendered":"<p>LED Typ: 6st LED medellivsl\u00e4ngd: 20.000 tim. Effekt: 1W Lumen: 30 lm F\u00e4rg: R\u00f6d &#8211; Gr\u00f6n &#8211; Bl\u00e5 &#8211; Vit Dimbar: Nej Energiklass: A+ Sp\u00e4nning: 220-240V Tekniska Dokument: BUNNY 2CCT DATASHEET<\/p>","protected":false},"featured_media":24244,"comment_status":"closed","ping_status":"closed","template":"","meta":{"content-type":"","_joinchat":[]},"product_brand":[],"product_cat":[62],"product_tag":[111,112,107,108,109,110],"berocket_brand":[35],"class_list":{"0":"post-24237","1":"product","2":"type-product","3":"status-publish","4":"has-post-thumbnail","6":"product_cat-nattlampor","7":"product_tag-led-nattlampa-gron","8":"product_tag-panda-nattlampa","9":"product_tag-pinky-nattlampa-1w","10":"product_tag-nattlampa-pink","11":"product_tag-noght-lamp-led-1w-red","12":"product_tag-blue-night-lamp-led","13":"berocket_brand-horoz-elektrik","15":"first","16":"onbackorder","17":"sale","18":"taxable","19":"shipping-taxable","20":"purchasable","21":"product-type-variable","22":"has-default-attributes"},"_links":{"self":[{"href":"https:\/\/lamphallen.se\/en\/wp-json\/wp\/v2\/product\/24237","targetHints":{"allow":["GET"]}}],"collection":[{"href":"https:\/\/lamphallen.se\/en\/wp-json\/wp\/v2\/product"}],"about":[{"href":"https:\/\/lamphallen.se\/en\/wp-json\/wp\/v2\/types\/product"}],"replies":[{"embeddable":true,"href":"https:\/\/lamphallen.se\/en\/wp-json\/wp\/v2\/comments?post=24237"}],"wp:featuredmedia":[{"embeddable":true,"href":"https:\/\/lamphallen.se\/en\/wp-json\/wp\/v2\/media\/24244"}],"wp:attachment":[{"href":"https:\/\/lamphallen.se\/en\/wp-json\/wp\/v2\/media?parent=24237"}],"wp:term":[{"taxonomy":"product_brand","embeddable":true,"href":"https:\/\/lamphallen.se\/en\/wp-json\/wp\/v2\/product_brand?post=24237"},{"taxonomy":"product_cat","embeddable":true,"href":"https:\/\/lamphallen.se\/en\/wp-json\/wp\/v2\/product_cat?post=24237"},{"taxonomy":"product_tag","embeddable":true,"href":"https:\/\/lamphallen.se\/en\/wp-json\/wp\/v2\/product_tag?post=24237"},{"taxonomy":"berocket_brand","embeddable":true,"href":"https:\/\/lamphallen.se\/en\/wp-json\/wp\/v2\/berocket_brand?post=24237"}],"curies":[{"name":"wp","href":"https:\/\/api.w.org\/{rel}","templated":true}]}}