{"id":391613,"date":"2026-03-31T18:27:24","date_gmt":"2026-03-31T16:27:24","guid":{"rendered":"https:\/\/lamphallen.se\/?post_type=product&#038;p=391613"},"modified":"2026-04-06T14:00:48","modified_gmt":"2026-04-06T12:00:48","slug":"dimbar-spotlight-led-5w-400lm-fargandring-zelda-3cct","status":"publish","type":"product","link":"https:\/\/lamphallen.se\/en\/product\/dimbar-spotlight-led-5w-400lm-fargandring-zelda-3cct\/","title":{"rendered":"DIMBAR LED SPOTLIGHT 5W 400LM F\u00c4RG\u00c4NDRING &#8211; ZELDA PRO 3CCT"},"content":{"rendered":"<p>LED Type: COB LED<\/p>\n<p>Produckt Code: 016-091-0005<br \/>\nMedellivsl\u00e4ngd: 20.000 Tim.<br \/>\nPower: 5W<br \/>\nEquivalent: 40W<br \/>\nLuminous Flux: 400 lm<\/p>\n<p>skyddsklass: IP20<\/p>\n<p>Socket: Insulated Socket<br \/>\nLight Temperature: 3 cct: 6500k-4000k-3000k<br \/>\nF\u00e4rg: Kallvit \u2013 Vit \u2013 Varmvit<br \/>\n<strong>Dimmable <span style=\"color: #ff0000;\">Yes<\/span><\/strong><br \/>\nEnergiklass: F<br \/>\nRa: >Ra80<\/p>\n<p>DF: 0.55<br \/>\nVoltage: 100-265V<br \/>\nMaterial: Iron<br \/>\nStr\u00e5levinkel: 60\u00b0<\/p>\n<p>Storlek: 26x\u00d850 mm<\/p>\n<p><a href=\"https:\/\/api.horozelektrik.com\/uploads\/files\/016-091-0005.pdf\">Datasheet<\/a><\/p>\n<p><strong>F\u00f6rv\u00e4ntas att skickas om 7 arbetsdagar om \u00e4r inte tillg\u00e4nglig i lager<\/strong><\/p>","protected":false},"excerpt":{"rendered":"<p>LED Typ: COB LED Produckt Code: 016-091-0005 Medellivsl\u00e4ngd: 20.000 Tim. Effekt: 5W Motsvarar: 40W Lumen: 400 lm skyddsklass: IP20 Sockel: Isolerad Sockel Ljustemperatur: 3 cct : 6500k-4000k-3000k F\u00e4rg: Kallvit \u2013 Vit \u2013 Varmvit Dimbar: Ja Energiklass: F Ra: >Ra80 DF: 0.55 Sp\u00e4nning: 100-265V Material: J\u00e4rn Str\u00e5levinkel: 60\u00b0 Storlek: 26x\u00d850 mm Datasheet F\u00f6rv\u00e4ntas att skickas om 7 arbetsdagar om \u00e4r inte [&hellip;]<\/p>\n","protected":false},"featured_media":391628,"comment_status":"open","ping_status":"closed","template":"","meta":{"content-type":"","_joinchat":[]},"product_brand":[],"product_cat":[89],"product_tag":[],"berocket_brand":[35],"class_list":{"0":"post-391613","1":"product","2":"type-product","3":"status-publish","4":"has-post-thumbnail","6":"product_cat-led-spotlight","7":"berocket_brand-horoz-elektrik","9":"first","10":"instock","11":"sale","12":"taxable","13":"shipping-taxable","14":"purchasable","15":"product-type-variable","16":"has-default-attributes"},"_links":{"self":[{"href":"https:\/\/lamphallen.se\/en\/wp-json\/wp\/v2\/product\/391613","targetHints":{"allow":["GET"]}}],"collection":[{"href":"https:\/\/lamphallen.se\/en\/wp-json\/wp\/v2\/product"}],"about":[{"href":"https:\/\/lamphallen.se\/en\/wp-json\/wp\/v2\/types\/product"}],"replies":[{"embeddable":true,"href":"https:\/\/lamphallen.se\/en\/wp-json\/wp\/v2\/comments?post=391613"}],"wp:featuredmedia":[{"embeddable":true,"href":"https:\/\/lamphallen.se\/en\/wp-json\/wp\/v2\/media\/391628"}],"wp:attachment":[{"href":"https:\/\/lamphallen.se\/en\/wp-json\/wp\/v2\/media?parent=391613"}],"wp:term":[{"taxonomy":"product_brand","embeddable":true,"href":"https:\/\/lamphallen.se\/en\/wp-json\/wp\/v2\/product_brand?post=391613"},{"taxonomy":"product_cat","embeddable":true,"href":"https:\/\/lamphallen.se\/en\/wp-json\/wp\/v2\/product_cat?post=391613"},{"taxonomy":"product_tag","embeddable":true,"href":"https:\/\/lamphallen.se\/en\/wp-json\/wp\/v2\/product_tag?post=391613"},{"taxonomy":"berocket_brand","embeddable":true,"href":"https:\/\/lamphallen.se\/en\/wp-json\/wp\/v2\/berocket_brand?post=391613"}],"curies":[{"name":"wp","href":"https:\/\/api.w.org\/{rel}","templated":true}]}}